{"id":909,"date":"2018-06-25T20:47:14","date_gmt":"2018-06-25T18:47:14","guid":{"rendered":"https:\/\/campolameiro.org\/rutas-de-sendeirismo\/"},"modified":"2018-06-25T20:48:47","modified_gmt":"2018-06-25T18:48:47","slug":"rutas-de-sendeirismo","status":"publish","type":"page","link":"https:\/\/campolameiro.org\/es\/rutas-de-sendeirismo\/","title":{"rendered":"Rutas de sendeirismo"},"content":{"rendered":"<div class=\"wpb-content-wrapper\"><p>[vc_row][vc_column][vc_column_text]\n<p class=\"textonegro\" align=\"left\"><span class=\"textonegro\">Mapas<br \/>\n<a href=\"https:\/\/campolameiro.org\/wp-content\/uploads\/2018\/06\/roteiro_riomaneses-centro-interpre.pdf\" target=\"_blank\" rel=\"noopener\"><b>\u00a0&#8211; Roteiro R\u00edo Maneses\u00a0\u00a0 &#8211; Roteiro do Centro de Interpretaci\u00f3n.(673 Kb)<\/b><\/a><\/span><\/p>\n<p class=\"textonegro\" align=\"left\">Campo lameiro \u00e9 unha excelente alternativa para todos aqueles que buscan algo m\u00e1is que sol e praia no disfrute do seu tempo libre.<\/p>\n<p class=\"textonegro\" align=\"left\"><b>Ruta do rio Maneses.<\/b><\/p>\n<p class=\"textonegro\" align=\"left\"><b>Descrici\u00f3n:<\/b><\/p>\n<p class=\"textonegro\" align=\"left\">O percorrido, de aproximadamente 2,8 Km., comeza na \u00e1rea de descanso do r\u00edo e discorre e todo momento pola s\u00faa beira, para rematar o comezo da ruta do Centro de Interpretaci\u00f3n (posibilidade de unir as d\u00faas rutas).<\/p>\n<p class=\"textonegro\" align=\"left\">Atoparase con numerosas zona encharcadas e lugares de paso polo r\u00edo.<\/p>\n<p class=\"textonegro\" align=\"left\">A dificultade da ruta \u00e9 media-baixa, estando claramente sinalizadas con paneis indicadores e marcas de cor azul-branco (pintadas en pedras, muros e no chan).<\/p>\n<p class=\"textonegro\" align=\"left\">O percorrido \u00e9 de car\u00e1cter lineal. Polo que haber\u00e1 que ter en conta a viaxe de volta.<\/p>\n<p class=\"textonegro\" align=\"left\">Recom\u00e9ndase realizar este itinerario soamente en primaveira-ver\u00e1n e levar roupa axeitada para a auga. Acons\u00e9llase facelo andando.<\/p>\n<p class=\"textonegro\" align=\"left\">Inter\u00e9s da v\u00eda: Paisax\u00edstico.<\/p>\n<p class=\"textonegro\" align=\"left\"><b>Informaci\u00f3n relevante:<\/b><\/p>\n<p class=\"textonegro\" align=\"left\">Campo Lameiro \u00e9 unha excelente alternativa para todos aqueles que buscan algo m\u00e1is que sol e praia no disfrute do seu tempo libre&#8230;<\/p>\n<p class=\"textonegro\" align=\"left\">Este concello pontevedr\u00e9s alberga multitude de rinc\u00f3ns para perderse e viaxar \u00f3 pasado contemplando os grabados rupestres e os castros; as\u00ed como un amplio abanico de actividades e opci\u00f3ns para disfrutar duns d\u00edas apacibles, cheos de bos momentos que os far\u00e1n inolvidables.<\/p>\n<p class=\"textonegro\" align=\"left\">Aparte da Impresionante colecci\u00f3n de Grabados Rupestres, \u00e1 que lle reservamos un apartado especial, Campo Lameiro conta con multitude de igrexas e hermidas no seu rico patrimonio hist\u00f3rico.<\/p>\n<p class=\"textonegro\" align=\"left\">Como mostra rom\u00e1nica destacamos as igrexas de San Miguel del Campo e Santa Mari\u00f1a de Fragas.<\/p>\n<p class=\"textonegro\" align=\"left\"><b>Perfil:<\/b><\/p>\n<p>[\/vc_column_text][vc_single_image image=\u00bb906&#8243; img_size=\u00bbfull\u00bb add_caption=\u00bbyes\u00bb][vc_column_text]\n<p class=\"textonegro\" align=\"left\"><b>Ruta do Centro de Interpretaci\u00f3n dos Petroglifos<\/b><\/p>\n<p class=\"textonegro\" align=\"left\"><b>Descrici\u00f3n:<\/b><\/p>\n<p class=\"textonegro\" align=\"left\">O Percorrido, de aproximadamente 2,1 Km., comeza no final da ruta do r\u00edo Maneses, para rematar cerca do centro de Interpretaci\u00f3n de Petroglifos (posibilidade de unir as d\u00faa rutas).<\/p>\n<p class=\"textonegro\" align=\"left\">A dificultade da ruta \u00e9 media-baixa, cunha pendente ascendente pronunciada durante todo o cami\u00f1o. Est\u00e1 claramente sinalizada con paneis indicadores e marcas de cor azul-branco (pintadas en pedras, muros e no chan).<\/p>\n<p class=\"textonegro\" align=\"left\">O percorrido \u00e9 de car\u00e1cter lineal. Polo que haber\u00e1 que ter en conta a viaxe de volta.<\/p>\n<p class=\"textonegro\" align=\"left\">Recom\u00e9ndase realizar este itinerario en primaveira-ver\u00e1n<\/p>\n<p class=\"textonegro\" align=\"left\">Inter\u00e9s da v\u00eda: Paisax\u00edstico-Hist\u00f3rico-Cultural<\/p>\n<p class=\"textonegro\" align=\"left\"><b>Informaci\u00f3n relevante:<\/b><\/p>\n<p class=\"textonegro\" align=\"left\"><b>O CENTRO DE INTERPRETACI\u00d3N TER\u00c1 PRETO DE 5.000 METROS CADRADOS<\/b><\/p>\n<p class=\"textonegro\" align=\"left\"><b>&#8211;\u00a0<\/b>Contar\u00e1 con salas de proxecci\u00f3n, esposici\u00f3ns, biblioteca, fondos e cafeter\u00eda.<\/p>\n<p class=\"textonegro\" align=\"left\">O Atapuerca Galego converterase en destino de miles de visitantes tanto turistas coma expertos en arqueolox\u00eda e estudiosos na arte rupestre.<\/p>\n<p class=\"textonegro\" align=\"left\">As s\u00faas pezas constit\u00faen un importante referente, e para o seu estudio o Parque contar\u00e1 cun Centro de Interpretaci\u00f3n e Documentaci\u00f3n de preto de 5.000 metros cuadrados. O espacio destinado \u00f3 Centro de Interpretaci\u00f3n contar\u00e1 cunha zona de espera e recepci\u00f3n exterior dotada con marquesi\u00f1as, cunha superficie de 250 metros cadrados.<\/p>\n<p class=\"textonegro\" align=\"left\"><b>Perfil:<\/b><\/p>\n<p>[\/vc_column_text][vc_single_image image=\u00bb905&#8243; img_size=\u00bbfull\u00bb add_caption=\u00bbyes\u00bb][\/vc_column][\/vc_row]\n<\/div>","protected":false},"excerpt":{"rendered":"<p>[vc_row][vc_column][vc_column_text] Mapas \u00a0&#8211; Roteiro R\u00edo Maneses\u00a0\u00a0 &#8211; Roteiro do Centro de Interpretaci\u00f3n.(673 Kb) Campo lameiro \u00e9 unha excelente alternativa para todos aqueles que buscan algo m\u00e1is que sol e praia no disfrute do seu tempo libre. Ruta do rio Maneses. Descrici\u00f3n: O percorrido, de aproximadamente 2,8 Km., comeza na \u00e1rea de descanso do r\u00edo e [&hellip;]<\/p>\n","protected":false},"author":8,"featured_media":0,"parent":0,"menu_order":0,"comment_status":"closed","ping_status":"closed","template":"","meta":{"footnotes":""},"aioseo_notices":[],"_links":{"self":[{"href":"https:\/\/campolameiro.org\/es\/wp-json\/wp\/v2\/pages\/909"}],"collection":[{"href":"https:\/\/campolameiro.org\/es\/wp-json\/wp\/v2\/pages"}],"about":[{"href":"https:\/\/campolameiro.org\/es\/wp-json\/wp\/v2\/types\/page"}],"author":[{"embeddable":true,"href":"https:\/\/campolameiro.org\/es\/wp-json\/wp\/v2\/users\/8"}],"replies":[{"embeddable":true,"href":"https:\/\/campolameiro.org\/es\/wp-json\/wp\/v2\/comments?post=909"}],"version-history":[{"count":1,"href":"https:\/\/campolameiro.org\/es\/wp-json\/wp\/v2\/pages\/909\/revisions"}],"predecessor-version":[{"id":910,"href":"https:\/\/campolameiro.org\/es\/wp-json\/wp\/v2\/pages\/909\/revisions\/910"}],"wp:attachment":[{"href":"https:\/\/campolameiro.org\/es\/wp-json\/wp\/v2\/media?parent=909"}],"curies":[{"name":"wp","href":"https:\/\/api.w.org\/{rel}","templated":true}]}}