{"id":760,"date":"2018-06-25T15:08:43","date_gmt":"2018-06-25T13:08:43","guid":{"rendered":"https:\/\/campolameiro.org\/politica-de-privacidade\/"},"modified":"2020-08-18T16:57:17","modified_gmt":"2020-08-18T14:57:17","slug":"politica-de-privacidade","status":"publish","type":"page","link":"https:\/\/campolameiro.org\/es\/politica-de-privacidade\/","title":{"rendered":"Pol\u00edtica de Privacidad"},"content":{"rendered":"<p>En cumplimiento con el <strong>REGLAMENTO (UE) 2016\/679 DEL PARLAMENTO EUROPEO Y DEL CONSEJO de 27 de abril de 2016<\/strong> relativo a la protecci\u00f3n de las personas f\u00edsicas en lo que respecta al tratamiento de datos personales y a la libre circulaci\u00f3n de estos datos (RGPD) y con la <strong>LOPDGDD 3\/2018<\/strong> y resto de legislaci\u00f3n vigente en materia de protecci\u00f3n de datos personales se le informa de:<\/p>\n<h3><strong>RESPONSABLE: \u00bfQui\u00e9n va a tratar sus datos?<\/strong><\/h3>\n<p>Identidad: CONCELLO DE CAMPO LAMEIRO (En adelante \u201cLa Entidad\u201d)<br \/>\nCIF: P3600700C<br \/>\nDirecci\u00f3n: Praza da Provincia de Pontevedra 1 &#8211; 36110 Campo Lameiro (Pontevedra)<br \/>\nTel\u00e9fono: 986 752 034<br \/>\nMail: oficinas@concellodalama.com<\/p>\n<p><strong>Datos de contacto del Delegado de Protecci\u00f3n de Datos:<\/strong> dpo@norsecurity.com<\/p>\n<h3><strong>FINALIDAD: \u00bfCon qu\u00e9 finalidad recogemos sus datos?<\/strong><\/h3>\n<h4><strong>A) DATOS RECOGIDOS EN LOS FORMULARIOS PARA TRAMITAR LOS EXPEDIENTES ADMINISTRATIVOS ONLINE ( a trav\u00e9s de la sede electr\u00f3nica):<\/strong><\/h4>\n<p>Ver informaci\u00f3n adicional en la propia sede electr\u00f3nica: https:\/\/campolameiro.sedelectronica.gal\/privacy.1<\/p>\n<p><strong>DATOS RECOGIDOS EN LOS FORMULARIOS PARA TRAMITAR LOS EXPEDIENTES ADMINISTRATIVOS EN PAPEL:<\/strong><\/p>\n<p><strong>Finalidad:<\/strong> En el Concello tratamos la informaci\u00f3n obtenida con la finalidad de poder tramitar los expedientes administrativos y actuaciones derivadas de los mismos<\/p>\n<p><strong>Obligaci\u00f3n o no de facilitar datos y consecuencias de no hacerlo:<\/strong> Los datos solicitados son necesarios para poder tramitar los expedientes y realizar las actuaciones derivadas de los mismos. En el caso de que no se pueda obtener toda la informaci\u00f3n requerida no se podr\u00e1 tramitar.<br \/>\nDe esta forma, el interesado reconoce haber facilitado sus datos, de forma libre, voluntaria, y sincera, responsabiliz\u00e1ndose de que el contenido de los mismos sea acorde a la realidad.<\/p>\n<p><strong>BASE LEGITIMADORA:<br \/>\n<\/strong><\/p>\n<ol>\n<li>El cumplimiento de una misi\u00f3n que se realiza en inter\u00e9s p\u00fablico o en el ejercicio de poderes p\u00fablicos encomendados al Concello (Art.6.1.e RGPD), de conformidad con la Ley 39\/2015, de 1 de octubre, de Procedimiento Administrativo Com\u00fan.<\/li>\n<li>El cumplimiento de una obligaci\u00f3n legal (Art. 6.1.c)<\/li>\n<\/ol>\n<h4><strong>B) CONSENTIMIENTO SOLICITADO EN LOS FORMULARIOS PARA REMITIR INFORMACI\u00d3N DE INTER\u00c9S AL INTERESADO<\/strong><\/h4>\n<p><strong>Finalidad:<\/strong> En el Concello tratamos la informaci\u00f3n obtenida con la finalidad de poder enviar a los interesados informaci\u00f3n de car\u00e1cter general que pueda serles de utilidad<\/p>\n<p><strong>Obligaci\u00f3n o no de facilitar datos y consecuencias de no hacerlo:<\/strong> S\u00f3lo los datos de contacto son necesarios para poder remitir la informaci\u00f3n indicada anteriormente.<\/p>\n<p><strong>BASE LEGITIMADORA:<\/strong> El consentimiento del interesado que fue otorgado de forma libre, espec\u00edfica e informada mediante una manifestaci\u00f3n que mostr\u00f3 su voluntad de consentir de manera inequ\u00edvoca<\/p>\n<h4><strong>C) DATOS RECOGIDOS EN EL FORMULARIO DE CONTACTO DE LA WEB<\/strong><\/h4>\n<p><strong>Finalidad:<\/strong> Llevar a cabo la gesti\u00f3n, control y resolver las cuestiones planteadas por lo usuarios a trav\u00e9s del formulario de contacto disponible a trav\u00e9s de la Web<\/p>\n<p><strong>Obligaci\u00f3n o no de facilitar datos y consecuencias de no hacerlo:<\/strong> S\u00f3lo los datos marcados con * en el formulario de contacto son necesarios para poder llevar cabo la finalidad anteriormente indicada<\/p>\n<p><strong>BASE LEGITIMADORA:<\/strong> El consentimiento del interesado que fue otorgado de forma libre, espec\u00edfica e informada mediante una manifestaci\u00f3n que mostr\u00f3 su voluntad de consentir de manera inequ\u00edvoca<\/p>\n<h4><strong>D) IM\u00c1GENES PUBLICADAS EN LA WEB\/REDES SOCIALES, ETC.<\/strong><\/h4>\n<p><strong>Finalidad:<\/strong> Sacar fotos o videos con el fin de publicarlos en la Web u otros medios o publicaciones del Concello sobre eventos y actividades organizadas por el mismo que puedan ser de inter\u00e9s general<\/p>\n<p><strong>BASE LEGITIMADORA:<\/strong><\/p>\n<ol>\n<li>El cumplimiento de una misi\u00f3n que se realiza en inter\u00e9s p\u00fablico o en el ejercicio de poderes p\u00fablicos encomendados al Concello (Art.6.1.e RGPD), cuando se trate de im\u00e1genes y\/o v\u00eddeos de hechos, eventos noticiables, de inter\u00e9s p\u00fablico con el fin de darlos a conocer a la colectividad respetando siempre los derechos fundamentales recogidos en el art\u00edculo 18 de la Constituci\u00f3n (derecho al honor, a la intimidad personal y familiar y a la propia imagen) y teniendo en cuenta la aplicaci\u00f3n de lo dispuesto en el art\u00edculo 20.1.a) y d) de la Constituci\u00f3n que regula la libertad de expresi\u00f3n e informaci\u00f3n.<\/li>\n<li>En los casos en los que se considere que se considere que no es de aplicaci\u00f3n lo indicado anteriormente se basar\u00e1 en el consentimiento del interesado, padre o tutor que fue otorgado de forma libre, espec\u00edfica e informado mediante una manifestaci\u00f3n que mostr\u00f3 su voluntad de consentir de manera inequ\u00edvoca.<\/li>\n<\/ol>\n<h3><strong>DESTINATARIOS: \u00bfA qui\u00e9n comunicamos los datos que nos facilita?<\/strong><\/h3>\n<ol>\n<li>A otras Administraciones P\u00fablicas y sus diferentes organismos siempre que sea necesario para cumplir con los fines enumerados anteriormente, siempre que exista normativa legal que lo ampare<\/li>\n<li>Encargados del tratamiento por el uso de aplicaciones inform\u00e1ticas o servicios subcontratados con los que son encargados del tratamiento seg\u00fan el contrato de encargo firmado entre las partes.<\/li>\n<li>Entidades bancarias para el cobro de tasas o impuestos<\/li>\n<li>Entidad de alojamiento Web y gesti\u00f3n de correo<\/li>\n<\/ol>\n<p><strong>Transferencias internacionales:<\/strong> No se realizan comunicaciones fuera de la UE<\/p>\n<h3><strong>CONSERVACION: \u00bfDurante cu\u00e1nto tiempo conservamos sus datos?<\/strong><\/h3>\n<p>Almacenamos sus datos durante el tiempo necesario para poder cumplir con las obligaciones legales que encomienda la normativa administrativa, y siempre, cumpliendo por lo menos con el tiempo m\u00ednimo de conservaci\u00f3n de la informaci\u00f3n. Ser\u00e1 de aplicaci\u00f3n lo dispuesto en la normativa de archivos y documentaci\u00f3n. Se dispone de una empresa de destrucci\u00f3n de documentaci\u00f3n a trav\u00e9s de la Diputaci\u00f3n.<\/p>\n<p><strong>DERECHOS: \u00bfCu\u00e1les son sus derechos cuando nos facilita sus datos?<\/strong><\/p>\n<ul>\n<li>Acceso: El interesado tiene derecho a saber que datos est\u00e1 tratando la ENTIDAD sobre \u00e9l.<\/li>\n<li>Rectificaci\u00f3n: El interesado tiene derecho a solicitar la rectificaci\u00f3n de los datos inexactos.<\/li>\n<li>Supresi\u00f3n: El interesado tiene derecho a solicitar la supresi\u00f3n de sus datos cuando, entro otros motivos, los datos no sean necesarios para los fines que fueron recogidos.<\/li>\n<li>Limitaci\u00f3n del tratamiento: En determinadas circunstancias el interesado podr\u00e1 solicitar la limitaci\u00f3n del tratamiento de sus datos, en cuyo caso \u00fanicamente los conservaremos para el ejercicio o la defensa de reclamaciones.<\/li>\n<li>Oposici\u00f3n: En determinadas circunstancias el interesado podr\u00e1 oponerse al tratamiento de sus datos. En ese caso la ENTIDAD dejar\u00e1 de tratar sus datos, salvo por motivos leg\u00edtimos imperiosos o el ejercicio o la defensa de posibles reclamaciones.<\/li>\n<li>Portabilidad de los datos: S\u00f3lo aplicable a datos automatizados y consiste en pasar los datos desde la ENTIDAD a otro nuevo RESPONSABLE DEL TRATAMIENTO (no al interesado y por solicitud del mismo).<\/li>\n<\/ul>\n<p>Puede usted ejercer sus derechos incluido el derecho a retirar su consentimiento (si este fue otorgado) enviando un escrito a la direcci\u00f3n indicada anteriormente o enviando un e-mail a oficinas@campolameiro.com acompa\u00f1ado de fotocopia del DNI.<br \/>\nAdem\u00e1s tiene usted derecho a reclamar ante la Agencia Espa\u00f1ola de Protecci\u00f3n de Datos que es la Autoridad de Control: https:\/\/sedeagpd.gob.es\/sede-electronica-web\/vistas\/formReclamacionDerechos\/reclamacionDerechos.jsf<\/p>\n<h3><strong>DECISIONES AUTOMATIZADAS<\/strong><\/h3>\n<p>No se realizan perfiles de ciudadanos ni tomas de decisiones automatizadas.<\/p>\n<h3><strong>MEDIDAS DE SEGURIDAD<\/strong><\/h3>\n<p>La entidad ha adoptado medidas de seguridad tanto t\u00e9cnicas como organizativas resultantes del An\u00e1lisis de Riesgos y de la Auditoria de cumplimiento realiza sobre el RGPD y la LOPDGDD y el tipo de datos personales gestionados<\/p>\n","protected":false},"excerpt":{"rendered":"<p>En cumplimiento con el REGLAMENTO (UE) 2016\/679 DEL PARLAMENTO EUROPEO Y DEL CONSEJO de 27 de abril de 2016 relativo a la protecci\u00f3n de las personas f\u00edsicas en lo que respecta al tratamiento de datos personales y a la libre circulaci\u00f3n de estos datos (RGPD) y con la LOPDGDD 3\/2018 y resto de legislaci\u00f3n vigente [&hellip;]<\/p>\n","protected":false},"author":1,"featured_media":0,"parent":0,"menu_order":0,"comment_status":"closed","ping_status":"closed","template":"","meta":{"footnotes":""},"aioseo_notices":[],"_links":{"self":[{"href":"https:\/\/campolameiro.org\/es\/wp-json\/wp\/v2\/pages\/760"}],"collection":[{"href":"https:\/\/campolameiro.org\/es\/wp-json\/wp\/v2\/pages"}],"about":[{"href":"https:\/\/campolameiro.org\/es\/wp-json\/wp\/v2\/types\/page"}],"author":[{"embeddable":true,"href":"https:\/\/campolameiro.org\/es\/wp-json\/wp\/v2\/users\/1"}],"replies":[{"embeddable":true,"href":"https:\/\/campolameiro.org\/es\/wp-json\/wp\/v2\/comments?post=760"}],"version-history":[{"count":2,"href":"https:\/\/campolameiro.org\/es\/wp-json\/wp\/v2\/pages\/760\/revisions"}],"predecessor-version":[{"id":4356,"href":"https:\/\/campolameiro.org\/es\/wp-json\/wp\/v2\/pages\/760\/revisions\/4356"}],"wp:attachment":[{"href":"https:\/\/campolameiro.org\/es\/wp-json\/wp\/v2\/media?parent=760"}],"curies":[{"name":"wp","href":"https:\/\/api.w.org\/{rel}","templated":true}]}}