{"id":684,"date":"2018-06-25T10:55:41","date_gmt":"2018-06-25T08:55:41","guid":{"rendered":"https:\/\/campolameiro.org\/rutas\/"},"modified":"2018-12-20T10:31:03","modified_gmt":"2018-12-20T09:31:03","slug":"rutas","status":"publish","type":"page","link":"https:\/\/campolameiro.org\/es\/rutas\/","title":{"rendered":"Rutas de los petroglifos"},"content":{"rendered":"<div class=\"wpb-content-wrapper\"><p>[vc_row][vc_column][vc_column_text]<span style=\"font-size: 20px; color: #ff0000;\"><strong>\u00abNo pinte, ni siquera con tiza las formas de los grabados, ya que acelerar\u00e1 su destrucci\u00f3n\u00bb<\/strong><\/span><\/p>\n<p><span style=\"font-size: 20px; color: #ff0000;\"><strong>\u00abProcure no pisar los grabados\u00bb<\/strong><\/span>[\/vc_column_text][\/vc_column][\/vc_row][vc_row][vc_column][vc_column_text](Declarados Monumentos Hist\u00f3rico-Art\u00edsticos por decreto 3471\/1974 de 20 de diciembre de 1974.)<\/p>\n<p>Campo Lameiro cuenta con una de las concentraciones ma\u00eds grandes de petroglifos, por tal motivo se construy\u00f3 el <a href=\"http:\/\/www.paar.es\/?lang=es\" target=\"_blank\" rel=\"noopener\"><strong>PARQUE ARQUEOL\u00d3XICO DEL ARTE RUPESTRE<\/strong> <\/a>de Campo Lameiro.<\/p>\n<p>Pero hab\u00eda sido del \u00e1rea del Parque, tambi\u00e9n hay una gran cantidadade de petroglifos, perfectamente se\u00f1alados y visitables.<\/p>\n<p>La visita iniciara en la Capital Municipal y sigue una ruta pr\u00e1cticamente circular. Cada itinerario est\u00e1 subdividido en zonas denominadas con el top\u00f3nimo conocido polvo los vecinos del lugar.[\/vc_column_text][vc_single_image image=\u00bb679&#8243; img_size=\u00bbfull\u00bb alignment=\u00bbcenter\u00bb][\/vc_column][\/vc_row][vc_row][vc_column][vc_column_text]<strong>Peque\u00f1a Introducci\u00f3n a los PETROGLIFOS:<\/strong><\/p>\n<p>En el territorio gallego conocemos al menos tres periodos con arte rupestre al aire libre: Neol\u00edtico (IV y III milenios a.C.), Edad del Bronce (II milenio) y Edad del Hierro (I milenio a.C. hasta el s. III d.C.).<\/p>\n<p>En Galicia son los petroglifos la forma en la que aparece el arte rupestre. Los petroglifos m\u00e1s antiguos pertenecen al Neol\u00edtico y se asocian al mundo de los d\u00f3lmenes, tambi\u00e9n existen grabados pertenecientes a la Edad del Hierro, pero sin duda los m\u00e1s conocidos son los de la Edad del Bronce.[\/vc_column_text][\/vc_column][\/vc_row][vc_row][vc_column el_class=\u00bbbloque_rutas_petroglifos\u00bb]\n<!-- PRESSVILLE POSTS : begin -->\n<section class=\"lsvr-pressville-post-grid lsvr-pressville-post-grid--posts lsvr-pressville-post-grid--layout-title-bg lsvr-pressville-post-grid--no-bg\"\n    >\n    <div class=\"lsvr-pressville-post-grid__inner\">\n        <div class=\"lsvr-container\">\n            <div class=\"lsvr-pressville-post-grid__content\">\n\n                \n                \n                    <div class=\"lsvr-pressville-post-grid__list-wrapper\">\n\n                        <div class=\"lsvr-grid lsvr-grid--3-cols lsvr-grid--md-2-cols lsvr-grid--sm-2-cols lsvr-pressville-post-grid__list lsvr-pressville-post-grid__list--6-items\"\n                            data-columns-count=\"3\">\n\n                            \n                                <div class=\"lsvr-grid__col lsvr-grid__col--span-4 lsvr-grid__col--md-span-6 lsvr-grid__col--sm-span-6 lsvr-pressville-post-grid__item\">\n\n                                    <article class=\"lsvr-pressville-post-grid__post post-1009 post type-post status-publish format-standard hentry category-rutas-petroglifos\"                                        >\n                                        <div class=\"lsvr-pressville-post-grid__post-inner\">\n                                            <div class=\"lsvr-pressville-post-grid__post-bg\">\n\n                                                <div class=\"lsvr-pressville-post-grid__post-content\">\n\n                                                    <h3 class=\"lsvr-pressville-post-grid__post-title\">\n                                                        <a href=\"https:\/\/campolameiro.org\/es\/ruta-de-as-fragas\/\" class=\"lsvr-pressville-post-grid__post-title-link\" rel=\"bookmark\">Ruta de As Fragas<\/a>\n                                                    <\/h3>\n\n                                                    <p class=\"lsvr-pressville-post-grid__post-meta\">\n\n                                                        <span class=\"lsvr-pressville-post-grid__post-meta-date\" role=\"group\">26 junio, 2018<\/span>\n\n                                                        \n                                                            <span class=\"lsvr-pressville-post-grid__post-meta-categories\" role=\"group\">\n\t\t\t<span class=\"post__categories\">\n\t\t\t\ten <a href=\"https:\/\/campolameiro.org\/es\/category\/noticias-es\/rutas-petroglifos\/\" class=\"post__category-link\">Rutas Petroglifos<\/a>\t\t\t<\/span>\n\n\t\t<\/span>\n\n                                                        \n                                                    <\/p>\n\n                                                <\/div>\n\n                                                <a href=\"https:\/\/campolameiro.org\/es\/ruta-de-as-fragas\/\" class=\"lsvr-pressville-post-grid__post-overlay-link\">\n                                                    <span class=\"screen-reader-text\">More<\/span>\n                                                <\/a>\n\n                                            <\/div>\n                                        <\/div>\n                                    <\/article>\n\n                                <\/div>\n\n                            \n                                <div class=\"lsvr-grid__col lsvr-grid__col--span-4 lsvr-grid__col--md-span-6 lsvr-grid__col--sm-span-6 lsvr-pressville-post-grid__item\">\n\n                                    <article class=\"lsvr-pressville-post-grid__post post-996 post type-post status-publish format-standard hentry category-rutas-petroglifos\"                                        >\n                                        <div class=\"lsvr-pressville-post-grid__post-inner\">\n                                            <div class=\"lsvr-pressville-post-grid__post-bg\">\n\n                                                <div class=\"lsvr-pressville-post-grid__post-content\">\n\n                                                    <h3 class=\"lsvr-pressville-post-grid__post-title\">\n                                                        <a href=\"https:\/\/campolameiro.org\/es\/ruta-de-painceiros\/\" class=\"lsvr-pressville-post-grid__post-title-link\" rel=\"bookmark\">Ruta de Painceiros<\/a>\n                                                    <\/h3>\n\n                                                    <p class=\"lsvr-pressville-post-grid__post-meta\">\n\n                                                        <span class=\"lsvr-pressville-post-grid__post-meta-date\" role=\"group\">25 junio, 2018<\/span>\n\n                                                        \n                                                            <span class=\"lsvr-pressville-post-grid__post-meta-categories\" role=\"group\">\n\t\t\t<span class=\"post__categories\">\n\t\t\t\ten <a href=\"https:\/\/campolameiro.org\/es\/category\/noticias-es\/rutas-petroglifos\/\" class=\"post__category-link\">Rutas Petroglifos<\/a>\t\t\t<\/span>\n\n\t\t<\/span>\n\n                                                        \n                                                    <\/p>\n\n                                                <\/div>\n\n                                                <a href=\"https:\/\/campolameiro.org\/es\/ruta-de-painceiros\/\" class=\"lsvr-pressville-post-grid__post-overlay-link\">\n                                                    <span class=\"screen-reader-text\">More<\/span>\n                                                <\/a>\n\n                                            <\/div>\n                                        <\/div>\n                                    <\/article>\n\n                                <\/div>\n\n                            \n                                <div class=\"lsvr-grid__col lsvr-grid__col--span-4 lsvr-grid__col--md-span-6 lsvr-grid__col--sm-span-6 lsvr-pressville-post-grid__item\">\n\n                                    <article class=\"lsvr-pressville-post-grid__post post-986 post type-post status-publish format-standard hentry category-rutas-petroglifos\"                                        >\n                                        <div class=\"lsvr-pressville-post-grid__post-inner\">\n                                            <div class=\"lsvr-pressville-post-grid__post-bg\">\n\n                                                <div class=\"lsvr-pressville-post-grid__post-content\">\n\n                                                    <h3 class=\"lsvr-pressville-post-grid__post-title\">\n                                                        <a href=\"https:\/\/campolameiro.org\/es\/ruta-de-cadena\/\" class=\"lsvr-pressville-post-grid__post-title-link\" rel=\"bookmark\">Ruta de Cadena<\/a>\n                                                    <\/h3>\n\n                                                    <p class=\"lsvr-pressville-post-grid__post-meta\">\n\n                                                        <span class=\"lsvr-pressville-post-grid__post-meta-date\" role=\"group\">25 junio, 2018<\/span>\n\n                                                        \n                                                            <span class=\"lsvr-pressville-post-grid__post-meta-categories\" role=\"group\">\n\t\t\t<span class=\"post__categories\">\n\t\t\t\ten <a href=\"https:\/\/campolameiro.org\/es\/category\/noticias-es\/rutas-petroglifos\/\" class=\"post__category-link\">Rutas Petroglifos<\/a>\t\t\t<\/span>\n\n\t\t<\/span>\n\n                                                        \n                                                    <\/p>\n\n                                                <\/div>\n\n                                                <a href=\"https:\/\/campolameiro.org\/es\/ruta-de-cadena\/\" class=\"lsvr-pressville-post-grid__post-overlay-link\">\n                                                    <span class=\"screen-reader-text\">More<\/span>\n                                                <\/a>\n\n                                            <\/div>\n                                        <\/div>\n                                    <\/article>\n\n                                <\/div>\n\n                            \n                                <div class=\"lsvr-grid__col lsvr-grid__col--span-4 lsvr-grid__col--md-span-6 lsvr-grid__col--sm-span-6 lsvr-pressville-post-grid__item\">\n\n                                    <article class=\"lsvr-pressville-post-grid__post post-967 post type-post status-publish format-standard hentry category-rutas-petroglifos\"                                        >\n                                        <div class=\"lsvr-pressville-post-grid__post-inner\">\n                                            <div class=\"lsvr-pressville-post-grid__post-bg\">\n\n                                                <div class=\"lsvr-pressville-post-grid__post-content\">\n\n                                                    <h3 class=\"lsvr-pressville-post-grid__post-title\">\n                                                        <a href=\"https:\/\/campolameiro.org\/es\/ruta-de-parada-san-isidro\/\" class=\"lsvr-pressville-post-grid__post-title-link\" rel=\"bookmark\">Ruta de Parada - San Isidro<\/a>\n                                                    <\/h3>\n\n                                                    <p class=\"lsvr-pressville-post-grid__post-meta\">\n\n                                                        <span class=\"lsvr-pressville-post-grid__post-meta-date\" role=\"group\">25 junio, 2018<\/span>\n\n                                                        \n                                                            <span class=\"lsvr-pressville-post-grid__post-meta-categories\" role=\"group\">\n\t\t\t<span class=\"post__categories\">\n\t\t\t\ten <a href=\"https:\/\/campolameiro.org\/es\/category\/noticias-es\/rutas-petroglifos\/\" class=\"post__category-link\">Rutas Petroglifos<\/a>\t\t\t<\/span>\n\n\t\t<\/span>\n\n                                                        \n                                                    <\/p>\n\n                                                <\/div>\n\n                                                <a href=\"https:\/\/campolameiro.org\/es\/ruta-de-parada-san-isidro\/\" class=\"lsvr-pressville-post-grid__post-overlay-link\">\n                                                    <span class=\"screen-reader-text\">More<\/span>\n                                                <\/a>\n\n                                            <\/div>\n                                        <\/div>\n                                    <\/article>\n\n                                <\/div>\n\n                            \n                                <div class=\"lsvr-grid__col lsvr-grid__col--span-4 lsvr-grid__col--md-span-6 lsvr-grid__col--sm-span-6 lsvr-pressville-post-grid__item\">\n\n                                    <article class=\"lsvr-pressville-post-grid__post post-947 post type-post status-publish format-standard hentry category-rutas-petroglifos\"                                        >\n                                        <div class=\"lsvr-pressville-post-grid__post-inner\">\n                                            <div class=\"lsvr-pressville-post-grid__post-bg\">\n\n                                                <div class=\"lsvr-pressville-post-grid__post-content\">\n\n                                                    <h3 class=\"lsvr-pressville-post-grid__post-title\">\n                                                        <a href=\"https:\/\/campolameiro.org\/es\/ruta-de-a-lagoa-fentans\/\" class=\"lsvr-pressville-post-grid__post-title-link\" rel=\"bookmark\">Ruta de a lagoa - Fent\u00e1ns<\/a>\n                                                    <\/h3>\n\n                                                    <p class=\"lsvr-pressville-post-grid__post-meta\">\n\n                                                        <span class=\"lsvr-pressville-post-grid__post-meta-date\" role=\"group\">25 junio, 2018<\/span>\n\n                                                        \n                                                            <span class=\"lsvr-pressville-post-grid__post-meta-categories\" role=\"group\">\n\t\t\t<span class=\"post__categories\">\n\t\t\t\ten <a href=\"https:\/\/campolameiro.org\/es\/category\/noticias-es\/rutas-petroglifos\/\" class=\"post__category-link\">Rutas Petroglifos<\/a>\t\t\t<\/span>\n\n\t\t<\/span>\n\n                                                        \n                                                    <\/p>\n\n                                                <\/div>\n\n                                                <a href=\"https:\/\/campolameiro.org\/es\/ruta-de-a-lagoa-fentans\/\" class=\"lsvr-pressville-post-grid__post-overlay-link\">\n                                                    <span class=\"screen-reader-text\">More<\/span>\n                                                <\/a>\n\n                                            <\/div>\n                                        <\/div>\n                                    <\/article>\n\n                                <\/div>\n\n                            \n                                <div class=\"lsvr-grid__col lsvr-grid__col--span-4 lsvr-grid__col--md-span-6 lsvr-grid__col--sm-span-6 lsvr-pressville-post-grid__item\">\n\n                                    <article class=\"lsvr-pressville-post-grid__post post-943 post type-post status-publish format-standard hentry category-rutas-petroglifos\"                                        >\n                                        <div class=\"lsvr-pressville-post-grid__post-inner\">\n                                            <div class=\"lsvr-pressville-post-grid__post-bg\">\n\n                                                <div class=\"lsvr-pressville-post-grid__post-content\">\n\n                                                    <h3 class=\"lsvr-pressville-post-grid__post-title\">\n                                                        <a href=\"https:\/\/campolameiro.org\/es\/ruta-de-paredes\/\" class=\"lsvr-pressville-post-grid__post-title-link\" rel=\"bookmark\">Ruta de Paredes<\/a>\n                                                    <\/h3>\n\n                                                    <p class=\"lsvr-pressville-post-grid__post-meta\">\n\n                                                        <span class=\"lsvr-pressville-post-grid__post-meta-date\" role=\"group\">25 junio, 2018<\/span>\n\n                                                        \n                                                            <span class=\"lsvr-pressville-post-grid__post-meta-categories\" role=\"group\">\n\t\t\t<span class=\"post__categories\">\n\t\t\t\ten <a href=\"https:\/\/campolameiro.org\/es\/category\/noticias-es\/rutas-petroglifos\/\" class=\"post__category-link\">Rutas Petroglifos<\/a>\t\t\t<\/span>\n\n\t\t<\/span>\n\n                                                        \n                                                    <\/p>\n\n                                                <\/div>\n\n                                                <a href=\"https:\/\/campolameiro.org\/es\/ruta-de-paredes\/\" class=\"lsvr-pressville-post-grid__post-overlay-link\">\n                                                    <span class=\"screen-reader-text\">More<\/span>\n                                                <\/a>\n\n                                            <\/div>\n                                        <\/div>\n                                    <\/article>\n\n                                <\/div>\n\n                            \n                        <\/div>\n\n                        \n                    <\/div>\n\n                \n                \n                    <footer class=\"lsvr-pressville-post-grid__footer\">\n\n                        <p class=\"lsvr-pressville-post-grid__more lsvr-pressville-post-grid__more--bottom\">\n\n                            \n                                <a href=\"https:\/\/campolameiro.org\/category\/noticias\/rutas-petroglifos-gl\/\" class=\"c-button lsvr-pressville-post-grid__more-link\">Rutas<\/a>\n\n                            \n                        <\/p>\n\n                    <\/footer>\n\n                \n            <\/div>\n        <\/div>\n    <\/div>\n<\/section>\n<!-- PRESSVILLE POSTS : end -->\n\n[\/vc_column][\/vc_row][vc_row][vc_column][vc_column_text]Se localizan en pe\u00f1ascos y piedras gran\u00edticas, presentan un surco muy erosionado y, en ocasiones, dif\u00edcil de observar. Existen dos tipos de dise\u00f1os: figurativos, que son aquellos que es posible saber qu\u00e9 representan, como por ejemplo los ciervos, los caballos, figuras humanas y armas; y los abstractos, aquellos que no sabemos qu\u00e9 representan, como son las combinaciones circulares.\u00a0Los petroglifos no reflejan la vida cotidiana de las personas que los grabaron. Las comunidades de la Edad del Bronce practicaban la agricultura y la ganader\u00eda como base subsistencial. Pero en los grabados no aparecen estas actividades, los \u00fanicos temas representados son los relacionados con la caza y la guerra. Los petroglifos nos hablan de aquellas actividades que, posiblemente, la sociedad de la Edad del Bronce consideraba m\u00e1s prestigiosas: la guerra y la caza.<\/p>\n<p>En las escenas cineg\u00e9ticas el \u00fanico animal cazado es el ciervo, esto puede estar relacionado con la importancia simb\u00f3lica que este animal deb\u00eda de poseer. En el mundo imaginario de estas comunidades la caza parece ser algo m\u00e1s que una funci\u00f3n meramente l\u00fadica o suministradora de alimento. Cuando observamos una escena de caza en un petroglifo estamos contemplando una actividad de fuerte contenido ritual y posiblemente inici\u00e1tica. Los conjuntos de petroglifos se sit\u00faan en las laderas de las sierras, en ocasiones se encuentran rodeando bra\u00f1as y cubetas as\u00ed como en las l\u00edneas de tr\u00e1nsito que comunican estas zonas con los lugares donde se encuentran los poblados. La gente de la Edad del Bronce viv\u00eda en los llanos de la sierra y en \u00e1reas inmediatas a la costa. Los grabados se sit\u00faan fuera de los poblados. Si observamos la distribuci\u00f3n de petroglifos podemos comprobar que con frecuencia se disponen rodeando las sierras, como demarcando un territorio. Si a esto a\u00f1adimos que los grabados presentan variaciones estil\u00edsticas por comarcas, esto nos puede llevar a plantear que pudiesen funcionar como delimitadores territoriales. En las sociedades prehist\u00f3ricas el arte siempre estuvo relacionado con actividades de car\u00e1cter ritual y religioso, es decir, que adem\u00e1s de servir como marca territorial, los petroglifos pudieron funcionar como lugares de agregaci\u00f3n de guerreros y como indicadores de sitios con una especial carga simb\u00f3lica.<\/p>\n<p>Fuente: <a href=\"http:\/\/www.gtarpa.usc.es\/petro\/\">http:\/\/www.gtarpa.usc.es\/petro\/<\/a>[\/vc_column_text][\/vc_column][\/vc_row]\n<\/div>","protected":false},"excerpt":{"rendered":"<p>[vc_row][vc_column][vc_column_text]\u00abNo pinte, ni siquera con tiza las formas de los grabados, ya que acelerar\u00e1 su destrucci\u00f3n\u00bb \u00abProcure no pisar los grabados\u00bb[\/vc_column_text][\/vc_column][\/vc_row][vc_row][vc_column][vc_column_text](Declarados Monumentos Hist\u00f3rico-Art\u00edsticos por decreto 3471\/1974 de 20 de diciembre de 1974.) Campo Lameiro cuenta con una de las concentraciones ma\u00eds grandes de petroglifos, por tal motivo se construy\u00f3 el PARQUE ARQUEOL\u00d3XICO DEL ARTE RUPESTRE [&hellip;]<\/p>\n","protected":false},"author":1,"featured_media":0,"parent":0,"menu_order":0,"comment_status":"closed","ping_status":"closed","template":"","meta":{"footnotes":""},"aioseo_notices":[],"_links":{"self":[{"href":"https:\/\/campolameiro.org\/es\/wp-json\/wp\/v2\/pages\/684"}],"collection":[{"href":"https:\/\/campolameiro.org\/es\/wp-json\/wp\/v2\/pages"}],"about":[{"href":"https:\/\/campolameiro.org\/es\/wp-json\/wp\/v2\/types\/page"}],"author":[{"embeddable":true,"href":"https:\/\/campolameiro.org\/es\/wp-json\/wp\/v2\/users\/1"}],"replies":[{"embeddable":true,"href":"https:\/\/campolameiro.org\/es\/wp-json\/wp\/v2\/comments?post=684"}],"version-history":[{"count":14,"href":"https:\/\/campolameiro.org\/es\/wp-json\/wp\/v2\/pages\/684\/revisions"}],"predecessor-version":[{"id":1673,"href":"https:\/\/campolameiro.org\/es\/wp-json\/wp\/v2\/pages\/684\/revisions\/1673"}],"wp:attachment":[{"href":"https:\/\/campolameiro.org\/es\/wp-json\/wp\/v2\/media?parent=684"}],"curies":[{"name":"wp","href":"https:\/\/api.w.org\/{rel}","templated":true}]}}