{"id":658,"date":"2018-06-25T08:51:28","date_gmt":"2018-06-25T06:51:28","guid":{"rendered":"https:\/\/campolameiro.org\/contacto-2\/"},"modified":"2024-04-28T22:27:44","modified_gmt":"2024-04-28T20:27:44","slug":"contacto","status":"publish","type":"page","link":"https:\/\/campolameiro.org\/es\/contacto\/","title":{"rendered":"Contacto"},"content":{"rendered":"<div class=\"wpb-content-wrapper\"><p>[vc_row][vc_column][vc_gmaps link=\u00bb#E-8_JTNDaWZyYW1lJTIwc3JjJTNEJTIyaHR0cHMlM0ElMkYlMkZ3d3cuZ29vZ2xlLmNvbSUyRm1hcHMlMkZlbWJlZCUzRnBiJTNEJTIxMW0xOCUyMTFtMTIlMjExbTMlMjExZDI5MzkuNjk5MDM0ODEwMzI3NyUyMTJkLTguNTQ2MTU5NTg0NTM3OTU1JTIxM2Q0Mi41NDA0NDc1NzkxNzUxMSUyMTJtMyUyMTFmMCUyMTJmMCUyMTNmMCUyMTNtMiUyMTFpMTAyNCUyMTJpNzY4JTIxNGYxMy4xJTIxM20zJTIxMW0yJTIxMXMweGQyZjc0Y2NkMDU1NzQ0ZCUyNTNBMHgxYjZhNTNjMGZhNjdhM2U3JTIxMnNDb25jZWxsbyUyQmRlJTJCQ2FtcG8lMkJMYW1laXJvJTIxNWUwJTIxM20yJTIxMXNlcyUyMTJzZXMlMjE0djE1Mjk5MDgwNzE1MzElMjIlMjB3aWR0aCUzRCUyMjYwMCUyMiUyMGhlaWdodCUzRCUyMjQ1MCUyMiUyMGZyYW1lYm9yZGVyJTNEJTIyMCUyMiUyMHN0eWxlJTNEJTIyYm9yZGVyJTNBMCUyMiUyMGFsbG93ZnVsbHNjcmVlbiUzRSUzQyUyRmlmcmFtZSUzRQ==\u00bb size=\u00bb200&#8243;][\/vc_column][vc_column][vc_column_text]<div class=\"forminator-ui forminator-custom-form forminator-custom-form-6673 forminator-design--flat forminator-enclosed forminator_ajax\" data-forminator-render=\"0\" data-form=\"forminator-module-6673\" data-uid=\"69d946e85cc48\"><br\/><\/div><form\n\t\t\t\tid=\"forminator-module-6673\"\n\t\t\t\tclass=\"forminator-ui forminator-custom-form forminator-custom-form-6673 forminator-design--flat forminator-enclosed forminator_ajax\"\n\t\t\t\tmethod=\"post\"\n\t\t\t\tdata-forminator-render=\"0\"\n\t\t\t\tdata-form-id=\"6673\"\n\t\t\t\t\n\t\t\t\tdata-design=\"flat\"\n\t\t\t\t\n\t\t\t\t\n\t\t\t\t\n\t\t\t\tdata-grid=\"enclosed\"\n\t\t\t\t\n\t\t\t\t\n\t\t\t\tstyle=\"display: none;\"\n\t\t\t\t\n\t\t\t\tdata-uid=\"69d946e85cc48\"\n\t\t\t><div role=\"alert\" aria-live=\"polite\" class=\"forminator-response-message forminator-error\" aria-hidden=\"true\"><\/div><div class=\"forminator-row\"><div id=\"name-1\" class=\"forminator-field-name forminator-col forminator-col-12 \"><div class=\"forminator-field\"><label for=\"forminator-field-name-1_69d946e85cc48\" id=\"forminator-field-name-1_69d946e85cc48-label\" class=\"forminator-label\">Nombre <span class=\"forminator-required\">*<\/span><\/label><input type=\"text\" name=\"name-1\" value=\"\" placeholder=\"\" id=\"forminator-field-name-1_69d946e85cc48\" class=\"forminator-input forminator-name--field\" aria-required=\"true\" \/><\/div><\/div><\/div><div class=\"forminator-row\"><div id=\"email-1\" class=\"forminator-field-email forminator-col forminator-col-12 \"><div class=\"forminator-field\"><label for=\"forminator-field-email-1_69d946e85cc48\" id=\"forminator-field-email-1_69d946e85cc48-label\" class=\"forminator-label\">Email <span class=\"forminator-required\">*<\/span><\/label><input type=\"email\" name=\"email-1\" value=\"\" placeholder=\"\" id=\"forminator-field-email-1_69d946e85cc48\" class=\"forminator-input forminator-email--field\" data-required=\"true\" aria-required=\"true\" \/><\/div><\/div><\/div><div class=\"forminator-row\"><div id=\"textarea-1\" class=\"forminator-field-textarea forminator-col forminator-col-12 \"><div class=\"forminator-field\"><label for=\"forminator-field-textarea-1_69d946e85cc48\" id=\"forminator-field-textarea-1_69d946e85cc48-label\" class=\"forminator-label\">Mensaje<\/label><textarea name=\"textarea-1\" placeholder=\"\" id=\"forminator-field-textarea-1_69d946e85cc48\" class=\"forminator-textarea\" rows=\"6\" style=\"min-height:140px;\" maxlength=\"180\" ><\/textarea><span id=\"forminator-field-textarea-1_69d946e85cc48-description\" class=\"forminator-description\"><span data-limit=\"180\" data-type=\"characters\">0 \/ 180<\/span><\/span><\/div><\/div><\/div><div class=\"forminator-row\"><div id=\"html-1\" class=\"forminator-field-html forminator-col forminator-col-12 \"><div class=\"forminator-field forminator-merge-tags\" data-field=\"html-1\">De conformidad con lo dispuesto en la normativa vigente en protecci\u00f3n de datos personales LO 3\/2018 (LOPDGDD) y Reglamento (UE) 2016\/679 del Parlamento Europeo y del Consejo del 27 de abril de 2016, solicitamos su consentimiento y le informamos de:<br>\n<b>Responsable<\/b> del tratamiento de sus datos es: CONCELLO DE CAMPO LAMEIRO\n<b>Finalidad<\/b> con la que se tratar los datos facilitados es: Gesti\u00f3n, control y resoluci\u00f3n las cuestiones planteadas a trav\u00e9s de este formulario de contacto por los usuarios de la p\u00e1gina Web.<br>\n<b>Base legitimadora:<\/b> Consentimiento<br>\n<b>Destinatarios:<\/b> No comunicamos sus datos a ning\u00fan tercero, salvo el gestor de correo electr\u00f3nico y administraciones p\u00fablicas con competencias en la materia.<br>\n<b>Derechos:<\/b> Le informamos que puede ejercer los derechos de acceso, rectificaci\u00f3n, supresi\u00f3n, limitaci\u00f3n y oposici\u00f3n al tratamiento enviando un email a <a href=\"mailto:oficinas@campolameiro.com\">oficinas@campolameiro.com<\/a>.<br><\/div><\/div><\/div><div class=\"forminator-row\"><div id=\"consent-1\" class=\"forminator-field-consent forminator-col forminator-col-12 \"><div class=\"forminator-field\"><label for=\"forminator-field-consent-1_69d946e85cc48\" id=\"forminator-field-consent-1_69d946e85cc48-label\" class=\"forminator-label\">Pol\u00edtica de privacidad <span class=\"forminator-required\">*<\/span><\/label><div class=\"forminator-checkbox__wrapper\"><label for=\"forminator-field-consent-1_69d946e85cc48\" id=\"forminator-field-consent-1_69d946e85cc48__label\" class=\"forminator-checkbox forminator-consent\" style=\"margin: 0;\"><input type=\"checkbox\" name=\"consent-1\" id=\"forminator-field-consent-1_69d946e85cc48\" value=\"marcada\" aria-labelledby=\"forminator-field-consent-1_69d946e85cc48-label\" aria-describedby=\"forminator-field-consent-1_69d946e85cc48__description\" data-required=\"true\" aria-required=\"true\" \/><span class=\"forminator-checkbox-box\" aria-hidden=\"true\"><\/span><\/label><div id=\"forminator-field-consent-1_69d946e85cc48__description\" class=\"forminator-checkbox__label forminator-consent__label\"><b>Acepto la pol\u00edtica de privacidad<\/b> y doy mi consentimiento para el tratamiento de mis datos seg\u00fan lo indicado anteriormente. Puede consultar informaci\u00f3n adicional sobre protecci\u00f3n de datos en los avisos legales de www.campolameiro.org<\/div><\/div><\/div><\/div><\/div><div class=\"forminator-row\"><div id=\"captcha-1\" class=\"forminator-field-captcha forminator-col forminator-col-12 \"><div class=\"forminator-g-recaptcha recaptcha-invisible\" data-theme=\"light\" data-badge=\"bottomright\" data-sitekey=\"6LeqbqUdAAAAAK-mhAmjFeJpaX9zTG02S65StWpy\" data-size=\"invisible\"><\/div> <\/div><\/div><input type=\"hidden\" name=\"referer_url\" value=\"\" \/><div class=\"forminator-row forminator-row-last\"><div class=\"forminator-col\"><div class=\"forminator-field\"><button class=\"forminator-button forminator-button-submit\">Enviar<\/button><\/div><\/div><\/div><input type=\"hidden\" id=\"forminator_nonce\" name=\"forminator_nonce\" value=\"a026874560\" \/><input type=\"hidden\" name=\"_wp_http_referer\" value=\"\/es\/wp-json\/wp\/v2\/pages\/658\" \/><input type=\"hidden\" name=\"form_id\" value=\"6673\"><input type=\"hidden\" name=\"page_id\" value=\"658\"><input type=\"hidden\" name=\"form_type\" value=\"default\"><input type=\"hidden\" name=\"current_url\" value=\"https:\/\/campolameiro.org\/es\/contacto\/\"><input type=\"hidden\" name=\"render_id\" value=\"0\"><input type=\"hidden\" name=\"action\" value=\"forminator_submit_form_custom-forms\"><label for=\"input_5\" class=\"forminator-hidden\" aria-hidden=\"true\">Por favor, no rellenes este campo. <input id=\"input_5\" type=\"text\" name=\"input_5\" value=\"\" autocomplete=\"off\"><\/label><\/form>[\/vc_column_text][\/vc_column][\/vc_row][vc_row][vc_column width=\u00bb1\/2&#8243;][vc_column_text]<strong>Dependencias del Ayuntamiento:<\/strong><br \/>\nA Lagoa. Praza da Provincia de Pontevedra, 1<br \/>\n36110 Campo Lameiro<br \/>\nTelf: 986 75 20 34 &#8211; 986 752 484<br \/>\nFax: 986 75 20 84[\/vc_column_text][vc_column_text]<strong><span class=\"fuente2\">Correo electr\u00f3nico:<\/span><\/strong><br \/>\nalcaldia@campolameiro.com<br \/>\noficinas@campolameiro.com<br \/>\nbiblioteca@campolameiro.com<br \/>\ntecnicoempleo@campolameiro.com<br \/>\nservizossociais@campolameiro.com<br \/>\nsecretaria@campolameiro.com obradoiro@campolameiro.com<\/p>\n<p><strong>Servicio de Taxis:<br \/>\n<\/strong>Javier Silva Prieto, A Lagoa 630 671 866<br \/>\nPaz Vidal Fontenla, 697 813 661<br \/>\nDavid Carramal, 699 455 535[\/vc_column_text][\/vc_column][vc_column width=\u00bb1\/2&#8243;][vc_column_text]<strong>ASOCIACIONES Y ENTIDADES LOCALES:<br \/>\n<\/strong>Asociaci\u00f3n Cultural \u00abVintureira\u00bb 986 684 070<br \/>\nAsociaci\u00f3n Juvenil \u00abO Costado\u00bb 986 752 013<br \/>\nAsociaci\u00f3n Juvenil \u00abO Outeiri\u00f1o\u00bb<br \/>\nBanda de M\u00fasica U.C. Campo Lameiro 654 512 323<br \/>\nEscuela de M\u00fasica Campo Lameiro 654 512 323<br \/>\nCoral de M\u00fasica Campo Lameiro 986 844 013 &#8211; 986 752 459<br \/>\nAsociaci\u00f3n Vecinal \u00abPainceiros\u00bb 986 752 441<br \/>\nCoto de Caza \u00abConla\u00bb<br \/>\nCoto de Caza \u00abCampo\u00bb 986 752 201<br \/>\nClub de F\u00fatbol Campo Lameiro CD 986 752 047<br \/>\nMujeres Rurales de Campo Lameiro 986 742 109<\/p>\n<p><strong>Directorio:<br \/>\n<\/strong>Servicios Operarios: 669 707 377 &#8211; 669 707 378 &#8211; 669 707 379<br \/>\nFarmacia: 986 752 030<br \/>\nPunto de Atenci\u00f3n \u00e1 Infancia: 986752305 &#8211; Fax: 986752305<br \/>\nGrupo Escolar: 986 752 035<br \/>\nCentro de Salud (Chanci\u00f1a s\/n. A Lagoa 36110\u00a0Campo Lameiro): 986 75 20 70<\/p>\n<p>[\/vc_column_text][\/vc_column][\/vc_row]\n<\/div>","protected":false},"excerpt":{"rendered":"<p>[vc_row][vc_column][vc_gmaps link=\u00bb#E-8_JTNDaWZyYW1lJTIwc3JjJTNEJTIyaHR0cHMlM0ElMkYlMkZ3d3cuZ29vZ2xlLmNvbSUyRm1hcHMlMkZlbWJlZCUzRnBiJTNEJTIxMW0xOCUyMTFtMTIlMjExbTMlMjExZDI5MzkuNjk5MDM0ODEwMzI3NyUyMTJkLTguNTQ2MTU5NTg0NTM3OTU1JTIxM2Q0Mi41NDA0NDc1NzkxNzUxMSUyMTJtMyUyMTFmMCUyMTJmMCUyMTNmMCUyMTNtMiUyMTFpMTAyNCUyMTJpNzY4JTIxNGYxMy4xJTIxM20zJTIxMW0yJTIxMXMweGQyZjc0Y2NkMDU1NzQ0ZCUyNTNBMHgxYjZhNTNjMGZhNjdhM2U3JTIxMnNDb25jZWxsbyUyQmRlJTJCQ2FtcG8lMkJMYW1laXJvJTIxNWUwJTIxM20yJTIxMXNlcyUyMTJzZXMlMjE0djE1Mjk5MDgwNzE1MzElMjIlMjB3aWR0aCUzRCUyMjYwMCUyMiUyMGhlaWdodCUzRCUyMjQ1MCUyMiUyMGZyYW1lYm9yZGVyJTNEJTIyMCUyMiUyMHN0eWxlJTNEJTIyYm9yZGVyJTNBMCUyMiUyMGFsbG93ZnVsbHNjcmVlbiUzRSUzQyUyRmlmcmFtZSUzRQ==\u00bb size=\u00bb200&#8243;][\/vc_column][vc_column][vc_column_text][\/vc_column_text][\/vc_column][\/vc_row][vc_row][vc_column width=\u00bb1\/2&#8243;][vc_column_text]Dependencias del Ayuntamiento: A Lagoa. Praza da Provincia de Pontevedra, 1 36110 Campo Lameiro Telf: 986 75 20 34 &#8211; 986 752 484 Fax: 986 75 20 84[\/vc_column_text][vc_column_text]Correo electr\u00f3nico: alcaldia@campolameiro.com oficinas@campolameiro.com biblioteca@campolameiro.com tecnicoempleo@campolameiro.com servizossociais@campolameiro.com secretaria@campolameiro.com obradoiro@campolameiro.com Servicio de Taxis: Javier Silva Prieto, A Lagoa 630 671 866 Paz Vidal Fontenla, 697 813 [&hellip;]<\/p>\n","protected":false},"author":1,"featured_media":0,"parent":0,"menu_order":0,"comment_status":"closed","ping_status":"closed","template":"","meta":{"footnotes":""},"aioseo_notices":[],"_links":{"self":[{"href":"https:\/\/campolameiro.org\/es\/wp-json\/wp\/v2\/pages\/658"}],"collection":[{"href":"https:\/\/campolameiro.org\/es\/wp-json\/wp\/v2\/pages"}],"about":[{"href":"https:\/\/campolameiro.org\/es\/wp-json\/wp\/v2\/types\/page"}],"author":[{"embeddable":true,"href":"https:\/\/campolameiro.org\/es\/wp-json\/wp\/v2\/users\/1"}],"replies":[{"embeddable":true,"href":"https:\/\/campolameiro.org\/es\/wp-json\/wp\/v2\/comments?post=658"}],"version-history":[{"count":12,"href":"https:\/\/campolameiro.org\/es\/wp-json\/wp\/v2\/pages\/658\/revisions"}],"predecessor-version":[{"id":6675,"href":"https:\/\/campolameiro.org\/es\/wp-json\/wp\/v2\/pages\/658\/revisions\/6675"}],"wp:attachment":[{"href":"https:\/\/campolameiro.org\/es\/wp-json\/wp\/v2\/media?parent=658"}],"curies":[{"name":"wp","href":"https:\/\/api.w.org\/{rel}","templated":true}]}}