{"id":571,"date":"2018-06-25T07:01:26","date_gmt":"2018-06-25T05:01:26","guid":{"rendered":"https:\/\/campolameiro.org\/solicitudes\/"},"modified":"2018-06-25T07:01:32","modified_gmt":"2018-06-25T05:01:32","slug":"solicitudes","status":"publish","type":"page","link":"https:\/\/campolameiro.org\/es\/solicitudes\/","title":{"rendered":"Solicitudes"},"content":{"rendered":"<div class=\"wpb-content-wrapper\"><p>[vc_row][vc_column width=\u00bb1\/12&#8243;][vc_icon icon_fontawesome=\u00bbfa fa-file-pdf-o\u00bb color=\u00bbcustom\u00bb size=\u00bbxl\u00bb align=\u00bbright\u00bb custom_color=\u00bb#2d914f\u00bb link=\u00bburl:%2Fwp-content%2Fuploads%2F2018%2F06%2Fsolicitude_xeral.pdf||target:%20_blank|\u00bb][\/vc_column][vc_column width=\u00bb11\/12&#8243;][vc_custom_heading text=\u00bbSolicitud general\u00bb font_container=\u00bbtag:h3|text_align:left\u00bb google_fonts=\u00bbfont_family:Roboto%20Slab%3A100%2C300%2Cregular%2C700|font_style:700%20bold%20regular%3A700%3Anormal\u00bb link=\u00bburl:%2Fwp-content%2Fuploads%2F2018%2F06%2Fsolicitude_xeral.pdf|target:%20_blank|\u00bb][\/vc_column][\/vc_row][vc_row][vc_column width=\u00bb1\/12&#8243;][vc_icon icon_fontawesome=\u00bbfa fa-file-pdf-o\u00bb color=\u00bbcustom\u00bb size=\u00bbxl\u00bb align=\u00bbright\u00bb custom_color=\u00bb#2d914f\u00bb link=\u00bburl:%2Fwp-content%2Fuploads%2F2018%2F06%2Fsolicitude_xeral1.pdf||target:%20_blank|\u00bb][\/vc_column][vc_column width=\u00bb11\/12&#8243;][vc_custom_heading text=\u00bbSolicitud exenci\u00f3n del impuesto de veh\u00edculos de tracci\u00f3n mec\u00e1nica\u00bb font_container=\u00bbtag:h3|text_align:left\u00bb google_fonts=\u00bbfont_family:Roboto%20Slab%3A100%2C300%2Cregular%2C700|font_style:700%20bold%20regular%3A700%3Anormal\u00bb link=\u00bburl:%2Fwp-content%2Fuploads%2F2018%2F06%2Fsolicitude_xeral1.pdf|target:%20_blank|\u00bb][\/vc_column][\/vc_row][vc_row][vc_column width=\u00bb1\/12&#8243;][vc_icon icon_fontawesome=\u00bbfa fa-file-pdf-o\u00bb color=\u00bbcustom\u00bb size=\u00bbxl\u00bb align=\u00bbright\u00bb custom_color=\u00bb#2d914f\u00bb link=\u00bburl:%2Fwp-content%2Fuploads%2F2018%2F06%2Fsolicitude_permisos_festas_actos.pdf||target:%20_blank|\u00bb][\/vc_column][vc_column width=\u00bb11\/12&#8243;][vc_custom_heading text=\u00bbSolicitud permiso de fiestas, actos y celebraciones\u00bb font_container=\u00bbtag:h3|text_align:left\u00bb google_fonts=\u00bbfont_family:Roboto%20Slab%3A100%2C300%2Cregular%2C700|font_style:700%20bold%20regular%3A700%3Anormal\u00bb link=\u00bburl:%2Fwp-content%2Fuploads%2F2018%2F06%2Fsolicitude_permisos_festas_actos.pdf|target:%20_blank|\u00bb][\/vc_column][\/vc_row]\n<\/div>","protected":false},"excerpt":{"rendered":"<p>[vc_row][vc_column width=\u00bb1\/12&#8243;][vc_icon icon_fontawesome=\u00bbfa fa-file-pdf-o\u00bb color=\u00bbcustom\u00bb size=\u00bbxl\u00bb align=\u00bbright\u00bb custom_color=\u00bb#2d914f\u00bb link=\u00bburl:%2Fwp-content%2Fuploads%2F2018%2F06%2Fsolicitude_xeral.pdf||target:%20_blank|\u00bb][\/vc_column][vc_column width=\u00bb11\/12&#8243;][vc_custom_heading text=\u00bbSolicitud general\u00bb font_container=\u00bbtag:h3|text_align:left\u00bb google_fonts=\u00bbfont_family:Roboto%20Slab%3A100%2C300%2Cregular%2C700|font_style:700%20bold%20regular%3A700%3Anormal\u00bb link=\u00bburl:%2Fwp-content%2Fuploads%2F2018%2F06%2Fsolicitude_xeral.pdf|target:%20_blank|\u00bb][\/vc_column][\/vc_row][vc_row][vc_column width=\u00bb1\/12&#8243;][vc_icon icon_fontawesome=\u00bbfa fa-file-pdf-o\u00bb color=\u00bbcustom\u00bb size=\u00bbxl\u00bb align=\u00bbright\u00bb custom_color=\u00bb#2d914f\u00bb link=\u00bburl:%2Fwp-content%2Fuploads%2F2018%2F06%2Fsolicitude_xeral1.pdf||target:%20_blank|\u00bb][\/vc_column][vc_column width=\u00bb11\/12&#8243;][vc_custom_heading text=\u00bbSolicitud exenci\u00f3n del impuesto de veh\u00edculos de tracci\u00f3n mec\u00e1nica\u00bb font_container=\u00bbtag:h3|text_align:left\u00bb google_fonts=\u00bbfont_family:Roboto%20Slab%3A100%2C300%2Cregular%2C700|font_style:700%20bold%20regular%3A700%3Anormal\u00bb link=\u00bburl:%2Fwp-content%2Fuploads%2F2018%2F06%2Fsolicitude_xeral1.pdf|target:%20_blank|\u00bb][\/vc_column][\/vc_row][vc_row][vc_column width=\u00bb1\/12&#8243;][vc_icon icon_fontawesome=\u00bbfa fa-file-pdf-o\u00bb color=\u00bbcustom\u00bb size=\u00bbxl\u00bb align=\u00bbright\u00bb custom_color=\u00bb#2d914f\u00bb link=\u00bburl:%2Fwp-content%2Fuploads%2F2018%2F06%2Fsolicitude_permisos_festas_actos.pdf||target:%20_blank|\u00bb][\/vc_column][vc_column width=\u00bb11\/12&#8243;][vc_custom_heading text=\u00bbSolicitud permiso de fiestas, actos y celebraciones\u00bb font_container=\u00bbtag:h3|text_align:left\u00bb google_fonts=\u00bbfont_family:Roboto%20Slab%3A100%2C300%2Cregular%2C700|font_style:700%20bold%20regular%3A700%3Anormal\u00bb link=\u00bburl:%2Fwp-content%2Fuploads%2F2018%2F06%2Fsolicitude_permisos_festas_actos.pdf|target:%20_blank|\u00bb][\/vc_column][\/vc_row]<\/p>\n","protected":false},"author":1,"featured_media":0,"parent":0,"menu_order":0,"comment_status":"closed","ping_status":"closed","template":"","meta":{"footnotes":""},"aioseo_notices":[],"_links":{"self":[{"href":"https:\/\/campolameiro.org\/es\/wp-json\/wp\/v2\/pages\/571"}],"collection":[{"href":"https:\/\/campolameiro.org\/es\/wp-json\/wp\/v2\/pages"}],"about":[{"href":"https:\/\/campolameiro.org\/es\/wp-json\/wp\/v2\/types\/page"}],"author":[{"embeddable":true,"href":"https:\/\/campolameiro.org\/es\/wp-json\/wp\/v2\/users\/1"}],"replies":[{"embeddable":true,"href":"https:\/\/campolameiro.org\/es\/wp-json\/wp\/v2\/comments?post=571"}],"version-history":[{"count":3,"href":"https:\/\/campolameiro.org\/es\/wp-json\/wp\/v2\/pages\/571\/revisions"}],"predecessor-version":[{"id":574,"href":"https:\/\/campolameiro.org\/es\/wp-json\/wp\/v2\/pages\/571\/revisions\/574"}],"wp:attachment":[{"href":"https:\/\/campolameiro.org\/es\/wp-json\/wp\/v2\/media?parent=571"}],"curies":[{"name":"wp","href":"https:\/\/api.w.org\/{rel}","templated":true}]}}