{"id":518,"date":"2018-06-25T05:40:39","date_gmt":"2018-06-25T03:40:39","guid":{"rendered":"https:\/\/campolameiro.org\/padron\/"},"modified":"2018-12-20T13:39:08","modified_gmt":"2018-12-20T12:39:08","slug":"padron","status":"publish","type":"page","link":"https:\/\/campolameiro.org\/es\/padron\/","title":{"rendered":"Padr\u00f3n"},"content":{"rendered":"<div class=\"wpb-content-wrapper\"><p>[vc_row][vc_column][vc_empty_space height=\u00bb50px\u00bb][\/vc_column][vc_column width=\u00bb1\/12&#8243;][vc_icon icon_fontawesome=\u00bbfa fa-file-pdf-o\u00bb color=\u00bbcustom\u00bb size=\u00bbxl\u00bb align=\u00bbright\u00bb custom_color=\u00bb#2d914f\u00bb link=\u00bburl:%2Fwp-content%2Fuploads%2F2018%2F06%2Fsolicitude_certificado_empadroamento.pdf||target:%20_blank|\u00bb][\/vc_column][vc_column width=\u00bb11\/12&#8243;][vc_custom_heading text=\u00bbSolicitud de certificado de empadronamiento\u00bb font_container=\u00bbtag:h3|text_align:left\u00bb google_fonts=\u00bbfont_family:Roboto%20Slab%3A100%2C300%2Cregular%2C700|font_style:700%20bold%20regular%3A700%3Anormal\u00bb link=\u00bburl:%2Fwp-content%2Fuploads%2F2018%2F06%2Fsolicitude_certificado_empadroamento.pdf|target:%20_blank|\u00bb][\/vc_column][vc_column][vc_empty_space height=\u00bb50px\u00bb][\/vc_column][\/vc_row][vc_row][vc_column][vc_custom_heading text=\u00bbPadr\u00f3n de habitantes\u00bb font_container=\u00bbtag:h3|text_align:left\u00bb google_fonts=\u00bbfont_family:Roboto%20Slab%3A100%2C300%2Cregular%2C700|font_style:700%20bold%20regular%3A700%3Anormal\u00bb link=\u00bb|||\u00bb][vc_column_text]El Padr\u00f3n Municipal de Habitantes es el registro administrativo donde constan los vecinos del Ayuntamiento. Toda persona que resida habitualmente en Campo Lameiro tiene la obligaci\u00f3n de inscribirse en el Padr\u00f3n. En el caso de que proceda de otro municipio, el solicitante deber\u00e1 indicar al ayuntamiento el pa\u00eds de procedencia o municipio.[\/vc_column_text][\/vc_column][\/vc_row][vc_row][vc_column][vc_custom_heading text=\u00bbQu\u00e9 podemos solicitar\u00bb font_container=\u00bbtag:h3|text_align:left\u00bb google_fonts=\u00bbfont_family:Roboto%20Slab%3A100%2C300%2Cregular%2C700|font_style:700%20bold%20regular%3A700%3Anormal\u00bb link=\u00bb|||\u00bb][vc_column_text]\n<ol>\n<li><strong>Altas:<\/strong>\n<ul>\n<li>Inmigraci\u00f3n: personas ya empadronadas en otro Municipio o Consulado de Espa\u00f1a en el extranjero.<\/li>\n<li>Omisi\u00f3n: personas no empadronadas anteriormente en ning\u00fan Municipio o Consulado de Espa\u00f1a en el extranjero.<\/li>\n<li>Altas por nacimiento<\/li>\n<li>De oficio: mediante notificaci\u00f3n del Instituto Nacional de Estad\u00edstica siempre que alguno de los padres est\u00e9 empadronado en el Municipio.<\/li>\n<li>A instancia del interesado: el padre o la madre empadronados en el Municipio realizar\u00e1n la inscripci\u00f3n del reci\u00e9n nacido aportando una fotocopia de la hoja del libro de familia donde aparezca el\/la ni\u00f1o\/a y de la hoja donde aparezca el nombre de los padres.<\/li>\n<\/ul>\n<\/li>\n<li><strong>Cambios de Domicilio:<\/strong>\n<ul>\n<li>Todas las personas que cambien su domicilio dentro del Municipio deber\u00e1n comunicarlo al Negociado de Estad\u00edstica del Ayuntamiento de Campo Lameiro.<\/li>\n<\/ul>\n<\/li>\n<li><strong> Modificaci\u00f3n de Datos:<\/strong>\n<ul>\n<li>Cuando en la base de datos del Padr\u00f3n de Habitantes figure un dato incorrecto (nombre y apellidos, fecha de nacimiento, lugar de nacimiento, n\u00ba documento de identidad, nivel de estudios, nacionalidad) deber\u00e1 realizar una petici\u00f3n de modificaci\u00f3n en el Negociado de Estad\u00edstica del Ayuntamiento de Campo Lameiro.<\/li>\n<\/ul>\n<\/li>\n<li><strong>Bajas Emigraci\u00f3n:<\/strong>\n<ul>\n<li>CUANDO UNA PERSONA TRASLADA SU DOMICILIO A OTRO MUNICIPIO EN ESPA\u00d1A O AL EXTRANJERO (REALIZANDO LA INSCRIPCI\u00d3N EN EL CONSULADO ESPA\u00d1OL QUE LE CORRESPONDA) NO DEBE SOLICITAR LA BAJA EN SU AYUNTAMIENTO DE ORIGEN. EL TR\u00c1MITE DE LAS BAJAS POR EMIGRACI\u00d3N SE REALIZA ENTRE AYUNTAMIENTOS O ENTRE AYUNTAMIENTOS Y EL INSTITUTO NACIONAL DE ESTAD\u00cdSTICA. SI UNA PERSONA NO ES ESPA\u00d1OLA Y TRASLADA SU RESIDENCIA DE FORMA DEFINITIVA A OTRO PA\u00cdS, ESA PERSONA DEBE HACER UNA DECLARACI\u00d3N Y ENTREGARLA EN EL NEGOCIADO DE ESTAD\u00cdSTICA PARA QUE CAUSE BAJA EN EL PADR\u00d3N DE HABITANTES.<\/li>\n<\/ul>\n<\/li>\n<\/ol>\n<p>[\/vc_column_text][\/vc_column][\/vc_row]\n<\/div>","protected":false},"excerpt":{"rendered":"<p>[vc_row][vc_column][vc_empty_space height=\u00bb50px\u00bb][\/vc_column][vc_column width=\u00bb1\/12&#8243;][vc_icon icon_fontawesome=\u00bbfa fa-file-pdf-o\u00bb color=\u00bbcustom\u00bb size=\u00bbxl\u00bb align=\u00bbright\u00bb custom_color=\u00bb#2d914f\u00bb link=\u00bburl:%2Fwp-content%2Fuploads%2F2018%2F06%2Fsolicitude_certificado_empadroamento.pdf||target:%20_blank|\u00bb][\/vc_column][vc_column width=\u00bb11\/12&#8243;][vc_custom_heading text=\u00bbSolicitud de certificado de empadronamiento\u00bb font_container=\u00bbtag:h3|text_align:left\u00bb google_fonts=\u00bbfont_family:Roboto%20Slab%3A100%2C300%2Cregular%2C700|font_style:700%20bold%20regular%3A700%3Anormal\u00bb link=\u00bburl:%2Fwp-content%2Fuploads%2F2018%2F06%2Fsolicitude_certificado_empadroamento.pdf|target:%20_blank|\u00bb][\/vc_column][vc_column][vc_empty_space height=\u00bb50px\u00bb][\/vc_column][\/vc_row][vc_row][vc_column][vc_custom_heading text=\u00bbPadr\u00f3n de habitantes\u00bb font_container=\u00bbtag:h3|text_align:left\u00bb google_fonts=\u00bbfont_family:Roboto%20Slab%3A100%2C300%2Cregular%2C700|font_style:700%20bold%20regular%3A700%3Anormal\u00bb link=\u00bb|||\u00bb][vc_column_text]El Padr\u00f3n Municipal de Habitantes es el registro administrativo donde constan los vecinos del Ayuntamiento. Toda persona que resida habitualmente en Campo Lameiro tiene la obligaci\u00f3n de inscribirse en el [&hellip;]<\/p>\n","protected":false},"author":1,"featured_media":0,"parent":0,"menu_order":0,"comment_status":"closed","ping_status":"closed","template":"","meta":{"footnotes":""},"aioseo_notices":[],"_links":{"self":[{"href":"https:\/\/campolameiro.org\/es\/wp-json\/wp\/v2\/pages\/518"}],"collection":[{"href":"https:\/\/campolameiro.org\/es\/wp-json\/wp\/v2\/pages"}],"about":[{"href":"https:\/\/campolameiro.org\/es\/wp-json\/wp\/v2\/types\/page"}],"author":[{"embeddable":true,"href":"https:\/\/campolameiro.org\/es\/wp-json\/wp\/v2\/users\/1"}],"replies":[{"embeddable":true,"href":"https:\/\/campolameiro.org\/es\/wp-json\/wp\/v2\/comments?post=518"}],"version-history":[{"count":8,"href":"https:\/\/campolameiro.org\/es\/wp-json\/wp\/v2\/pages\/518\/revisions"}],"predecessor-version":[{"id":1713,"href":"https:\/\/campolameiro.org\/es\/wp-json\/wp\/v2\/pages\/518\/revisions\/1713"}],"wp:attachment":[{"href":"https:\/\/campolameiro.org\/es\/wp-json\/wp\/v2\/media?parent=518"}],"curies":[{"name":"wp","href":"https:\/\/api.w.org\/{rel}","templated":true}]}}