{"id":503,"date":"2018-06-25T05:25:49","date_gmt":"2018-06-25T03:25:49","guid":{"rendered":"https:\/\/campolameiro.org\/infraestructuras\/"},"modified":"2020-10-16T16:38:51","modified_gmt":"2020-10-16T14:38:51","slug":"infraestructura","status":"publish","type":"page","link":"https:\/\/campolameiro.org\/es\/infraestructura\/","title":{"rendered":"Infraestructura"},"content":{"rendered":"<div class=\"wpb-content-wrapper\"><p>[vc_row][vc_column width=\u00bb1\/4&#8243;][vc_single_image image=\u00bb489&#8243; img_size=\u00bbfull\u00bb alignment=\u00bbcenter\u00bb onclick=\u00bblink_image\u00bb][\/vc_column][vc_column width=\u00bb3\/4&#8243;][vc_column_text]El impulso de la actividad empresarial esuno de lo objetivos de la corporaci\u00f3n de Campo Lameiro, al considetar que se trata de uno de los pilares b\u00e1sicos del futuro do municipio.<\/p>\n<p>Desde esta \u00f3ptica, se dieron los pasos precisos para llevar a cabo la creaci\u00f3n del pol\u00edgono industrial.<\/p>\n<p>El Ayuntamiento llev\u00f3 a cabo la urbanizaci\u00f3n del Parque. El importe de 3.064.087 euros se financiar\u00e1 con la venta de parcelas, de las que ya est\u00e1n solicitadas un \ud83d\ude2f por ciento.  La Diputaci\u00f3n aportar\u00e1 la maquinaria para el acondicionamerrto del terreo y la Consejer\u00eda de Medio Ambiente destinar\u00e1 600.000 euros al sanamiento.[\/vc_column_text][\/vc_column][\/vc_row][vc_row][vc_column][vc_empty_space height=\u00bb50px\u00bb][\/vc_column][vc_column width=\u00bb1\/2&#8243;][vc_single_image image=\u00bb492&#8243; img_size=\u00bbfull\u00bb alignment=\u00bbright\u00bb onclick=\u00bblink_image\u00bb][\/vc_column][vc_column width=\u00bb1\/2&#8243;][vc_column_text]Parcelas de uso industrial:&#8230;&#8230;&#8230;&#8230;&#8230;&#8230;&#8230;&#8230;&#8230;&#8230;&#8230;&#8230;42.000 m2.<br \/>\nParcelas de uso terciario&#8230;&#8230;&#8230;&#8230;&#8230;&#8230;&#8230;&#8230;&#8230;&#8230;&#8230;&#8230;&#8230;28.135 m2.<br \/>\nAreas verdes yde esparcimiento&#8230;&#8230;&#8230;&#8230;&#8230;&#8230;&#8230;&#8230;&#8230;.15.075 m2.<br \/>\nEquipamentos&#8230;&#8230;&#8230;&#8230;&#8230;&#8230;&#8230;&#8230;&#8230;&#8230;&#8230;&#8230;&#8230;&#8230;&#8230;&#8230;&#8230;&#8230;..2.154 m2.<br \/>\nViales y aparcamientos&#8230;&#8230;&#8230;&#8230;&#8230;&#8230;&#8230;&#8230;&#8230;&#8230;&#8230;&#8230;&#8230;..19.716 m2.<br \/>\nServicios&#8230;&#8230;&#8230;&#8230;&#8230;&#8230;&#8230;&#8230;&#8230;&#8230;&#8230;&#8230;&#8230;&#8230;&#8230;&#8230;&#8230;&#8230;&#8230;&#8230;&#8230;&#8230;400 m2.<br \/>\nSuperficie total del parque&#8230;&#8230;&#8230;&#8230;&#8230;&#8230;&#8230;&#8230;&#8230;&#8230;&#8230;..107.682 m2. [\/vc_column_text][\/vc_column][\/vc_row][vc_row][vc_column][vc_empty_space height=\u00bb50px\u00bb][\/vc_column][vc_column width=\u00bb5\/12&#8243;][vc_column_text]\n<p style=\"text-align: center;\"><strong>Centro Sociocultural Sobrino Buhigas<\/strong><\/p>\n<p>[\/vc_column_text][vc_single_image image=\u00bb495&#8243; img_size=\u00bbfull\u00bb alignment=\u00bbcenter\u00bb onclick=\u00bblink_image\u00bb][vc_column_text]Con este centro se dot\u00f3 a la vecindad de un lugar para la celebraci\u00f3n de distintas actividades, culturales, l\u00fadicas, formativas y art\u00edsticas.<\/p>\n<p>El centro dispone de un auditorio completamente equipado con 154 plazas, en un edificio distribuido en tres plantas, que cuenta adem\u00e1s con salas de exposici\u00f3n, aulas para cursos, talleres, y varios despachos. [\/vc_column_text][\/vc_column][vc_column width=\u00bb1\/12&#8243;][\/vc_column][vc_column width=\u00bb1\/2&#8243;][vc_column_text]\nPolideportivo y gimnasio con sauna y masaje<br \/>\n[\/vc_column_text][vc_single_image image=\u00bb494&#8243; img_size=\u00bbfull\u00bb alignment=\u00bbcenter\u00bb onclick=\u00bblink_image\u00bb][vc_column_text]Ampliar la oferta l\u00fadico-deportiva de Campo Lameiro fu\u00e9 sempre uno de los<br \/>\nobjetivos prioritarios del gobierno local.<\/p>\n<p>En este sentido las gestiones realizadas en el2002 por el gobierno local para complementar las prestaciones del pabell\u00f3n polideportivo dieron sus frutos<\/p>\n<p>Hoy, los vecinos de Carnpo Lameiro pueden disfruutar no solo de las posibilidades que les ofrec\u00eda el polideportivo, sin\u00f3 que adem\u00e1s cuentan conj un aut\u00e9ntico gimnasio.<\/p>\n<p>Las obras con una inversi\u00f3n de 400.000 \u20ac, ampliaron los espacios deportivos en mas de 300m .[\/vc_column_text][\/vc_column][\/vc_row][vc_row][vc_column][vc_empty_space height=\u00bb50px\u00bb][\/vc_column][vc_column width=\u00bb1\/2&#8243;][vc_column_text]\n<p style=\"text-align: center;\"><strong>VivIendas Sociales<\/strong><\/p>\n<p>Campo Lameiro promovi\u00f3 la creaci\u00f3n de 8 viviendas sociales.<\/p>\n<p>Atender las necesidades de vivienda en el Ayuntamientoo \u00e9s una de las obligaciones de la Corporaci\u00f3n.<\/p>\n<p>En este sentido, el Alcalde, Julio Saians, promovi\u00f3 la construcci\u00f3n de ocho viviendas sociales en \u00aba Veiga de San Miguel\u00bb.<\/p>\n<p>Este constituye el primeir paso para continuar en la l\u00edneaa de dotar al Ayuntamiento de mas viviendas sociales.[\/vc_column_text][\/vc_column][vc_column width=\u00bb1\/12&#8243;][\/vc_column][vc_column width=\u00bb5\/12&#8243;][vc_column_text]\n<p style=\"text-align: center;\"><strong>Biblioteca<\/strong><\/p>\n<p>[\/vc_column_text][vc_single_image image=\u00bb500&#8243; img_size=\u00bbfull\u00bb alignment=\u00bbcenter\u00bb onclick=\u00bblink_image\u00bb][vc_column_text]Una blibloteca municipal, al lado de la Casa Consistoriasl, que entre otros servicios permite el acceso gratuito a Internet para los\/as usuarios\/as.[\/vc_column_text][\/vc_column][\/vc_row]\n<\/div>","protected":false},"excerpt":{"rendered":"<p>[vc_row][vc_column width=\u00bb1\/4&#8243;][vc_single_image image=\u00bb489&#8243; img_size=\u00bbfull\u00bb alignment=\u00bbcenter\u00bb onclick=\u00bblink_image\u00bb][\/vc_column][vc_column width=\u00bb3\/4&#8243;][vc_column_text]El impulso de la actividad empresarial esuno de lo objetivos de la corporaci\u00f3n de Campo Lameiro, al considetar que se trata de uno de los pilares b\u00e1sicos del futuro do municipio. Desde esta \u00f3ptica, se dieron los pasos precisos para llevar a cabo la creaci\u00f3n del pol\u00edgono industrial. El [&hellip;]<\/p>\n","protected":false},"author":1,"featured_media":0,"parent":0,"menu_order":0,"comment_status":"closed","ping_status":"closed","template":"","meta":{"footnotes":""},"aioseo_notices":[],"_links":{"self":[{"href":"https:\/\/campolameiro.org\/es\/wp-json\/wp\/v2\/pages\/503"}],"collection":[{"href":"https:\/\/campolameiro.org\/es\/wp-json\/wp\/v2\/pages"}],"about":[{"href":"https:\/\/campolameiro.org\/es\/wp-json\/wp\/v2\/types\/page"}],"author":[{"embeddable":true,"href":"https:\/\/campolameiro.org\/es\/wp-json\/wp\/v2\/users\/1"}],"replies":[{"embeddable":true,"href":"https:\/\/campolameiro.org\/es\/wp-json\/wp\/v2\/comments?post=503"}],"version-history":[{"count":12,"href":"https:\/\/campolameiro.org\/es\/wp-json\/wp\/v2\/pages\/503\/revisions"}],"predecessor-version":[{"id":4797,"href":"https:\/\/campolameiro.org\/es\/wp-json\/wp\/v2\/pages\/503\/revisions\/4797"}],"wp:attachment":[{"href":"https:\/\/campolameiro.org\/es\/wp-json\/wp\/v2\/media?parent=503"}],"curies":[{"name":"wp","href":"https:\/\/api.w.org\/{rel}","templated":true}]}}