{"id":4888,"date":"2020-10-20T11:33:21","date_gmt":"2020-10-20T09:33:21","guid":{"rendered":"https:\/\/campolameiro.org\/campo-lameiro-cd\/"},"modified":"2020-10-21T10:13:06","modified_gmt":"2020-10-21T08:13:06","slug":"campo-lameiro-cd","status":"publish","type":"page","link":"https:\/\/campolameiro.org\/es\/campo-lameiro-cd\/","title":{"rendered":"Campo Lameiro C.D."},"content":{"rendered":"<div class=\"wpb-content-wrapper\"><p>[vc_row][vc_column][vc_single_image image=\u00bb4855&#8243; img_size=\u00bbfull\u00bb alignment=\u00bbcenter\u00bb][vc_column_text]\n<p align=\"JUSTIFY\"><strong><img loading=\"lazy\" decoding=\"async\" class=\"alignright wp-image-4845 size-medium\" src=\"https:\/\/campolameiro.org\/wp-content\/uploads\/2020\/10\/Escudo-Campo-Lameiro-228x300.png\" alt=\"\" width=\"228\" height=\"300\" srcset=\"https:\/\/campolameiro.org\/wp-content\/uploads\/2020\/10\/Escudo-Campo-Lameiro-228x300.png 228w, https:\/\/campolameiro.org\/wp-content\/uploads\/2020\/10\/Escudo-Campo-Lameiro.png 494w\" sizes=\"(max-width: 228px) 100vw, 228px\" \/>DATOS DE INTERESE<br \/>\n<\/strong><\/p>\n<p style=\"padding-left: 30px;\" align=\"JUSTIFY\"><span style=\"font-size: 16px;\"><strong>Ano de Fundaci\u00f3n:<\/strong> <\/span><span style=\"font-size: 16px;\">1979<\/span><\/p>\n<p style=\"padding-left: 30px;\" align=\"JUSTIFY\"><span style=\"font-size: 16px;\"><strong>Socios:<\/strong> 182 socios<\/span><\/p>\n<p style=\"padding-left: 30px;\" align=\"JUSTIFY\"><span style=\"font-size: 16px;\"><strong>Presidente fundador:<\/strong> Julio Prieto Castro (Q.E.P.D.)<\/span><\/p>\n<p style=\"padding-left: 30px;\" align=\"JUSTIFY\"><span style=\"font-size: 16px;\"><strong>Presidente actual:<\/strong> Jes\u00fas Mar\u00eda Garc\u00eda Ameijeiras<\/span><\/p>\n<p style=\"padding-left: 30px;\" align=\"JUSTIFY\"><span style=\"font-size: 16px;\"><strong>Directiva actual:<\/strong> Dolores Torres, Manuel Mart\u00ednez, Jos\u00e9 Manuel Senra, Gonzalo Mart\u00ednez, Enrique Prieto, Lino Vali\u00f1o, Xavier Orozco, Mateo Garc\u00eda e Iv\u00e1n Bern\u00e1rdez.<\/span><\/p>\n<p align=\"JUSTIFY\"><strong><span style=\"font-size: 16px;\">INSTALACI\u00d3NS<\/span><\/strong><\/p>\n<p style=\"padding-left: 30px;\" align=\"JUSTIFY\"><span style=\"font-size: 16px;\"><strong>Campo Municipal de A Chanci\u00f1a:<\/strong> Campo de herba sint\u00e9tica cunhas medidas de 100 m. x 58 m., dotado con 6 vestiarios para xogadores, 3 vestiarios para \u00e1rbitros, marcador electr\u00f3nico e asentos para 270 espectadores. O campo foi reinaugurado como campo de herba artificial en decembro do 2009 (antes era de terra) e os novos vestiarios foron inaugurados en marzo do 2015.<\/span><\/p>\n<p style=\"padding-left: 30px;\" align=\"JUSTIFY\"><span style=\"font-size: 16px;\"><strong>Pabell\u00f3n Municipal:<\/strong> Instalaci\u00f3n onde compite a secci\u00f3n de F\u00fatbol sala do Campo Lameiro C.D.<\/span><\/p>\n<p>[\/vc_column_text][\/vc_column][\/vc_row][vc_row][vc_column width=\u00bb1\/2&#8243;][vc_single_image image=\u00bb4851&#8243; img_size=\u00bbfull\u00bb][\/vc_column][vc_column width=\u00bb1\/2&#8243;][vc_column_text]\n<p align=\"JUSTIFY\"><strong>EQUIPACI\u00d3N<\/strong><\/p>\n<p style=\"padding-left: 30px;\" align=\"JUSTIFY\"><strong>Primeira Equipaci\u00f3n<\/strong><\/p>\n<p style=\"padding-left: 30px;\" align=\"JUSTIFY\">Camiseta Verde &#8211; Pantal\u00f3n Blanco &#8211; Medias Verdes<\/p>\n<p style=\"padding-left: 30px;\" align=\"JUSTIFY\"><strong>Segunda Equipaci\u00f3n<\/strong><\/p>\n<p style=\"padding-left: 30px;\" align=\"JUSTIFY\">Camiseta Blanca &#8211; Pantal\u00f3n Verde &#8211; Medias Blancas<\/p>\n<p>[\/vc_column_text][\/vc_column][\/vc_row][vc_row][vc_column][vc_column_text]\n<p align=\"JUSTIFY\"><strong>PALMAR\u00c9S<\/strong><\/p>\n<p style=\"padding-left: 30px;\" align=\"JUSTIFY\">Equipo S\u00e9nior &#8211; Tempadas en Preferente: 1 tempada<\/p>\n<p style=\"padding-left: 30px;\" align=\"JUSTIFY\">Equipo S\u00e9nior &#8211; Tempadas en 1\u00aa Auton\u00f3mica: 6 tempadas<\/p>\n<p style=\"padding-left: 30px;\" align=\"JUSTIFY\">Equipo S\u00e9nior \u2013 Tempadas en 2\u00aa Auton\u00f3mica: 13 tempadas<\/p>\n<p style=\"padding-left: 30px;\" align=\"JUSTIFY\">Equipo S\u00e9nior \u2013 Tempadas en 3\u00aa Auton\u00f3mica: 21 tempadas<\/p>\n<p style=\"padding-left: 30px;\" align=\"JUSTIFY\">1 Subcampeonato de 1\u00aa Auton\u00f3mica na tempada 2016-17<\/p>\n<p style=\"padding-left: 30px;\" align=\"JUSTIFY\">Campi\u00f3n de 2\u00aa Auton\u00f3mica na tempada 2013-14<\/p>\n<p style=\"padding-left: 30px;\" align=\"JUSTIFY\">2 Veces campi\u00f3n de 3\u00ba Auton\u00f3mica nas tempadas 1981-82 e 1996-97.<\/p>\n<p style=\"padding-left: 30px;\" align=\"JUSTIFY\">1 Subcampeonato de 3\u00ba Auton\u00f3mica na tempada 2006-07.<\/p>\n<p style=\"padding-left: 30px;\" align=\"JUSTIFY\">Campi\u00f3n Liga Cadete F\u00fatbol sala na tempada 2014-15.<\/p>\n<p style=\"padding-left: 30px;\" align=\"JUSTIFY\">Subcampi\u00f3n Copa Local Cadete de F\u00fatbol sala na tempada 2017-18.<\/p>\n<p style=\"padding-left: 30px;\" align=\"JUSTIFY\">1 Subcampeonato Segunda Local Xuvenil de F\u00fatbol sala na tempada 2019-20.<\/p>\n<p style=\"padding-left: 30px;\" align=\"JUSTIFY\">3 Veces Campi\u00f3n do Torneo Julio Prieto.<\/p>\n<p style=\"padding-left: 30px;\" align=\"JUSTIFY\">2 Vez Campi\u00f3n do Trofeo Frutos Secos El Nogal.<\/p>\n<p>[\/vc_column_text][\/vc_column][\/vc_row][vc_row][vc_column width=\u00bb1\/3&#8243;][vc_single_image image=\u00bb4857&#8243; img_size=\u00bbfull\u00bb onclick=\u00bblink_image\u00bb][\/vc_column][vc_column width=\u00bb1\/3&#8243;][vc_single_image image=\u00bb4858&#8243; img_size=\u00bbfull\u00bb onclick=\u00bblink_image\u00bb][\/vc_column][vc_column width=\u00bb1\/3&#8243;][vc_single_image image=\u00bb4859&#8243; img_size=\u00bbfull\u00bb onclick=\u00bblink_image\u00bb][\/vc_column][\/vc_row][vc_row][vc_column][vc_column_text]\n<p align=\"JUSTIFY\"><strong>HISTORIA<\/strong><\/p>\n<p align=\"JUSTIFY\"><img loading=\"lazy\" decoding=\"async\" class=\"alignright wp-image-4860 size-medium\" src=\"https:\/\/campolameiro.org\/wp-content\/uploads\/2020\/10\/Campo-Lameiro-Equipo-que-consiguio-el-Primer-Ascenso-a-Segunda-en-la-Temporada-1980-81-300x235.jpg\" alt=\"\" width=\"300\" height=\"235\" srcset=\"https:\/\/campolameiro.org\/wp-content\/uploads\/2020\/10\/Campo-Lameiro-Equipo-que-consiguio-el-Primer-Ascenso-a-Segunda-en-la-Temporada-1980-81-300x235.jpg 300w, https:\/\/campolameiro.org\/wp-content\/uploads\/2020\/10\/Campo-Lameiro-Equipo-que-consiguio-el-Primer-Ascenso-a-Segunda-en-la-Temporada-1980-81-768x603.jpg 768w, https:\/\/campolameiro.org\/wp-content\/uploads\/2020\/10\/Campo-Lameiro-Equipo-que-consiguio-el-Primer-Ascenso-a-Segunda-en-la-Temporada-1980-81-1024x804.jpg 1024w\" sizes=\"(max-width: 300px) 100vw, 300px\" \/>A orixe do Campo Lameiro C.D. data da campa\u00f1a 1979\/1980, momento no que varios rapaces que militaban en equipos federados da zona decidiron xuntarse e formar un equipo propio no seu pobo, o 11\/06\/1979 inscr\u00edbese na Federaci\u00f3n Galega de F\u00fatbol e o 21\/10\/1979 debuta en competici\u00f3n oficial enfront\u00e1ndose ao Atl\u00e9tico C\u00e9sar en Terceira Rexional, por aquela \u00e9poca Julio Prieto era o presidente. A entidade callou unha boa estrea e a li\u00f1a ascendente que tivo nas s\u00faas 2 primeiras tempadas posibilitou que o club alcanzase o seu primeiro ascenso na tempada 1981-82.<\/p>\n<p align=\"JUSTIFY\">A Segunda Rexional deu a benvida ao Campo Lameiro na tempada 1982-83. O equipo reforzouse, dentro das s\u00faas posibilidades, e puido manterse ata a tempada 1983-84, tempada na que volveu caer no pozo da Terceira Rexional.<\/p>\n<p align=\"JUSTIFY\"><img loading=\"lazy\" decoding=\"async\" class=\"wp-image-4861 size-medium alignleft\" src=\"https:\/\/campolameiro.org\/wp-content\/uploads\/2020\/10\/Campo-Lameiro-Equipo-A\u00f1o-Fundaci\u00f3n-1979-1980-300x216.jpg\" alt=\"\" width=\"300\" height=\"216\" srcset=\"https:\/\/campolameiro.org\/wp-content\/uploads\/2020\/10\/Campo-Lameiro-Equipo-A\u00f1o-Fundaci\u00f3n-1979-1980-300x216.jpg 300w, https:\/\/campolameiro.org\/wp-content\/uploads\/2020\/10\/Campo-Lameiro-Equipo-A\u00f1o-Fundaci\u00f3n-1979-1980-768x552.jpg 768w, https:\/\/campolameiro.org\/wp-content\/uploads\/2020\/10\/Campo-Lameiro-Equipo-A\u00f1o-Fundaci\u00f3n-1979-1980-1024x736.jpg 1024w\" sizes=\"(max-width: 300px) 100vw, 300px\" \/>Durante este longo per\u00edodo de tempo, a entidade traballou na creaci\u00f3n das categor\u00edas inferiores, sufriu ata cinco cambios na presidencia e na tempada 1996-97, con Julio Prieto de novo ao mando, o Campo Lameiro regresou \u00e1 Segunda Rexional. Ademais do esforzo realizado polo dirixente, gran parte da culpa deste \u00e9xito t\u00edvoa Javier Garc\u00eda Barrio, ex futbolista do Pontevedra, Arousa e preparador do equipo naquela tempada.<\/p>\n<p>[\/vc_column_text][vc_column_text]\n<p align=\"JUSTIFY\"><strong>Punto de inflexi\u00f3n<\/strong><\/p>\n<p align=\"JUSTIFY\">O conxunto pontevedr\u00e9s logrou manterse durante catro anos na Segunda Rexional, na tempada 2000-01 consumouse o segundo descenso e tras pasar uns anos moi complicados, na campa\u00f1a 2004-2005 produciuse o punto de inflexi\u00f3n no devir da entidade. Ademais da chegada de catro deportistas de primeiro nivel (Iv\u00e1n, Lu\u00eds, Fumega e Porteli\u00f1a), o club apostou por Jos\u00e9 Alberto Monteagudo, \u201cBerto\u201d, para liderar o novo proxecto deportivo.<\/p>\n<p align=\"JUSTIFY\">No seu primeiro ano \u00e1 fronte do barco, Berto situou ao equipo na terceira posici\u00f3n da t\u00e1boa clasificatoria e acari\u00f1ou o salto de categor\u00eda, obxectivo que si alcanzar\u00eda dous exercicios m\u00e1is tarde ao derrotar ao Dorr\u00f3n e ao Figueirido na loita por unha praza na Segunda Auton\u00f3mica, categor\u00eda na que se foi afianzando cada vez m\u00e1is ata que na tempada 2013-14 consegue ascender por primeira vez a Primeira Auton\u00f3mica proclam\u00e1ndose ademais campi\u00f3n e conseguindo o ascenso varias xornadas antes de que finalizase o campionato.<\/p>\n<p align=\"JUSTIFY\">O equipo inicia a s\u00faa andaina en Primeira Auton\u00f3mica na tempada 2014-15 competindo moi ben e conseguindo terminar as s\u00faas 2 primeiras tempadas clasificado en 10\u00aa posici\u00f3n.<\/p>\n<p align=\"JUSTIFY\">A tempada 2015-16 est\u00e1 marcada por unha revoluci\u00f3n no persoal que empeza pola marcha por motivos laborais de \u201cBerto, o eterno adestrador do Campola\u201d e un dos m\u00e1ximos culpables do afianzamento do Club e de numerosos xogadores. O que en principio prev\u00edase como unha tempada moi complicada, terminou sendo ao final una das mellores tempadas do club en toda a s\u00faa historia, xa que os homes de Romario e Hugo conseguiron o fito hist\u00f3rico de levar ao Campola \u00e1 Preferente.<\/p>\n<p align=\"JUSTIFY\">A tempada 2016-17 ser\u00e1 sen d\u00fabida, inesquecible para o noso Club, lamentablemente non demos conseguido manter a categor\u00eda a pesar de quedar nunha dign\u00edsima 16\u00aa posici\u00f3n pero debido a arrastres de equipos de superior categor\u00eda, o equipo descende de novo a Primeira Auton\u00f3mica.<\/p>\n<p align=\"JUSTIFY\">Pese ao descenso, a estancia en Preferente quedar\u00e1 para sempre marcada na historia do noso Club por posibilitar que xogadores lenda do Club como Arias, Font\u00e1n, Bruno, Sergio, Berti\u00f1o ou Toto tivesen a oportunidade de defender as cores do Campo Lameiro contra equipos como o VDE Ourense, O Porri\u00f1o Industrial ou o Estradense ou ter o privilexio de xogar nun campo hist\u00f3rico como \u201cO Couto\u201d en Ourense.<\/p>\n<p align=\"JUSTIFY\">As 2 \u00faltimas tempadas, a 2018-19 e a 2019-20, o equipo volveu competir en Primeira Auton\u00f3mica loitando en ambas as tempadas polos postos altos da t\u00e1boa clasificatoria.<\/p>\n<p align=\"JUSTIFY\">Polo que respecta \u00e1s categor\u00edas inferiores o Club loita, tempada tras tempada, coa dif\u00edcil misi\u00f3n de tentar competir en varias categor\u00edas co gran h\u00e1ndicap que sup\u00f3n a pouca poboaci\u00f3n da que disp\u00f3n o noso concello.<\/p>\n<p align=\"JUSTIFY\">O primeiro equipo base do Campo Lameiro data da tempada 1983-84 na que o club federou por vez primeira un equipo en categor\u00eda xuvenil, dende esa \u00e9poca ata a tempada 2010-11 na que o club consegue sa\u00edr a competir con 2 equipos basee (alev\u00edns e benxam\u00edns), vanse alternando tempadas con 1 equipo basee (en categor\u00eda cadete ou xuvenil) ou con ning\u00fan.<\/p>\n<p>O arranque do f\u00fatbol base ten un motivo principal, o campo de herba sint\u00e9tica inaugurado en decembro do 2009 e que posibilitou que o club poida competir en f\u00fatbol 8, categor\u00edas nas que, non sen esforzo, \u00e9 capaz de xuntar equipos de 1, 2 ou ata 3 categor\u00edas, iso si, coa particularidade de que ao chegar \u00e1 categor\u00eda infantil, os nosos nenos te\u00f1en que deixar o F\u00fatbol 8 para pasarse ao F\u00fatbol sala, categor\u00eda na que o noso Club alcanzou os seus maiores \u00e9xitos dentro do F\u00fatbol Basee e que son un t\u00edtulo de campi\u00f3n na liga Local Cadete de F\u00fatbol sala da tempada 2014-15, un subcampeonato da Copa Local Cadete de F\u00fatbol sala na tempada 2017-18 e o subcampeonato na Segunda Local de Xuven\u00eds de F\u00fatbol sala da tempada 2019-20.[\/vc_column_text][vc_images_carousel images=\u00bb4865,4866,4864,4863,4862&#8243; img_size=\u00bbfull\u00bb slides_per_view=\u00bb5&#8243; hide_pagination_control=\u00bbyes\u00bb hide_prev_next_buttons=\u00bbyes\u00bb][\/vc_column][\/vc_row][vc_row][vc_column][vc_column_text]\n<p align=\"JUSTIFY\"><strong><span lang=\"es-ES\">MEMORIA DEPORTIVA CAMPO LAMEIRO C.D. &#8211; TEMPORADA 2019-2020<\/span><\/strong><\/p>\n<p align=\"JUSTIFY\"><span lang=\"es-ES\">Como breve introducci\u00f3n \u00f3s logros acadados polos equipos do Campo Lameiro C.D. quixera destacar o feito de que Campo Lameiro \u00e9 un dos concellos con menos poboaci\u00f3n da nosa provincia, e que pese a este dif\u00edcil contratempo o noso equipo foi quen de poner a competir a 6 equipos en competici\u00f3ns federadas.<\/span><\/p>\n<p align=\"JUSTIFY\"><span lang=\"es-ES\">O Campo Lameiro C.D. participou na temporada 2019-2020 en competici\u00f3ns federadas, todas elas organizadas pola Federaci\u00f3n Gallega de F\u00fatbol, nas seguintes categor\u00edas e modalidades:<\/span><\/p>\n<ul>\n<li><strong><span lang=\"es-ES\">Categor\u00eda S\u00e9nior<\/span><\/strong><span lang=\"es-ES\">: O noso equipo compiteu no Grupo 5\u00ba da Primeira Auton\u00f3mica de F\u00fatbol 11, competici\u00f3n na que terminou 10\u00ba clasificado e na que tivo que competir con equipos da Delegaci\u00f3n de Futbol de Pontevedra e Vigo.<\/span><\/li>\n<\/ul>\n<p style=\"padding-left: 30px;\" align=\"JUSTIFY\"><span lang=\"es-ES\">O Campo Lameiro C.D. S\u00e9nior contou na temporada 2019-2020 con 21 xogadores e 4 t\u00e9cnicos.<\/span><\/p>\n<ul>\n<li>\n<p align=\"JUSTIFY\"><strong><span lang=\"es-ES\">Categor\u00eda Xuvenil<\/span><\/strong><span lang=\"es-ES\">: O noso equipo compiteu na Liga Local de F\u00fatbol Sala de Vigo, quedando clasificado para competir no Grupo da Segunda Divisi\u00f3n da Liga Local, competici\u00f3n na que quedou clasificado en 2\u00aa posici\u00f3n competindo con equipos das delegaci\u00f3ns de Vigo, Ourense e Pontevedra.<\/span><\/p>\n<\/li>\n<\/ul>\n<p style=\"padding-left: 30px;\" align=\"JUSTIFY\"><span lang=\"es-ES\">O Campo Lameiro C.D Xuvenil contou na temporada 2019-2020 con 11 xogadores e 2 t\u00e9cnicos.<\/span><\/p>\n<ul>\n<li>\n<p align=\"JUSTIFY\"><strong><span lang=\"es-ES\">Categor\u00eda Infantil<\/span><\/strong><span lang=\"es-ES\">: O noso equipo compiteu na Liga Local de F\u00fatbol Sala de Pontevedra, quedando clasificado en 9\u00aa posici\u00f3n.<\/span><\/p>\n<\/li>\n<\/ul>\n<p style=\"padding-left: 30px;\" align=\"JUSTIFY\"><span lang=\"es-ES\">O Campo Lameiro C.D. Infantil contou na temporada 2019-2020 con 9 xogadores e 1 t\u00e9cnico.<\/span><\/p>\n<ul>\n<li>\n<p align=\"JUSTIFY\"><strong><span lang=\"es-ES\">Categor\u00eda Alev\u00edn<\/span><\/strong><span lang=\"es-ES\">: O noso equipo compiteu na modalidade de F\u00fatbol 8 quedando na fase previa clasificado para xogar no Grupo 62\u00aa da Terceira Galicia, competici\u00f3n na que quedou clasificado en 9\u00aa posici\u00f3n.<\/span><\/p>\n<\/li>\n<\/ul>\n<p style=\"padding-left: 30px;\" align=\"JUSTIFY\"><span lang=\"es-ES\">O Campo Lameiro C.D. Alev\u00edn contou na temporada 2019-2020 con 10 xogadores e 1 t\u00e9cnico.<\/span><\/p>\n<ul>\n<li>\n<p align=\"JUSTIFY\"><strong><span lang=\"es-ES\">Categor\u00eda Prebenxam\u00edn<\/span><\/strong><span lang=\"es-ES\">: O noso equipo compiteu na Liga Local de F\u00fatbol Sala de Pontevedra, quedando clasificado para competir na Primeira Divisi\u00f3n da Liga Local, competici\u00f3n na que quedou clasificado en 9\u00aa posici\u00f3n.<\/span><\/p>\n<\/li>\n<\/ul>\n<p style=\"padding-left: 30px;\" align=\"JUSTIFY\"><span lang=\"es-ES\">O Campo Lameiro C.D. Prebenxam\u00edn contou na temporada 2019-2020 con 9 xogadores (7 nenos e 2 nenas) e 2 t\u00e9cnicos.<\/span><\/p>\n<ul>\n<li><strong><span lang=\"es-ES\">Categor\u00eda Veteranos<\/span><\/strong><span lang=\"es-ES\">: o equipo de Veteranos do Campo Lameiro C.D. participou no Grupo 1 de Terceira Galicia, rematando a competici\u00f3n clasificado na 13\u00aa posici\u00f3n.<\/span><\/li>\n<\/ul>\n<p style=\"padding-left: 30px;\" align=\"JUSTIFY\"><span lang=\"es-ES\">O Campo Lameiro C.D. Veteranos contou na temporada 2019-2020 con 19 xogadores.<\/span><\/p>\n<p>[\/vc_column_text][vc_single_image image=\u00bb4867&#8243; img_size=\u00bbfull\u00bb alignment=\u00bbcenter\u00bb][\/vc_column][\/vc_row][vc_row][vc_column][vc_single_image image=\u00bb4854&#8243; img_size=\u00bbfull\u00bb alignment=\u00bbcenter\u00bb][\/vc_column][\/vc_row]\n<\/div>","protected":false},"excerpt":{"rendered":"<p>[vc_row][vc_column][vc_single_image image=\u00bb4855&#8243; img_size=\u00bbfull\u00bb alignment=\u00bbcenter\u00bb][vc_column_text] DATOS DE INTERESE Ano de Fundaci\u00f3n: 1979 Socios: 182 socios Presidente fundador: Julio Prieto Castro (Q.E.P.D.) Presidente actual: Jes\u00fas Mar\u00eda Garc\u00eda Ameijeiras Directiva actual: Dolores Torres, Manuel Mart\u00ednez, Jos\u00e9 Manuel Senra, Gonzalo Mart\u00ednez, Enrique Prieto, Lino Vali\u00f1o, Xavier Orozco, Mateo Garc\u00eda e Iv\u00e1n Bern\u00e1rdez. INSTALACI\u00d3NS Campo Municipal de A Chanci\u00f1a: Campo [&hellip;]<\/p>\n","protected":false},"author":1,"featured_media":0,"parent":0,"menu_order":0,"comment_status":"closed","ping_status":"closed","template":"","meta":{"footnotes":""},"aioseo_notices":[],"_links":{"self":[{"href":"https:\/\/campolameiro.org\/es\/wp-json\/wp\/v2\/pages\/4888"}],"collection":[{"href":"https:\/\/campolameiro.org\/es\/wp-json\/wp\/v2\/pages"}],"about":[{"href":"https:\/\/campolameiro.org\/es\/wp-json\/wp\/v2\/types\/page"}],"author":[{"embeddable":true,"href":"https:\/\/campolameiro.org\/es\/wp-json\/wp\/v2\/users\/1"}],"replies":[{"embeddable":true,"href":"https:\/\/campolameiro.org\/es\/wp-json\/wp\/v2\/comments?post=4888"}],"version-history":[{"count":1,"href":"https:\/\/campolameiro.org\/es\/wp-json\/wp\/v2\/pages\/4888\/revisions"}],"predecessor-version":[{"id":4890,"href":"https:\/\/campolameiro.org\/es\/wp-json\/wp\/v2\/pages\/4888\/revisions\/4890"}],"wp:attachment":[{"href":"https:\/\/campolameiro.org\/es\/wp-json\/wp\/v2\/media?parent=4888"}],"curies":[{"name":"wp","href":"https:\/\/api.w.org\/{rel}","templated":true}]}}