{"id":486,"date":"2018-06-25T05:07:41","date_gmt":"2018-06-25T03:07:41","guid":{"rendered":"https:\/\/campolameiro.org\/servicios-sociais\/"},"modified":"2018-12-20T14:03:20","modified_gmt":"2018-12-20T13:03:20","slug":"servicios-sociales","status":"publish","type":"page","link":"https:\/\/campolameiro.org\/es\/servicios-sociales\/","title":{"rendered":"Servicios Sociales"},"content":{"rendered":"<div class=\"wpb-content-wrapper\"><p>[vc_row][vc_column][vc_column_text]<strong>Servicios Sociais de Atenci\u00f3n Primaria.<\/strong><br \/>\nC\/ Praza da Provincia de Pontevedra, n\u00ba 1<br \/>\nTel\u00e9fono: 986 75 20 34<br \/>\nFax: 986 75 20 84<\/p>\n<p>E-mail: <a href=\"mailto:servizossociais@campolameiro.com\">servizossociais@campolameiro.com<\/a>[\/vc_column_text][\/vc_column][\/vc_row][vc_row][vc_column][vc_column_text]El Departamento de Servicios Sociales del Ayuntamiento de Campo Lameiro trabaja activamente para mejorar la calidad de vida y la participaci\u00f3n en la sociedad de todas las personas y grupos del municipio.<\/p>\n<p>Las iniciativas desarrolladas inciden especialmente en los ciudadanos que sufren alg\u00fan tipo de carencia, marginaci\u00f3n o desatenci\u00f3n selectiva.<\/p>\n<p>La atenci\u00f3n primaria es la m\u00e1s cercana a los ciudadanos para buscar respuestas a las demandas y necesidades de las personas.<\/p>\n<p>Desde la Concejal\u00eda de Asuntos Sociales del Ayuntamiento se anima a todos los vecinos a participar en las diferentes actividades, ofreciendo diferentes alternativas tanto de ocio como formativas para personas de todas las edades.[\/vc_column_text][\/vc_column][\/vc_row][vc_row][vc_column][vc_tta_accordion active_section=\u00bb100&#8243; collapsible_all=\u00bbtrue\u00bb][vc_tta_section title=\u00bbPrograma de ayuda el hogar y apoyo a la unidad convivencial\u00bb tab_id=\u00bb1529895698147-fab817b7-1814&#8243;][vc_column_text]Conjunto de tareas realizadas por personal cualificado en el domicilio del destinatario y en su contorno social, que se instrumentalizan para atender determinadas necesidades de los individuos y\/o grupos familiares cuando estos se encuentren en situaciones en las que no es posible la realizaci\u00f3n de las actividades cotidianas.[\/vc_column_text][\/vc_tta_section][vc_tta_section title=\u00bbAlojamiento alternativo\u00bb tab_id=\u00bb1529895698166-e7d3c42a-36bf\u00bb][vc_column_text]Conjunto de actuaciones que se realizan para conseguir que el individuo en situaci\u00f3n de necesidad cuente con un marco estable para el desarrollo de la convivencia: acogida familiar.[\/vc_column_text][\/vc_tta_section][vc_tta_section title=\u00bbPrograma de prevenci\u00f3n e inserci\u00f3n social\u00bb tab_id=\u00bb1529895745143-587513c5-d932&#8243;][vc_column_text]Proceso de intervenci\u00f3n social que, con el objetivo \u00faltimo de mejorar el bienestar y la calidad de vida de las personas o grupos, act\u00faa sobre los factores asociados al origen de diferentes problem\u00e1ticas o necesidades sociales, desarrollando actuaciones concretas para evitar su aparici\u00f3n, reaparici\u00f3n o agravamiento. Supone la configuraci\u00f3n de prestaciones espec\u00edficas, programas o acciones instrumentales de tipolog\u00eda diversa.[\/vc_column_text][\/vc_tta_section][vc_tta_section title=\u00bbServicio de Asesoramento y Apoyo integral a la mujer (SAIM)\u00bb tab_id=\u00bb1529895769522-984787b5-2498&#8243;][vc_column_text]Programa de atenci\u00f3n especializada dirigido a la mujer, oferta servicio de atenci\u00f3n jur\u00eddica, psicol\u00f3gica y social.[\/vc_column_text][\/vc_tta_section][vc_tta_section title=\u00bbPrograma de desrrollo comunitario\u00bb tab_id=\u00bb1529895796245-9b4ad2ca-0b0d\u00bb][vc_column_text]Realizaci\u00f3n de diversas actividades a toda la poblaci\u00f3n: excursiones culturales, actividades especiales en Navidad, ludoteca, etc.[\/vc_column_text][\/vc_tta_section][vc_tta_section title=\u00bbReparto de alimentos de Cruz Roja Espa\u00f1ola\u00bb tab_id=\u00bb1529895828694-c7446dae-04b5&#8243;][vc_column_text]En los meses de abril y octubre se lleva a cabo el reparto de alimentos de Cruz Roja Espa\u00f1ola, procedentes de los excedentes de la Comunidad Europea, que se reparten entre aquellas personas y\/o familias m\u00e1s necesitadas del municipio.[\/vc_column_text][\/vc_tta_section][vc_tta_section title=\u00bbPrograma de informaci\u00f3n, orientaci\u00f3n y asesoramiento\u00bb tab_id=\u00bb1529895852734-7b12f51a-a3f2&#8243;][vc_column_text]Facilitar al ciudadano y a la comunidad, en general, el conocimiento y acceso a los recursos sociales en una relaci\u00f3n de ayuda profesional que garantiza una respuesta id\u00f3nea a las necesidades reconocidas como propias del \u00e1mbito de actuaci\u00f3n de los servicios sociales: pensiones no contributivas, RISGA, asistencia sanitaria, ayudas econ\u00f3micas no peri\u00f3dicas&#8230;[\/vc_column_text][\/vc_tta_section][\/vc_tta_accordion][\/vc_column][\/vc_row][vc_row][vc_column][vc_column_text]Dentro de este programa tienen cabida toda una serie de\u00a0procedimientos:[\/vc_column_text][vc_tta_accordion active_section=\u00bb100&#8243; collapsible_all=\u00bbtrue\u00bb][vc_tta_section title=\u00bbPensiones no contributivas\u00bb tab_id=\u00bb1545249552364-78318ed1-8787&#8243;][vc_column_text]DNI y NIF de todos los que conviven<br \/>\nCartilla de la seguridad social del solicitante<br \/>\nN\u00ba de cuenta bancaria<br \/>\nDeclaraciones de la I.R.P.F. de todos los que conviven, o justificantes de ingresos.[\/vc_column_text][\/vc_tta_section][vc_tta_section title=\u00bbT\u00edtulo de familia numerosa:\u00bb tab_id=\u00bb1545249609519-032d19ac-1780&#8243;][vc_column_text]DNI de los padres<br \/>\nLibro de familia<br \/>\nPara los hijos de edades comprendidas entre 21 y 25 a\u00f1os, certificado de estudios o copia da matr\u00edcula.[\/vc_column_text][\/vc_tta_section][vc_tta_section title=\u00bbRenovaci\u00f3n del t\u00edtulo de familia numerosa:\u00bb tab_id=\u00bb1545249626246-6b2219e6-5e5c\u00bb][vc_column_text]DNI de los padres<br \/>\nLibro de familia<br \/>\nPara los hijos de edades comprendidas entre 21 y 25 a\u00f1os, certificado de estudios o copia da matr\u00edcula.[\/vc_column_text][\/vc_tta_section][vc_tta_section title=\u00bbAyudas a la escolarizaci\u00f3n:\u00bb tab_id=\u00bb1545249650225-61f7e39c-d695&#8243;][vc_column_text]DNI del solicitante.<br \/>\nLibro de familia.<br \/>\nDeclaraci\u00f3n del I.R.P.F. del \u00faltimo ejercicio, o justificantes de ingresos de todos los miembros de la unidad familiar.<br \/>\nCertificaci\u00f3n bancaria.<br \/>\nFactura detallada de los libros comprados.[\/vc_column_text][\/vc_tta_section][vc_tta_section title=\u00bbReconocimiento de la condici\u00f3n de minusval\u00eda:\u00bb tab_id=\u00bb1545249688215-91ba762f-2fc9&#8243;][vc_column_text]DNI<br \/>\nDocumento de asistencia sanitaria<br \/>\nInformes m\u00e9dicos actualizados.[\/vc_column_text][\/vc_tta_section][vc_tta_section title=\u00bbAyudas no peri\u00f3dicas para discapacitados y personas mayores:\u00bb tab_id=\u00bb1545249752798-f6a0277f-4104&#8243;][vc_column_text]DNI del solicitante<br \/>\nPresupuesto desagregado del gasto a realizar<br \/>\nCertificaci\u00f3n de convivencia<br \/>\nDeclaraci\u00f3n del I.R.P.F. de la unidad familiar o certificaci\u00f3n negativa de Hacienda.<br \/>\nDeclaraci\u00f3n jurada de la totalidad de ingresos de la unidad familiar.[\/vc_column_text][\/vc_tta_section][vc_tta_section title=\u00bbTermalismo social: \u00bb tab_id=\u00bb1545249752511-d09b9d61-89a2&#8243;][vc_column_text]DNI.<br \/>\nDocumento de asistencia sanitaria.<br \/>\nInforme m\u00e9dico.[\/vc_column_text][\/vc_tta_section][vc_tta_section title=\u00bbTurismo social: \u00bb tab_id=\u00bb1545249752203-5cf6645d-c767&#8243;][vc_column_text]DNI.<br \/>\nDocumento de asistencia sanitaria.<br \/>\nInforme m\u00e9dico.<br \/>\nCertificaci\u00f3n de la pensi\u00f3n que percibe.<br \/>\nDeclaraci\u00f3n del I.R.P.F. o certificaci\u00f3n negativa de Hacienda.[\/vc_column_text][\/vc_tta_section][vc_tta_section title=\u00bbVacaciones para Mayores: \u00bb tab_id=\u00bb1545249751858-40622c35-478e\u00bb][vc_column_text]DNI .<br \/>\nDocumento de asistencia sanitaria.[\/vc_column_text][\/vc_tta_section][vc_tta_section title=\u00bbInclusi\u00f3n como beneficiario en asistencia sanitaria: \u00bb tab_id=\u00bb1545249751565-4917cbf5-6ecf\u00bb][vc_column_text]DNI del titular y de los beneficiarios a incluir<br \/>\nLibro de familia o documentos que justifiquen el parentesco.<br \/>\nDocumento de asistencia sanitaria del titular.<br \/>\nCertificaci\u00f3n de convivencia.[\/vc_column_text][\/vc_tta_section][vc_tta_section title=\u00bbAsistencia sanitaria a persoas sin recursos:\u00bb tab_id=\u00bb1545249751209-dfb623f0-7337&#8243;][vc_column_text]DNI<br \/>\nSolicitud de N\u00ba de afiliaci\u00f3n\u00a0 a la seguridade social<br \/>\nFotocopia de la cartilla de la Seguridade Social, en caso de tenerla con anterioridad.<br \/>\nDeclaraci\u00f3n del I.R.P.F. o certificaci\u00f3n negativa de Hacienda<br \/>\nCertificaci\u00f3n de empadronamiento y convivencia<br \/>\nLibro de familia, en su caso.[\/vc_column_text][\/vc_tta_section][vc_tta_section title=\u00bbTeleasistencia domiciliaria:\u00bb tab_id=\u00bb1545249750859-b7e18346-c385&#8243;][vc_column_text]DNI.<br \/>\nCartilla de la Seguridad Social.[\/vc_column_text][\/vc_tta_section][vc_tta_section title=\u00bbAbono social de Telef\u00f3nica:\u00bb tab_id=\u00bb1545250066579-955a55bc-d0b3&#8243;][vc_column_text]DNI.<br \/>\nCertificaci\u00f3n de la pensi\u00f3n.<br \/>\nCertificaci\u00f3n de convivencia.<br \/>\nDeclaraci\u00f3n jurada de ingresos de la unidad familiar.[\/vc_column_text][\/vc_tta_section][vc_tta_section title=\u00bbServicio de ayuda en el hogar:\u00bb tab_id=\u00bb1545249750501-a0326a5a-576d\u00bb][vc_column_text]DNI<br \/>\nLibro de familia, en su caso.<br \/>\nCartilla de la Seguridad Social.<br \/>\nInformes m\u00e9dicos<br \/>\nDeclaraci\u00f3n del I.R.P.F. o certificaci\u00f3n negativa de Hacienda<br \/>\nCertificaci\u00f3n de pensiones<br \/>\nCertificaci\u00f3n del rendimiento de capital mobiliario.<br \/>\nJustificantes de otros ingresos.[\/vc_column_text][\/vc_tta_section][vc_tta_section title=\u00bbAcogimiento familiar para mayores y discapacitados:\u00bb tab_id=\u00bb1545249750123-6cb5ac03-2456&#8243;][vc_column_text]DNI<br \/>\nCartilla de la Seguridad Social<br \/>\nN\u00ba de cuenta bancaria<br \/>\nInforme m\u00e9dico del acogido y de los acogedores<br \/>\nCalificaci\u00f3n de minusval\u00eda.<br \/>\nJustificantes de ingresos[\/vc_column_text][\/vc_tta_section][vc_tta_section title=\u00bbRenta de integraci\u00f3n social de Galicia (RISGA):\u00bb tab_id=\u00bb1545249749677-6172988e-e8a5&#8243;][vc_column_text]DNI<br \/>\nLibro de familia.<br \/>\nCalificaci\u00f3n de minusval\u00eda, en su caso.<br \/>\nCopia del recibo del imposto sobre bienes inmuebles de naturaleza urbana<br \/>\nJustificaci\u00f3n, en su caso de ser titular de otros bienes o derechos.<br \/>\nPresupuesto formal de gastos para los que solicita ayuda[\/vc_column_text][\/vc_tta_section][\/vc_tta_accordion][\/vc_column][\/vc_row]\n<\/div>","protected":false},"excerpt":{"rendered":"<p>[vc_row][vc_column][vc_column_text]Servicios Sociais de Atenci\u00f3n Primaria. C\/ Praza da Provincia de Pontevedra, n\u00ba 1 Tel\u00e9fono: 986 75 20 34 Fax: 986 75 20 84 E-mail: servizossociais@campolameiro.com[\/vc_column_text][\/vc_column][\/vc_row][vc_row][vc_column][vc_column_text]El Departamento de Servicios Sociales del Ayuntamiento de Campo Lameiro trabaja activamente para mejorar la calidad de vida y la participaci\u00f3n en la sociedad de todas las personas y grupos del [&hellip;]<\/p>\n","protected":false},"author":1,"featured_media":0,"parent":0,"menu_order":0,"comment_status":"closed","ping_status":"closed","template":"","meta":{"footnotes":""},"aioseo_notices":[],"_links":{"self":[{"href":"https:\/\/campolameiro.org\/es\/wp-json\/wp\/v2\/pages\/486"}],"collection":[{"href":"https:\/\/campolameiro.org\/es\/wp-json\/wp\/v2\/pages"}],"about":[{"href":"https:\/\/campolameiro.org\/es\/wp-json\/wp\/v2\/types\/page"}],"author":[{"embeddable":true,"href":"https:\/\/campolameiro.org\/es\/wp-json\/wp\/v2\/users\/1"}],"replies":[{"embeddable":true,"href":"https:\/\/campolameiro.org\/es\/wp-json\/wp\/v2\/comments?post=486"}],"version-history":[{"count":45,"href":"https:\/\/campolameiro.org\/es\/wp-json\/wp\/v2\/pages\/486\/revisions"}],"predecessor-version":[{"id":1739,"href":"https:\/\/campolameiro.org\/es\/wp-json\/wp\/v2\/pages\/486\/revisions\/1739"}],"wp:attachment":[{"href":"https:\/\/campolameiro.org\/es\/wp-json\/wp\/v2\/media?parent=486"}],"curies":[{"name":"wp","href":"https:\/\/api.w.org\/{rel}","templated":true}]}}