{"id":479,"date":"2018-06-25T04:44:42","date_gmt":"2018-06-25T02:44:42","guid":{"rendered":"https:\/\/campolameiro.org\/la-corporacion\/"},"modified":"2019-07-05T14:00:46","modified_gmt":"2019-07-05T12:00:46","slug":"la-corporacion","status":"publish","type":"page","link":"https:\/\/campolameiro.org\/es\/la-corporacion\/","title":{"rendered":"La Corporaci\u00f3n"},"content":{"rendered":"<table id=\"tabla_celdas_color_2\" class=\" aligncenter\" style=\"width: 469px; height: 216px;\">\n<tbody>\n<tr style=\"height: 24px;\">\n<td id=\"tabla_celdas_color_2_td1\" style=\"width: 345.333px; height: 24px;\"><strong>D. Carlos Costa Dom\u00ednguez<\/strong><\/td>\n<td id=\"tabla_celdas_color_2_td2\" style=\"width: 110.667px; height: 24px;\">PP<\/td>\n<\/tr>\n<tr style=\"height: 24px;\">\n<td id=\"tabla_celdas_color_2_td1\" style=\"width: 345.333px; height: 24px;\"><strong>Dona Eva Campos Leiro<\/strong><\/td>\n<td id=\"tabla_celdas_color_2_td2\" style=\"width: 110.667px; height: 24px;\">PP<\/td>\n<\/tr>\n<tr style=\"height: 24px;\">\n<td id=\"tabla_celdas_color_2_td1\" style=\"width: 345.333px; height: 24px;\"><strong>D. Alberto Maquieira Fern\u00e1ndez<\/strong><\/td>\n<td id=\"tabla_celdas_color_2_td2\" style=\"width: 110.667px; height: 24px;\">PP<\/td>\n<\/tr>\n<tr style=\"height: 24px;\">\n<td id=\"tabla_celdas_color_2_td1\" style=\"width: 345.333px; height: 24px;\"><strong><span lang=\"ES-TRAD\" xml:lang=\"ES-TRAD\">Dona Mar\u00eda de las Nieves Boullosa Ferr\u00edn<\/span><\/strong><\/td>\n<td id=\"tabla_celdas_color_2_td2\" style=\"width: 110.667px; height: 24px;\">PP<\/td>\n<\/tr>\n<tr style=\"height: 24px;\">\n<td id=\"tabla_celdas_color_2_td1\" style=\"width: 345.333px; height: 24px;\"><strong><span lang=\"ES-TRAD\" xml:lang=\"ES-TRAD\">Dona Delia Carramal Torres<\/span><\/strong><\/td>\n<td id=\"tabla_celdas_color_2_td2\" style=\"width: 110.667px; height: 24px;\">PP<\/td>\n<\/tr>\n<tr style=\"height: 24px;\">\n<td id=\"tabla_celdas_color_2_td1\" style=\"width: 345.333px; height: 24px;\"><strong>Dona Martina Vi\u00e9itez Ferro<\/strong><\/td>\n<td id=\"tabla_celdas_color_2_td2\" style=\"width: 110.667px; height: 24px;\">PORVIR<\/td>\n<\/tr>\n<tr style=\"height: 24px;\">\n<td id=\"tabla_celdas_color_2_td1\" style=\"width: 345.333px; height: 24px;\"><strong><span lang=\"ES-TRAD\" xml:lang=\"ES-TRAD\">D. Adri\u00e1n V\u00e1zquez Vali\u00f1o<\/span><\/strong><\/td>\n<td id=\"tabla_celdas_color_2_td2\" style=\"width: 110.667px; height: 24px;\">PORVIR<\/td>\n<\/tr>\n<tr style=\"height: 24px;\">\n<td id=\"tabla_celdas_color_2_td1\" style=\"width: 345.333px; height: 24px;\"><strong><span lang=\"ES-TRAD\" xml:lang=\"ES-TRAD\">Dona Paz Vidal Fontenla<\/span><\/strong><\/td>\n<td id=\"tabla_celdas_color_2_td2\" style=\"width: 110.667px; height: 24px;\">PSG-PSOE<\/td>\n<\/tr>\n<tr style=\"height: 24px;\">\n<td id=\"tabla_celdas_color_2_td1\" style=\"width: 345.333px; height: 24px;\"><strong>D. Adri\u00e1n Vidal Fontenla<\/strong><\/td>\n<td id=\"tabla_celdas_color_2_td2\" style=\"width: 110.667px; height: 24px;\">PSG-PSOE<\/td>\n<\/tr>\n<\/tbody>\n<\/table>\n","protected":false},"excerpt":{"rendered":"<p>D. Carlos Costa Dom\u00ednguez PP Dona Eva Campos Leiro PP D. Alberto Maquieira Fern\u00e1ndez PP Dona Mar\u00eda de las Nieves Boullosa Ferr\u00edn PP Dona Delia Carramal Torres PP Dona Martina Vi\u00e9itez Ferro PORVIR D. Adri\u00e1n V\u00e1zquez Vali\u00f1o PORVIR Dona Paz Vidal Fontenla PSG-PSOE D. Adri\u00e1n Vidal Fontenla PSG-PSOE<\/p>\n","protected":false},"author":1,"featured_media":0,"parent":0,"menu_order":0,"comment_status":"closed","ping_status":"closed","template":"","meta":{"footnotes":""},"aioseo_notices":[],"_links":{"self":[{"href":"https:\/\/campolameiro.org\/es\/wp-json\/wp\/v2\/pages\/479"}],"collection":[{"href":"https:\/\/campolameiro.org\/es\/wp-json\/wp\/v2\/pages"}],"about":[{"href":"https:\/\/campolameiro.org\/es\/wp-json\/wp\/v2\/types\/page"}],"author":[{"embeddable":true,"href":"https:\/\/campolameiro.org\/es\/wp-json\/wp\/v2\/users\/1"}],"replies":[{"embeddable":true,"href":"https:\/\/campolameiro.org\/es\/wp-json\/wp\/v2\/comments?post=479"}],"version-history":[{"count":5,"href":"https:\/\/campolameiro.org\/es\/wp-json\/wp\/v2\/pages\/479\/revisions"}],"predecessor-version":[{"id":2090,"href":"https:\/\/campolameiro.org\/es\/wp-json\/wp\/v2\/pages\/479\/revisions\/2090"}],"wp:attachment":[{"href":"https:\/\/campolameiro.org\/es\/wp-json\/wp\/v2\/media?parent=479"}],"curies":[{"name":"wp","href":"https:\/\/api.w.org\/{rel}","templated":true}]}}