{"id":470,"date":"2018-06-25T04:41:30","date_gmt":"2018-06-25T02:41:30","guid":{"rendered":"https:\/\/campolameiro.org\/el-alcalde\/"},"modified":"2019-09-04T13:16:36","modified_gmt":"2019-09-04T11:16:36","slug":"el-alcalde","status":"publish","type":"page","link":"https:\/\/campolameiro.org\/es\/el-alcalde\/","title":{"rendered":"El Alcalde"},"content":{"rendered":"<div class=\"wpb-content-wrapper\"><p>[vc_row][vc_column width=\u00bb2\/3&#8243;][vc_column_text]<strong>CARLOS COSTA<\/strong><\/p>\n<p>Aprovechando la oportunidad que se nos brinda, presentamos la P\u00e1gina Oficial del Ayuntamiento de CAMPO LAMEIRO, en la que pretendemos mostrar una visi\u00f3n general y real de nuestro entorno, nuestras gentes, nuestro pasado y allanar el camino para generaciones venideras, consolidando nuestro patrimonio y trabajando con visi\u00f3n de futuro en nuevas infraestructuras.[\/vc_column_text][\/vc_column][vc_column][vc_column_text]Precisamente por eso tenemos un especial motivo de alegr\u00eda al daros la bienvenida a este \u00abviaje\u00bb por CAMPO LAMEIRO, y del que estamos seguros quedar\u00e9is satisfechos.<\/p>\n<p>Para cualquier arque\u00f3logo, investigador, o persona atra\u00edda por los grabados rupestres, CAMPO LAMEIRO, es visita obligada.<\/p>\n<p>Posee el museo al aire libre m\u00e1s importante de Galicia. Numerosas rocas de granito conservan el testimonio de las manifestaciones art\u00edsticas del primitivo hombre gallego&#8230;\u00a0Al posar los ojos en los secretos de los petroglifos, sentimos que el pasado revive en nosotros, como podr\u00eda revivir en cualquier investigador forastero. All\u00ed est\u00e1 el pensamiento de nuestros antepasados&#8230;<\/p>\n<p>Siendo nuestro ayuntamiento depositario de tan magna riqueza cultural, tenemos la obligaci\u00f3n moral de perpetuarla, conservarla y darla a conocer: Un pueblo se hace cuando se conciencia de su propio ser y saber.[\/vc_column_text][\/vc_column][\/vc_row][vc_row][vc_column width=\u00bb1\/4&#8243; offset=\u00bbvc_hidden-sm vc_hidden-xs\u00bb][\/vc_column][vc_column width=\u00bb1\/2&#8243; offset=\u00bbvc_hidden-sm vc_hidden-xs\u00bb][\/vc_column][vc_column width=\u00bb1\/4&#8243;][vc_column_text]Un sa\u00fado, Carlos Costa<br \/>\nAlcalde de Campo Lameiro[\/vc_column_text][\/vc_column][\/vc_row]\n<\/div>","protected":false},"excerpt":{"rendered":"<p>[vc_row][vc_column width=\u00bb2\/3&#8243;][vc_column_text]CARLOS COSTA Aprovechando la oportunidad que se nos brinda, presentamos la P\u00e1gina Oficial del Ayuntamiento de CAMPO LAMEIRO, en la que pretendemos mostrar una visi\u00f3n general y real de nuestro entorno, nuestras gentes, nuestro pasado y allanar el camino para generaciones venideras, consolidando nuestro patrimonio y trabajando con visi\u00f3n de futuro en nuevas infraestructuras.[\/vc_column_text][\/vc_column][vc_column][vc_column_text]Precisamente [&hellip;]<\/p>\n","protected":false},"author":1,"featured_media":0,"parent":0,"menu_order":0,"comment_status":"closed","ping_status":"closed","template":"","meta":{"footnotes":""},"aioseo_notices":[],"_links":{"self":[{"href":"https:\/\/campolameiro.org\/es\/wp-json\/wp\/v2\/pages\/470"}],"collection":[{"href":"https:\/\/campolameiro.org\/es\/wp-json\/wp\/v2\/pages"}],"about":[{"href":"https:\/\/campolameiro.org\/es\/wp-json\/wp\/v2\/types\/page"}],"author":[{"embeddable":true,"href":"https:\/\/campolameiro.org\/es\/wp-json\/wp\/v2\/users\/1"}],"replies":[{"embeddable":true,"href":"https:\/\/campolameiro.org\/es\/wp-json\/wp\/v2\/comments?post=470"}],"version-history":[{"count":11,"href":"https:\/\/campolameiro.org\/es\/wp-json\/wp\/v2\/pages\/470\/revisions"}],"predecessor-version":[{"id":2323,"href":"https:\/\/campolameiro.org\/es\/wp-json\/wp\/v2\/pages\/470\/revisions\/2323"}],"wp:attachment":[{"href":"https:\/\/campolameiro.org\/es\/wp-json\/wp\/v2\/media?parent=470"}],"curies":[{"name":"wp","href":"https:\/\/api.w.org\/{rel}","templated":true}]}}