{"id":396,"date":"2018-06-25T01:05:17","date_gmt":"2018-06-24T23:05:17","guid":{"rendered":"https:\/\/campolameiro.org\/patrimonio-natural\/"},"modified":"2018-12-19T14:20:33","modified_gmt":"2018-12-19T13:20:33","slug":"patrimonio-natural","status":"publish","type":"page","link":"https:\/\/campolameiro.org\/es\/patrimonio-natural\/","title":{"rendered":"Patrimonio Natural"},"content":{"rendered":"<div class=\"wpb-content-wrapper\"><p>[vc_row][vc_column width=\u00bb1\/4&#8243;][vc_single_image image=\u00bb390&#8243; img_size=\u00bbfull\u00bb alignment=\u00bbcenter\u00bb onclick=\u00bblink_image\u00bb][\/vc_column][vc_column width=\u00bb3\/4&#8243;][vc_column_text]\n<h4>\u00c1rea recreativa de Lodeiro<\/h4>\n<p>Ubicado en la parroquia de <strong>San Miguel de Campo<\/strong>, a pocos metros del <strong>Puente Cuiti\u00e1n,<\/strong> el \u00c1rea Recreativa de Lodeiro es uno de los lugares m\u00e1s hermosos del r\u00edo L\u00e9rez.<\/p>\n<p>Sus orillas, cubiertas de amplios \u00e1rboles frondosos, acogen una playa fluvial y son testigo de una uni\u00f3n del r\u00edo L\u00e9rez con su afluente el r\u00edo Meneses. Una peque\u00f1a ruta de molinos, o merendero provisto con mesas y parrillas junto a la playa fluvial, hacen de esta \u00e1rea un lugar ideal para el disfrute de ni\u00f1os y adultos.<\/p>\n<p>La zona tiene una famosa reserva de pesca.[\/vc_column_text][\/vc_column][vc_column][vc_empty_space height=\u00bb50px\u00bb][\/vc_column][vc_column width=\u00bb1\/4&#8243;][vc_single_image image=\u00bb385&#8243; img_size=\u00bbfull\u00bb alignment=\u00bbcenter\u00bb onclick=\u00bblink_image\u00bb][\/vc_column][vc_column width=\u00bb3\/4&#8243;][vc_column_text]\n<h4><strong>Castro de Penalba<\/strong><\/h4>\n<p>Este recinto situado en lo alto de monte Ag\u00fceiros re\u00fane tradici\u00f3n, cultura, arte y ocio.<\/p>\n<p>Conserva el Castro de Penalba que data de los siglos VIII &#8211; VII a. C., uno de los m\u00e1s antiguos de Galicia.<\/p>\n<p>El d\u00eda 13 de junio se conmemora la festividad de S. Antonio, en la capilla se celebra la misa solemne y la tradicional puja de ofrendas que llevan los devotos.<\/p>\n<p>As\u00ed mismo, los visitantes pueden contemplar las insculturas rupestres de \u201c A Pedra da Serpe\u201d y \u201c Rotea de Mendo\u201d.<\/p>\n<p>Este recinto cuenta adem\u00e1s, con un galp\u00f3n merendero, mesas, parrillas, fuentes y un parque infantil.[\/vc_column_text][\/vc_column][vc_column][vc_column_text]Fuente: Terras De Pontevedra.[\/vc_column_text][\/vc_column][vc_column offset=\u00bbvc_hidden-lg vc_hidden-md vc_hidden-sm vc_hidden-xs\u00bb][vc_empty_space height=\u00bb50px\u00bb][\/vc_column][vc_column width=\u00bb1\/4&#8243; offset=\u00bbvc_hidden-lg vc_hidden-md vc_hidden-sm vc_hidden-xs\u00bb][vc_single_image image=\u00bb383&#8243; img_size=\u00bbfull\u00bb alignment=\u00bbcenter\u00bb onclick=\u00bblink_image\u00bb][\/vc_column][vc_column width=\u00bb3\/4&#8243; offset=\u00bbvc_hidden-lg vc_hidden-md vc_hidden-sm vc_hidden-xs\u00bb][vc_column_text]\n<h4 style=\"text-align: center;\"><strong>Robleda de Rozas<\/strong><\/h4>\n<p>[\/vc_column_text][vc_column_text]Situada en la parroquia de Couso, esta magnifica robleda centenaria posee mesas, zona infantil y parrillas, lo que la convierte en un estupendo lugar para disfrutar de una relajada jornada campestre.[\/vc_column_text][vc_column_text]\n<h4 style=\"text-align: center;\"><strong>Praia fluvial de Redonde:<\/strong><\/h4>\n<p>Ideal para facer un alto no cami\u00f1o e obsequiarnos cun refrescante ba\u00f1o en augas do r\u00edo L\u00e9rez.[\/vc_column_text][\/vc_column][\/vc_row]\n<\/div>","protected":false},"excerpt":{"rendered":"<p>[vc_row][vc_column width=\u00bb1\/4&#8243;][vc_single_image image=\u00bb390&#8243; img_size=\u00bbfull\u00bb alignment=\u00bbcenter\u00bb onclick=\u00bblink_image\u00bb][\/vc_column][vc_column width=\u00bb3\/4&#8243;][vc_column_text] \u00c1rea recreativa de Lodeiro Ubicado en la parroquia de San Miguel de Campo, a pocos metros del Puente Cuiti\u00e1n, el \u00c1rea Recreativa de Lodeiro es uno de los lugares m\u00e1s hermosos del r\u00edo L\u00e9rez. Sus orillas, cubiertas de amplios \u00e1rboles frondosos, acogen una playa fluvial y son testigo [&hellip;]<\/p>\n","protected":false},"author":1,"featured_media":0,"parent":0,"menu_order":0,"comment_status":"closed","ping_status":"closed","template":"","meta":{"footnotes":""},"aioseo_notices":[],"_links":{"self":[{"href":"https:\/\/campolameiro.org\/es\/wp-json\/wp\/v2\/pages\/396"}],"collection":[{"href":"https:\/\/campolameiro.org\/es\/wp-json\/wp\/v2\/pages"}],"about":[{"href":"https:\/\/campolameiro.org\/es\/wp-json\/wp\/v2\/types\/page"}],"author":[{"embeddable":true,"href":"https:\/\/campolameiro.org\/es\/wp-json\/wp\/v2\/users\/1"}],"replies":[{"embeddable":true,"href":"https:\/\/campolameiro.org\/es\/wp-json\/wp\/v2\/comments?post=396"}],"version-history":[{"count":9,"href":"https:\/\/campolameiro.org\/es\/wp-json\/wp\/v2\/pages\/396\/revisions"}],"predecessor-version":[{"id":1580,"href":"https:\/\/campolameiro.org\/es\/wp-json\/wp\/v2\/pages\/396\/revisions\/1580"}],"wp:attachment":[{"href":"https:\/\/campolameiro.org\/es\/wp-json\/wp\/v2\/media?parent=396"}],"curies":[{"name":"wp","href":"https:\/\/api.w.org\/{rel}","templated":true}]}}