{"id":331,"date":"2018-06-23T23:49:43","date_gmt":"2018-06-23T21:49:43","guid":{"rendered":"https:\/\/campolameiro.org\/parroquias\/"},"modified":"2018-12-20T13:18:27","modified_gmt":"2018-12-20T12:18:27","slug":"parroquias","status":"publish","type":"page","link":"https:\/\/campolameiro.org\/es\/parroquias\/","title":{"rendered":"Parroquias"},"content":{"rendered":"<div class=\"wpb-content-wrapper\"><p>[vc_row][vc_column][vc_column_text]\n<h3>Parroquias<\/h3>\n<p><strong><a href=\"#as-fragas\">As Fragas<\/a><br \/>\n<\/strong>Lugares: Laxe, Reboredo, As Cruces, Cerdeiras, Fontenla, Mullerboa, Redonde e Gargall\u00f3ns.<br \/>\nFiestas Patronales de Santa Mari\u00f1a de Fragas: 17, 18 e 19 de julio.<\/p>\n<p><strong><a href=\"#campo-lameiro\">Campo Lameiro\u00a0<\/a>(San Miguel do Campo)<\/strong><br \/>\nLugares: A Lagoa, Campo Lameiro,Chacente,Mora\u00f1\u00f3, Praderei e Alende.<br \/>\nFiesta del Sant\u00edsimo Sacramento de San Miguel de Campo Lameiro.: 1\u00ba fin de semana de agosto.<br \/>\nFiestas Patronales de San Miguel de Campo Lameiro: \u00faltimo fin de semana de septiembre.<br \/>\nFiesta de San Roque en Campo Lameiro: 30 de septiembre.<\/p>\n<p><strong><a href=\"#couso\">Couso<\/a>\u00a0(San Cristobo de Couso)<\/strong>:<br \/>\nLugares: Rozas,Castri\u00f1o,Li\u00f1ares, Fafide, Pad\u00edn, Cimadevila e Castro de Orto.<br \/>\nFiesta del Sant\u00edsimo Sacramento en San Cristovo de Couso: 22 de junio.<br \/>\nFiestas Patronales de San Cristovo de Couso: 27,28 e 29 de julio.<\/p>\n<p><strong><a href=\"#moimenta\">Moimenta\u00a0<\/a>(Santa Mar\u00eda de Moimenta)<\/strong>:<br \/>\nLugares: Moimenta, Lamosa, Painceiros, Paredes, Armonda e A Brea.<br \/>\nFiestas Patronales de Santa M\u00aa. de Mouimenta: 15,16, e 17 de agosto.<\/p>\n<p><strong><a href=\"#morillas\">Morillas<\/a>\u00a0(Santiago de Morillas)<\/strong>:<br \/>\nLugares: Morillas e Caneda.<br \/>\nFiestas Patronales de Santiago de Morillas: 25 de julio.<\/p>\n<p><strong><a href=\"#san-isidro-de-montes\">San Isidro de Montes<\/a><br \/>\n<\/strong>Lugares: Parada e Fornelos.<br \/>\nFiesta de San Benito en Parada: 21 de marzo.<br \/>\nFiestas Patronales de San Isidro Labrador: 15 de mayo.[\/vc_column_text][\/vc_column][\/vc_row][vc_row][vc_column][vc_custom_heading text=\u00bbLugares de Campo Lameiro\u00bb font_container=\u00bbtag:h3|text_align:left\u00bb google_fonts=\u00bbfont_family:Roboto%20Slab%3A100%2C300%2Cregular%2C700|font_style:700%20bold%20regular%3A700%3Anormal\u00bb][vc_single_image image=\u00bb262&#8243; img_size=\u00bbfull\u00bb alignment=\u00bbcenter\u00bb onclick=\u00bblink_image\u00bb css_animation=\u00bbfadeIn\u00bb][\/vc_column][\/vc_row][vc_row][vc_column][vc_empty_space][\/vc_column][\/vc_row][vc_row el_id=\u00bbas-fragas\u00bb][vc_column][vc_text_separator title=\u00bbAs Fragas\u00bb title_align=\u00bbseparator_align_left\u00bb border_width=\u00bb2&#8243; el_id=\u00bbas_fragas\u00bb][vc_single_image image=\u00bb211&#8243; img_size=\u00bbfull\u00bb onclick=\u00bbcustom_link\u00bb link=\u00bb#as_fragas\u00bb][\/vc_column][vc_column width=\u00bb1\/4&#8243;][vc_single_image image=\u00bb289&#8243; img_size=\u00bbfull\u00bb alignment=\u00bbcenter\u00bb onclick=\u00bblink_image\u00bb css=\u00bb.vc_custom_1529779131475{margin-bottom: 1px !important;}\u00bb][vc_column_text]\n<p style=\"text-align: center;\"><strong><span style=\"font-size: 12px;\">Iglesia de Sta. Mari\u00f1a<\/span><\/strong><\/p>\n<p>[\/vc_column_text][\/vc_column][vc_column width=\u00bb1\/4&#8243;][vc_single_image image=\u00bb291&#8243; img_size=\u00bbfull\u00bb alignment=\u00bbcenter\u00bb onclick=\u00bblink_image\u00bb css=\u00bb.vc_custom_1529779265271{margin-bottom: 1px !important;}\u00bb][vc_column_text]\n<p style=\"text-align: center;\"><strong><span style=\"font-size: 12px;\">Vista del Rio L\u00e9rez<\/span><\/strong><\/p>\n<p>[\/vc_column_text][\/vc_column][vc_column width=\u00bb1\/4&#8243;][vc_single_image image=\u00bb290&#8243; img_size=\u00bbfull\u00bb alignment=\u00bbcenter\u00bb onclick=\u00bblink_image\u00bb css=\u00bb.vc_custom_1529779219284{margin-bottom: 1px !important;}\u00bb][vc_column_text]\n<p style=\"text-align: center;\"><strong><span style=\"font-size: 12px;\">Iglesia de Sta. Mari\u00f1a<\/span><\/strong><\/p>\n<p>[\/vc_column_text][\/vc_column][vc_column width=\u00bb1\/4&#8243;][vc_single_image image=\u00bb288&#8243; img_size=\u00bbfull\u00bb alignment=\u00bbcenter\u00bb onclick=\u00bblink_image\u00bb css=\u00bb.vc_custom_1529779095452{margin-bottom: 1px !important;}\u00bb][vc_column_text]\n<p style=\"text-align: center;\"><strong><span style=\"font-size: 12px;\">Palco de la fiesta<\/span><\/strong><\/p>\n<p>[\/vc_column_text][\/vc_column][\/vc_row][vc_row el_id=\u00bbcampo-lameiro\u00bb][vc_column][vc_text_separator title=\u00bbCampo Lameiro\u00bb title_align=\u00bbseparator_align_left\u00bb border_width=\u00bb2&#8243; el_id=\u00bbcampo_lameiro\u00bb][vc_single_image image=\u00bb210&#8243; img_size=\u00bbfull\u00bb onclick=\u00bbcustom_link\u00bb link=\u00bb#campo_lameiro\u00bb][\/vc_column][vc_column width=\u00bb1\/6&#8243;][vc_single_image image=\u00bb279&#8243; img_size=\u00bbfull\u00bb alignment=\u00bbcenter\u00bb onclick=\u00bblink_image\u00bb css=\u00bb.vc_custom_1529775480792{margin-bottom: 1px !important;}\u00bb][vc_column_text]\n<p style=\"text-align: center;\"><strong><span style=\"font-size: 12px;\">Vista de Campo Lameiro<\/span><\/strong><\/p>\n<p>[\/vc_column_text][vc_single_image image=\u00bb276&#8243; img_size=\u00bbfull\u00bb alignment=\u00bbcenter\u00bb onclick=\u00bblink_image\u00bb css=\u00bb.vc_custom_1529777516621{margin-bottom: 1px !important;}\u00bb][vc_column_text]\n<p style=\"text-align: center;\"><strong><span style=\"font-size: 12px;\">Fiesta de los Mayos<\/span><\/strong><\/p>\n<p>[\/vc_column_text][vc_single_image image=\u00bb275&#8243; img_size=\u00bbfull\u00bb alignment=\u00bbcenter\u00bb onclick=\u00bblink_image\u00bb css=\u00bb.vc_custom_1529777687511{margin-bottom: 1px !important;}\u00bb][vc_column_text]\n<p style=\"text-align: center;\"><strong><span style=\"font-size: 12px;\">Parque Infantil<\/span><\/strong><\/p>\n<p>[\/vc_column_text][\/vc_column][vc_column width=\u00bb1\/6&#8243;][vc_single_image image=\u00bb269&#8243; img_size=\u00bbfull\u00bb alignment=\u00bbcenter\u00bb onclick=\u00bblink_image\u00bb css=\u00bb.vc_custom_1529775520898{margin-bottom: 1px !important;}\u00bb][vc_column_text]\n<p style=\"text-align: center;\"><strong><span style=\"font-size: 12px;\">Vista del Campo de la Feria<\/span><\/strong><\/p>\n<p>[\/vc_column_text][vc_single_image image=\u00bb266&#8243; img_size=\u00bbfull\u00bb alignment=\u00bbcenter\u00bb onclick=\u00bblink_image\u00bb css=\u00bb.vc_custom_1529777530379{margin-bottom: 1px !important;}\u00bb][vc_column_text]\n<p style=\"text-align: center;\"><strong><span style=\"font-size: 12px;\">Capilla de Chacente<\/span><\/strong><\/p>\n<p>[\/vc_column_text][vc_single_image image=\u00bb268&#8243; img_size=\u00bbfull\u00bb alignment=\u00bbcenter\u00bb onclick=\u00bblink_image\u00bb css=\u00bb.vc_custom_1529777980893{margin-bottom: 1px !important;}\u00bb][vc_column_text]\n<p style=\"text-align: center;\"><strong><span style=\"font-size: 12px;\">Campo de F\u00fatbol<\/span><\/strong><\/p>\n<p>[\/vc_column_text][\/vc_column][vc_column width=\u00bb1\/6&#8243;][vc_single_image image=\u00bb277&#8243; img_size=\u00bbfull\u00bb alignment=\u00bbcenter\u00bb onclick=\u00bblink_image\u00bb css=\u00bb.vc_custom_1529777577841{margin-bottom: 1px !important;}\u00bb][vc_column_text]\n<p style=\"text-align: center;\"><strong><span style=\"font-size: 12px;\">Casa del Ayuntamiento<\/span><\/strong><\/p>\n<p>[\/vc_column_text][vc_single_image image=\u00bb271&#8243; img_size=\u00bbfull\u00bb alignment=\u00bbcenter\u00bb onclick=\u00bblink_image\u00bb css=\u00bb.vc_custom_1529777584568{margin-bottom: 1px !important;}\u00bb][vc_column_text]\n<p style=\"text-align: center;\"><strong><span style=\"font-size: 12px;\">Biblioteca Municipal<\/span><\/strong><\/p>\n<p>[\/vc_column_text][\/vc_column][vc_column width=\u00bb1\/6&#8243;][vc_single_image image=\u00bb274&#8243; img_size=\u00bbfull\u00bb alignment=\u00bbcenter\u00bb onclick=\u00bblink_image\u00bb css=\u00bb.vc_custom_1529777700779{margin-bottom: 1px !important;}\u00bb][vc_column_text]\n<p style=\"text-align: center;\"><strong><span style=\"font-size: 12px;\">Piscina Municipal<\/span><\/strong><\/p>\n<p>[\/vc_column_text][vc_single_image image=\u00bb270&#8243; img_size=\u00bbfull\u00bb alignment=\u00bbcenter\u00bb onclick=\u00bblink_image\u00bb css=\u00bb.vc_custom_1529777691214{margin-bottom: 1px !important;}\u00bb][vc_column_text]\n<p style=\"text-align: center;\"><strong><span style=\"font-size: 12px;\">Caba\u00f1a (H\u00f3rreo)<\/span><\/strong><\/p>\n<p>[\/vc_column_text][\/vc_column][vc_column width=\u00bb1\/6&#8243;][vc_single_image image=\u00bb278&#8243; img_size=\u00bbfull\u00bb alignment=\u00bbcenter\u00bb onclick=\u00bblink_image\u00bb css=\u00bb.vc_custom_1529777696407{margin-bottom: 1px !important;}\u00bb][vc_column_text]\n<p style=\"text-align: center;\"><span style=\"font-size: 12px;\"><strong>Centro Sociocultural<\/strong><\/span><br \/>\n<span style=\"font-size: 12px;\"><strong>\u00abSobrino Buhigas\u00bb<\/strong><\/span><\/p>\n<p>[\/vc_column_text][\/vc_column][vc_column width=\u00bb1\/6&#8243;][vc_single_image image=\u00bb267&#8243; img_size=\u00bbfull\u00bb alignment=\u00bbcenter\u00bb onclick=\u00bblink_image\u00bb css=\u00bb.vc_custom_1529777975538{margin-bottom: 1px !important;}\u00bb][vc_column_text]\n<p style=\"text-align: center;\"><span style=\"font-size: 12px;\"><strong>Iglesia de San Miguel de<\/strong><\/span><br \/>\n<span style=\"font-size: 12px;\"><strong>Campo Lameiro<\/strong><\/span><\/p>\n<p>[\/vc_column_text][\/vc_column][\/vc_row][vc_row el_id=\u00bbcouso\u00bb][vc_column][vc_text_separator title=\u00bbCouso\u00bb title_align=\u00bbseparator_align_left\u00bb border_width=\u00bb2&#8243; el_id=\u00bbcouso\u00bb][vc_single_image image=\u00bb254&#8243; img_size=\u00bbfull\u00bb onclick=\u00bbcustom_link\u00bb link=\u00bb#couso\u00bb][\/vc_column][vc_column width=\u00bb1\/6&#8243;][vc_single_image image=\u00bb292&#8243; img_size=\u00bbfull\u00bb alignment=\u00bbcenter\u00bb onclick=\u00bblink_image\u00bb css=\u00bb.vc_custom_1529779967040{margin-bottom: 1px !important;}\u00bb][vc_column_text]\n<p style=\"text-align: center;\"><strong><span style=\"font-size: 12px;\">Iglesia de San Cristobo<\/span><\/strong><\/p>\n<p>[\/vc_column_text][\/vc_column][vc_column width=\u00bb1\/6&#8243;][vc_single_image image=\u00bb293&#8243; img_size=\u00bbfull\u00bb alignment=\u00bbcenter\u00bb onclick=\u00bblink_image\u00bb css=\u00bb.vc_custom_1529779897295{margin-bottom: 1px !important;}\u00bb][vc_column_text]\n<p style=\"text-align: center;\"><strong><span style=\"font-size: 12px;\">Cruceiro<\/span><\/strong><\/p>\n<p>[\/vc_column_text][\/vc_column][vc_column width=\u00bb1\/6&#8243;][vc_single_image image=\u00bb297&#8243; img_size=\u00bbfull\u00bb alignment=\u00bbcenter\u00bb onclick=\u00bblink_image\u00bb css=\u00bb.vc_custom_1529779771959{margin-bottom: 1px !important;}\u00bb][vc_column_text]\n<p style=\"text-align: center;\"><strong><span style=\"font-size: 12px;\">Escuela de Couso<\/span><\/strong><\/p>\n<p>[\/vc_column_text][\/vc_column][vc_column width=\u00bb1\/6&#8243;][vc_single_image image=\u00bb296&#8243; img_size=\u00bbfull\u00bb alignment=\u00bbcenter\u00bb onclick=\u00bblink_image\u00bb css=\u00bb.vc_custom_1529779803877{margin-bottom: 1px !important;}\u00bb][vc_column_text]\n<p style=\"text-align: center;\"><strong><span style=\"font-size: 12px;\">Capilla de Castro de Orto<\/span><\/strong><\/p>\n<p>[\/vc_column_text][\/vc_column][vc_column width=\u00bb1\/6&#8243;][vc_single_image image=\u00bb295&#8243; img_size=\u00bbfull\u00bb alignment=\u00bbcenter\u00bb onclick=\u00bblink_image\u00bb css=\u00bb.vc_custom_1529779835733{margin-bottom: 1px !important;}\u00bb][vc_column_text]\n<p style=\"text-align: center;\"><strong><span style=\"font-size: 12px;\">Zona Recreativa<\/span><\/strong><\/p>\n<p>[\/vc_column_text][\/vc_column][vc_column width=\u00bb1\/6&#8243;][vc_single_image image=\u00bb294&#8243; img_size=\u00bbfull\u00bb alignment=\u00bbcenter\u00bb onclick=\u00bblink_image\u00bb css=\u00bb.vc_custom_1529779865721{margin-bottom: 1px !important;}\u00bb][vc_column_text]\n<p style=\"text-align: center;\"><strong><span style=\"font-size: 12px;\">Tanatorio San Cristobo de Couso<\/span><\/strong><\/p>\n<p>[\/vc_column_text][\/vc_column][\/vc_row][vc_row el_id=\u00bbmoimenta\u00bb][vc_column][vc_text_separator title=\u00bbMoimenta\u00bb title_align=\u00bbseparator_align_left\u00bb border_width=\u00bb2&#8243; el_id=\u00bbmoimenta\u00bb][vc_single_image image=\u00bb256&#8243; img_size=\u00bbfull\u00bb onclick=\u00bbcustom_link\u00bb link=\u00bb#moimenta\u00bb][\/vc_column][vc_column width=\u00bb1\/3&#8243;][vc_single_image image=\u00bb307&#8243; img_size=\u00bbfull\u00bb alignment=\u00bbcenter\u00bb onclick=\u00bblink_image\u00bb css=\u00bb.vc_custom_1529783718277{margin-bottom: 1px !important;}\u00bb][vc_column_text]\n<p style=\"text-align: center;\"><strong><span style=\"font-size: 12px;\">Panor\u00e1mica de Paredes<\/span><\/strong><\/p>\n<p>[\/vc_column_text][\/vc_column][vc_column width=\u00bb1\/6&#8243;][vc_single_image image=\u00bb300&#8243; img_size=\u00bbfull\u00bb alignment=\u00bbcenter\u00bb onclick=\u00bblink_image\u00bb css=\u00bb.vc_custom_1529783175344{margin-bottom: 1px !important;}\u00bb][vc_column_text]\n<p style=\"text-align: center;\"><strong><span style=\"font-size: 12px;\">Molinos Restaurados 2005<\/span><\/strong><\/p>\n<p>[\/vc_column_text][\/vc_column][vc_column width=\u00bb1\/6&#8243;][vc_single_image image=\u00bb301&#8243; img_size=\u00bbfull\u00bb alignment=\u00bbcenter\u00bb onclick=\u00bblink_image\u00bb css=\u00bb.vc_custom_1529783204121{margin-bottom: 1px !important;}\u00bb][vc_column_text]\n<p style=\"text-align: center;\"><strong><span style=\"font-size: 12px;\">Mu\u00f1os 2004<\/span><\/strong><\/p>\n<p>[\/vc_column_text][\/vc_column][vc_column width=\u00bb1\/6&#8243;][vc_single_image image=\u00bb302&#8243; img_size=\u00bbfull\u00bb alignment=\u00bbcenter\u00bb onclick=\u00bblink_image\u00bb css=\u00bb.vc_custom_1529783296031{margin-bottom: 1px !important;}\u00bb][vc_column_text]\n<p style=\"text-align: center;\"><strong><span style=\"font-size: 12px;\">Sta. Mar\u00eda de Moimenta<\/span><\/strong><\/p>\n<p>[\/vc_column_text][\/vc_column][vc_column width=\u00bb1\/6&#8243;][vc_single_image image=\u00bb305&#8243; img_size=\u00bbfull\u00bb alignment=\u00bbcenter\u00bb onclick=\u00bblink_image\u00bb css=\u00bb.vc_custom_1529783388980{margin-bottom: 1px !important;}\u00bb][vc_column_text]\n<p style=\"text-align: center;\"><strong><span style=\"font-size: 12px;\">Cruceiro<\/span><\/strong><\/p>\n<p>[\/vc_column_text][\/vc_column][vc_column width=\u00bb1\/3&#8243;][vc_single_image image=\u00bb308&#8243; img_size=\u00bbfull\u00bb alignment=\u00bbcenter\u00bb onclick=\u00bblink_image\u00bb css=\u00bb.vc_custom_1529783861578{margin-bottom: 1px !important;}\u00bb][vc_column_text]\n<p style=\"text-align: center;\"><strong><span style=\"font-size: 12px;\">Panor\u00e1mica de A Lamosa<\/span><\/strong><\/p>\n<p>[\/vc_column_text][\/vc_column][vc_column width=\u00bb1\/6&#8243;][vc_single_image image=\u00bb309&#8243; img_size=\u00bbfull\u00bb alignment=\u00bbcenter\u00bb onclick=\u00bblink_image\u00bb css=\u00bb.vc_custom_1529783830122{margin-bottom: 1px !important;}\u00bb][vc_column_text]\n<p style=\"text-align: center;\"><strong><span style=\"font-size: 12px;\">Outeiro Furado<\/span><\/strong><\/p>\n<p>[\/vc_column_text][\/vc_column][vc_column width=\u00bb1\/6&#8243;][vc_single_image image=\u00bb304&#8243; img_size=\u00bbfull\u00bb alignment=\u00bbcenter\u00bb onclick=\u00bblink_image\u00bb css=\u00bb.vc_custom_1529783414413{margin-bottom: 1px !important;}\u00bb][vc_column_text]\n<p style=\"text-align: center;\"><strong><span style=\"font-size: 12px;\">Fuentes de Moimenta<\/span><\/strong><\/p>\n<p>[\/vc_column_text][\/vc_column][vc_column width=\u00bb1\/6&#8243;][vc_single_image image=\u00bb306&#8243; img_size=\u00bbfull\u00bb alignment=\u00bbcenter\u00bb onclick=\u00bblink_image\u00bb css=\u00bb.vc_custom_1529783660863{margin-bottom: 1px !important;}\u00bb][vc_column_text]\n<p style=\"text-align: center;\"><strong><span style=\"font-size: 12px;\">Casa de Turismo Rural en Painceiros<\/span><\/strong><\/p>\n<p>[\/vc_column_text][\/vc_column][vc_column width=\u00bb1\/6&#8243;][vc_single_image image=\u00bb303&#8243; img_size=\u00bbfull\u00bb alignment=\u00bbcenter\u00bb onclick=\u00bblink_image\u00bb css=\u00bb.vc_custom_1529783347118{margin-bottom: 1px !important;}\u00bb][vc_column_text]\n<p style=\"text-align: center;\"><strong><span style=\"font-size: 12px;\">Iglesia de Santa Mar\u00eda de Moimenta<\/span><\/strong><\/p>\n<p>[\/vc_column_text][\/vc_column][\/vc_row][vc_row el_id=\u00bbmorillas\u00bb][vc_column][vc_text_separator title=\u00bb Morillas\u00bb title_align=\u00bbseparator_align_left\u00bb border_width=\u00bb2&#8243; el_id=\u00bbmorillas\u00bb][vc_single_image image=\u00bb257&#8243; img_size=\u00bbfull\u00bb onclick=\u00bbcustom_link\u00bb link=\u00bb#morillas\u00bb][\/vc_column][vc_column width=\u00bb1\/4&#8243;][vc_single_image image=\u00bb325&#8243; img_size=\u00bbfull\u00bb alignment=\u00bbcenter\u00bb onclick=\u00bblink_image\u00bb css=\u00bb.vc_custom_1529788059206{margin-bottom: 1px !important;}\u00bb][vc_column_text]\n<p style=\"text-align: center;\"><strong><span style=\"font-size: 12px;\">Iglesia de Santiago de Morillas<\/span><\/strong><\/p>\n<p>[\/vc_column_text][\/vc_column][vc_column width=\u00bb1\/4&#8243;][vc_single_image image=\u00bb326&#8243; img_size=\u00bbfull\u00bb alignment=\u00bbcenter\u00bb onclick=\u00bblink_image\u00bb css=\u00bb.vc_custom_1529788084528{margin-bottom: 1px !important;}\u00bb][vc_column_text]\n<p style=\"text-align: center;\"><strong><span style=\"font-size: 12px;\">Petroglifos en Matabois &#8211; Caneda<\/span><\/strong><\/p>\n<p>[\/vc_column_text][\/vc_column][vc_column width=\u00bb1\/4&#8243;][vc_single_image image=\u00bb324&#8243; img_size=\u00bbfull\u00bb alignment=\u00bbcenter\u00bb onclick=\u00bblink_image\u00bb css=\u00bb.vc_custom_1529788029532{margin-bottom: 1px !important;}\u00bb][vc_column_text]\n<p style=\"text-align: center;\"><strong><span style=\"font-size: 12px;\">Campo de Petroglifos de Matabois (Caneda)<\/span><\/strong><\/p>\n<p>[\/vc_column_text][\/vc_column][vc_column width=\u00bb1\/4&#8243;][vc_single_image image=\u00bb323&#8243; img_size=\u00bbfull\u00bb alignment=\u00bbcenter\u00bb onclick=\u00bblink_image\u00bb css=\u00bb.vc_custom_1529787973089{margin-bottom: 1px !important;}\u00bb][vc_column_text]\n<p style=\"text-align: center;\"><strong><span style=\"font-size: 12px;\">Panor\u00e1mica de Morillas<\/span><\/strong><\/p>\n<p>[\/vc_column_text][\/vc_column][\/vc_row][vc_row el_id=\u00bbsan-isidro-de-montes\u00bb][vc_column][vc_text_separator title=\u00bbSan Isidro de Montes\u00bb title_align=\u00bbseparator_align_left\u00bb border_width=\u00bb2&#8243; el_id=\u00bbmontes\u00bb][vc_single_image image=\u00bb258&#8243; img_size=\u00bbfull\u00bb onclick=\u00bbcustom_link\u00bb link=\u00bb#montes\u00bb][\/vc_column][vc_column width=\u00bb1\/4&#8243;][vc_single_image image=\u00bb320&#8243; img_size=\u00bbfull\u00bb alignment=\u00bbcenter\u00bb onclick=\u00bblink_image\u00bb css=\u00bb.vc_custom_1529785600858{margin-bottom: 1px !important;}\u00bb][vc_column_text]\n<p style=\"text-align: center;\"><strong><span style=\"font-size: 12px;\">H\u00f3rreos<\/span><\/strong><\/p>\n<p>[\/vc_column_text][vc_single_image image=\u00bb321&#8243; img_size=\u00bbfull\u00bb alignment=\u00bbcenter\u00bb onclick=\u00bblink_image\u00bb css=\u00bb.vc_custom_1529785632897{margin-bottom: 1px !important;}\u00bb][vc_column_text]\n<p style=\"text-align: center;\"><strong><span style=\"font-size: 12px;\">Casa de la Cultura (Parada)<\/span><\/strong><\/p>\n<p>[\/vc_column_text][\/vc_column][vc_column width=\u00bb1\/4&#8243;][vc_single_image image=\u00bb319&#8243; img_size=\u00bbfull\u00bb alignment=\u00bbcenter\u00bb onclick=\u00bblink_image\u00bb css=\u00bb.vc_custom_1529785573352{margin-bottom: 1px !important;}\u00bb][vc_column_text]\n<p style=\"text-align: center;\"><strong><span style=\"font-size: 12px;\">Iglesia de San Benito de Parada<\/span><\/strong><\/p>\n<p>[\/vc_column_text][\/vc_column][vc_column width=\u00bb1\/4&#8243;][vc_single_image image=\u00bb318&#8243; img_size=\u00bbfull\u00bb alignment=\u00bbcenter\u00bb onclick=\u00bblink_image\u00bb css=\u00bb.vc_custom_1529785549816{margin-bottom: 1px !important;}\u00bb][vc_column_text]\n<p style=\"text-align: center;\"><strong><span style=\"font-size: 12px;\">Iglesia de San Isidro<\/span><\/strong><\/p>\n<p>[\/vc_column_text][\/vc_column][vc_column width=\u00bb1\/4&#8243;][vc_single_image image=\u00bb317&#8243; img_size=\u00bbfull\u00bb alignment=\u00bbcenter\u00bb onclick=\u00bblink_image\u00bb css=\u00bb.vc_custom_1529785514846{margin-bottom: 1px !important;}\u00bb][vc_column_text]\n<p style=\"text-align: center;\"><strong><span style=\"font-size: 12px;\">Pila Bautismal de San Isidro<\/span><\/strong><\/p>\n<p>[\/vc_column_text][\/vc_column][\/vc_row][vc_row disable_element=\u00bbyes\u00bb][vc_column][vc_custom_heading text=\u00bbDatos demogr\u00e1ficos:\u00bb font_container=\u00bbtag:h3|text_align:left\u00bb google_fonts=\u00bbfont_family:Roboto%20Slab%3A100%2C300%2Cregular%2C700|font_style:700%20bold%20regular%3A700%3Anormal\u00bb][vc_column_text]\n<table class=\"negro\" border=\"0\" width=\"100%\">\n<tbody>\n<tr>\n<td><\/td>\n<td class=\"textonegro\"><strong>1996<\/strong><\/td>\n<td class=\"textonegro\"><strong>1998<\/strong><\/td>\n<td class=\"textonegro\"><strong>1999<\/strong><\/td>\n<td class=\"textonegro\"><strong>2000<\/strong><\/td>\n<td class=\"textonegro\"><strong>2001<\/strong><\/td>\n<td class=\"textonegro\"><strong>2002<\/strong><\/td>\n<td class=\"textonegro\"><strong>2003<\/strong><\/td>\n<td class=\"textonegro\"><strong>2004<\/strong><\/td>\n<td class=\"textonegro\"><strong>2005<\/strong><\/td>\n<\/tr>\n<tr>\n<td class=\"textonegro\"><strong>Total<\/strong><\/td>\n<td class=\"textonegro_peque\">2.461<\/td>\n<td class=\"textonegro_peque\">2.384<\/td>\n<td class=\"textonegro_peque\">2.374<\/td>\n<td class=\"textonegro_peque\">2.307<\/td>\n<td class=\"textonegro_peque\">2.290<\/td>\n<td class=\"textonegro_peque\">2.256<\/td>\n<td class=\"textonegro_peque\">2.213<\/td>\n<td class=\"textonegro_peque\">2.178<\/td>\n<td class=\"textonegro_peque\">2.166<\/td>\n<\/tr>\n<tr>\n<td class=\"textonegro\"><strong>Hombres<\/strong><\/td>\n<td class=\"textonegro_peque\">1.175<\/td>\n<td class=\"textonegro_peque\">1.131<\/td>\n<td class=\"textonegro_peque\">1.115<\/td>\n<td class=\"textonegro_peque\">1.099<\/td>\n<td class=\"textonegro_peque\">1.090<\/td>\n<td class=\"textonegro_peque\">1.083<\/td>\n<td class=\"textonegro_peque\">1.065<\/td>\n<td class=\"textonegro_peque\">1.042<\/td>\n<td class=\"textonegro_peque\">1.033<\/td>\n<\/tr>\n<tr>\n<td class=\"textonegro\"><strong>Mujeres<\/strong><\/td>\n<td class=\"textonegro_peque\">1.286<\/td>\n<td class=\"textonegro_peque\">1.253<\/td>\n<td class=\"textonegro_peque\">1.259<\/td>\n<td class=\"textonegro_peque\">1.208<\/td>\n<td class=\"textonegro_peque\">1.200<\/td>\n<td class=\"textonegro_peque\">1.173<\/td>\n<td class=\"textonegro_peque\">1.148<\/td>\n<td class=\"textonegro_peque\">1.136<\/td>\n<td class=\"textonegro_peque\">1.133<\/td>\n<\/tr>\n<\/tbody>\n<\/table>\n<p>[\/vc_column_text][\/vc_column][\/vc_row]\n<\/div>","protected":false},"excerpt":{"rendered":"<p>[vc_row][vc_column][vc_column_text] Parroquias As Fragas Lugares: Laxe, Reboredo, As Cruces, Cerdeiras, Fontenla, Mullerboa, Redonde e Gargall\u00f3ns. Fiestas Patronales de Santa Mari\u00f1a de Fragas: 17, 18 e 19 de julio. Campo Lameiro\u00a0(San Miguel do Campo) Lugares: A Lagoa, Campo Lameiro,Chacente,Mora\u00f1\u00f3, Praderei e Alende. Fiesta del Sant\u00edsimo Sacramento de San Miguel de Campo Lameiro.: 1\u00ba fin de semana [&hellip;]<\/p>\n","protected":false},"author":1,"featured_media":0,"parent":0,"menu_order":0,"comment_status":"closed","ping_status":"closed","template":"","meta":{"footnotes":""},"aioseo_notices":[],"_links":{"self":[{"href":"https:\/\/campolameiro.org\/es\/wp-json\/wp\/v2\/pages\/331"}],"collection":[{"href":"https:\/\/campolameiro.org\/es\/wp-json\/wp\/v2\/pages"}],"about":[{"href":"https:\/\/campolameiro.org\/es\/wp-json\/wp\/v2\/types\/page"}],"author":[{"embeddable":true,"href":"https:\/\/campolameiro.org\/es\/wp-json\/wp\/v2\/users\/1"}],"replies":[{"embeddable":true,"href":"https:\/\/campolameiro.org\/es\/wp-json\/wp\/v2\/comments?post=331"}],"version-history":[{"count":34,"href":"https:\/\/campolameiro.org\/es\/wp-json\/wp\/v2\/pages\/331\/revisions"}],"predecessor-version":[{"id":1709,"href":"https:\/\/campolameiro.org\/es\/wp-json\/wp\/v2\/pages\/331\/revisions\/1709"}],"wp:attachment":[{"href":"https:\/\/campolameiro.org\/es\/wp-json\/wp\/v2\/media?parent=331"}],"curies":[{"name":"wp","href":"https:\/\/api.w.org\/{rel}","templated":true}]}}