{"id":2924,"date":"2019-11-17T19:16:11","date_gmt":"2019-11-17T18:16:11","guid":{"rendered":"https:\/\/campolameiro.org\/portada-luz\/"},"modified":"2022-01-24T10:19:38","modified_gmt":"2022-01-24T09:19:38","slug":"portada-luz","status":"publish","type":"page","link":"https:\/\/campolameiro.org\/es\/","title":{"rendered":"Portada Castellano"},"content":{"rendered":"<div class=\"wpb-content-wrapper\"><p>[vc_row css=\u00bb.vc_custom_1574441201707{margin-bottom: 10px !important;background-color: #ffffff !important;}\u00bb][vc_column width=\u00bb2\/3&#8243; css=\u00bb.vc_custom_1574442046630{border-right-width: 4px !important;border-right-color: #188700 !important;border-right-style: dotted !important;}\u00bb][vc_basic_grid post_type=\u00bbpost\u00bb max_items=\u00bb2&#8243; element_width=\u00bb6&#8243; item=\u00bb3228&#8243; grid_id=\u00bbvc_gid:1643015967624-65aa548b-fa51-1&#8243; css=\u00bb.vc_custom_1592094144036{padding-right: 15px !important;padding-left: 15px !important;}\u00bb][\/vc_column][vc_column width=\u00bb1\/3&#8243;][vc_single_image image=\u00bb3022&#8243; img_size=\u00bb290X400&#8243; alignment=\u00bbcenter\u00bb style=\u00bbvc_box_shadow_3d\u00bb onclick=\u00bbcustom_link\u00bb link=\u00bb\/es\/campo-lameiro-de-todo-para-tods\/\u00bb css=\u00bb.vc_custom_1603268569725{margin-bottom: 0px !important;}\u00bb][vc_single_image image=\u00bb2907&#8243; img_size=\u00bb300&#215;200&#8243; alignment=\u00bbcenter\u00bb css=\u00bb.vc_custom_1603269266132{margin-bottom: 15px !important;}\u00bb][vc_single_image image=\u00bb3263&#8243; img_size=\u00bb290&#215;280&#8243; alignment=\u00bbcenter\u00bb style=\u00bbvc_box_shadow_3d\u00bb onclick=\u00bbcustom_link\u00bb css=\u00bb.vc_custom_1603268289997{margin-bottom: 0px !important;}\u00bb link=\u00bb\/es\/servicios-sociales\/\u00bb][vc_single_image image=\u00bb4884&#8243; img_size=\u00bb290&#215;83&#8243; alignment=\u00bbcenter\u00bb style=\u00bbvc_box_shadow_3d\u00bb onclick=\u00bbcustom_link\u00bb css=\u00bb.vc_custom_1603268557776{margin-bottom: 0px !important;}\u00bb link=\u00bb\/es\/campo-lameiro-cd\/\u00bb][\/vc_column][\/vc_row][vc_row full_width=\u00bbstretch_row\u00bb equal_height=\u00bbyes\u00bb content_placement=\u00bbmiddle\u00bb css=\u00bb.vc_custom_1606294883596{margin-top: 30px !important;margin-bottom: 15px !important;padding-top: 20px !important;padding-bottom: 20px !important;background: #81d742 url(https:\/\/campolameiro.org\/wp-content\/uploads\/2019\/11\/fondo-tira.jpg?id=2734) !important;}\u00bb][vc_column width=\u00bb1\/2&#8243; css=\u00bb.vc_custom_1591813659609{margin-top: 0px !important;border-right-width: 4px !important;background-color: #ffffff !important;border-right-color: #188700 !important;border-right-style: dotted !important;}\u00bb][vc_video link=\u00bbhttps:\/\/www.youtube.com\/watch?v=xd1gFf2xMQc\u00bb align=\u00bbcenter\u00bb][\/vc_column][vc_column width=\u00bb1\/2&#8243; css=\u00bb.vc_custom_1591812659993{background-color: #ffffff !important;}\u00bb][vc_custom_heading text=\u00bbUN LARGO CAMINO HACIA LA IGUALDAD\u2026 LA EXPERIENCIA VITAL DE LAS MUJERES DE CAMPO LAMEIRO\u00bb font_container=\u00bbtag:h4|text_align:left\u00bb use_theme_fonts=\u00bbyes\u00bb css=\u00bb.vc_custom_1615232826499{margin-bottom: 14px !important;}\u00bb][vc_column_text]El Concello de Campo Lameiro edita un v\u00eddeo con motivo del 8 de Marzo , D\u00eda Internacional de la Mujer, en el que se traza un recorrido vital a trav\u00e9s de la experiencia personal de sus protagonistas, vecinas del municipio, pertenecientes a varias generaciones que recorrieron un largo camino hacia la igualdad&#8230;<br \/>\nEste documental fue realizado por un equipo t\u00e9cnico coordinado por Manuel Tato Silva (70 Mandarinas Comunicaci\u00f3n) y con el guion de Cruz Dafonte (Consultor\u00eda Social).<br \/>\nProtagonizan este v\u00eddeo la fuerza vital de Amanda Dur\u00e1n, Irene Gonz\u00e1lez, Irene Gar\u00eda, Alba Migu\u00e9ns, Raquel Ferr\u00f3n, Flora Fentanes, Paz Vidal, Elena Taboada, Alicia Fern\u00e1ndez y Luc\u00eda Senra.<br \/>\nGracias a tod@ s por hacer posible un Campo Lameiro mejor.[\/vc_column_text][\/vc_column][\/vc_row][vc_row css=\u00bb.vc_custom_1574377493548{margin-top: 10px !important;margin-bottom: 10px !important;background-color: #ffffff !important;}\u00bb][vc_column width=\u00bb2\/3&#8243;][vc_basic_grid post_type=\u00bbpost\u00bb max_items=\u00bb9&#8243; gap=\u00bb4&#8243; item=\u00bb3229&#8243; grid_id=\u00bbvc_gid:1643015967626-4c5ee237-f854-6&#8243; el_class=\u00bbmas-noticias\u00bb offset=\u00bb2&#8243;][vc_btn title=\u00bbOTRAS NOTICIAS\u00bb size=\u00bblg\u00bb align=\u00bbcenter\u00bb button_block=\u00bbtrue\u00bb link=\u00bburl:%2Fcategory%2Fnoticias%2F\u00bb el_class=\u00bbportada_outras_noticias\u00bb][\/vc_column][vc_column width=\u00bb1\/3&#8243;][vc_single_image image=\u00bb5680&#8243; img_size=\u00bbmedium\u00bb alignment=\u00bbcenter\u00bb style=\u00bbvc_box_shadow_3d\u00bb onclick=\u00bbcustom_link\u00bb img_link_target=\u00bb_blank\u00bb link=\u00bbhttps:\/\/prevenciondrogodependencias2020.blogspot.com\/\u00bb][vc_single_image image=\u00bb5852&#8243; img_size=\u00bblarge\u00bb alignment=\u00bbcenter\u00bb style=\u00bbvc_box_shadow_3d\u00bb onclick=\u00bbcustom_link\u00bb img_link_target=\u00bb_blank\u00bb link=\u00bbhttps:\/\/campolameiro.org\/wp-content\/uploads\/2022\/01\/20211228_plan-igualdad-campo-lameiro-pdf.pdf\u00bb][vc_video link=\u00bbhttps:\/\/www.youtube.com\/watch?v=L2LuHi_3pkQ\u00bb][vc_raw_html]JTNDZGl2JTIwaWQlM0QlMjJjXzZlOTRkYTM5ZDIwMzdkZTgxMzllMjY2NDljMWFiY2E0JTIyJTIwY2xhc3MlM0QlMjJub3JtYWwlMjIlM0UlM0MlMkZkaXYlM0UlM0NzY3JpcHQlMjB0eXBlJTNEJTIydGV4dCUyRmphdmFzY3JpcHQlMjIlMjBzcmMlM0QlMjJodHRwcyUzQSUyRiUyRmdhbC5lbHRpZW1wby5lcyUyRndpZGdldCUyRndpZGdldF9sb2FkZXIlMkY2ZTk0ZGEzOWQyMDM3ZGU4MTM5ZTI2NjQ5YzFhYmNhNCUyMiUzRSUzQyUyRnNjcmlwdCUzRQ==[\/vc_raw_html][vc_video link=\u00bbhttps:\/\/youtu.be\/BwlT5aSLXzk\u00bb align=\u00bbcenter\u00bb][vc_custom_heading text=\u00bbCAMPO LAMEIRO NO TEU OLLAR\u00bb font_container=\u00bbtag:h4|text_align:left\u00bb use_theme_fonts=\u00bbyes\u00bb][vc_column_text]<span style=\"font-size: 16px;\">Este v\u00eddeo recoge las 80 fotograf\u00edas participantes en el concurso CAMPO LAMEIRO NO TEU OLLAR organizado por el Concello de Campo Lameiro para recopilar una mirada distinta del confinamiento desde cada una de nuestras casas. Agradecemos la colaboraci\u00f3n de todos y todas y felicitamos a los ganadores: Fernando \u00c1lvarez Garc\u00eda, Bel\u00e9n B\u00faa Seijo y Mercedes Vali\u00f1o Touri\u00f1o (m\u00e1s votada por el p\u00fablico).<\/span>[\/vc_column_text][\/vc_column][\/vc_row]\n<\/div>","protected":false},"excerpt":{"rendered":"<p>[vc_row css=\u00bb.vc_custom_1574441201707{margin-bottom: 10px !important;background-color: #ffffff !important;}\u00bb][vc_column width=\u00bb2\/3&#8243; css=\u00bb.vc_custom_1574442046630{border-right-width: 4px !important;border-right-color: #188700 !important;border-right-style: dotted !important;}\u00bb][vc_basic_grid post_type=\u00bbpost\u00bb max_items=\u00bb2&#8243; element_width=\u00bb6&#8243; item=\u00bb3228&#8243; grid_id=\u00bbvc_gid:1643015967624-65aa548b-fa51-1&#8243; css=\u00bb.vc_custom_1592094144036{padding-right: 15px !important;padding-left: 15px !important;}\u00bb][\/vc_column][vc_column width=\u00bb1\/3&#8243;][vc_single_image image=\u00bb3022&#8243; img_size=\u00bb290X400&#8243; alignment=\u00bbcenter\u00bb style=\u00bbvc_box_shadow_3d\u00bb onclick=\u00bbcustom_link\u00bb link=\u00bb\/es\/campo-lameiro-de-todo-para-tods\/\u00bb css=\u00bb.vc_custom_1603268569725{margin-bottom: 0px !important;}\u00bb][vc_single_image image=\u00bb2907&#8243; img_size=\u00bb300&#215;200&#8243; alignment=\u00bbcenter\u00bb css=\u00bb.vc_custom_1603269266132{margin-bottom: 15px !important;}\u00bb][vc_single_image image=\u00bb3263&#8243; img_size=\u00bb290&#215;280&#8243; alignment=\u00bbcenter\u00bb style=\u00bbvc_box_shadow_3d\u00bb onclick=\u00bbcustom_link\u00bb css=\u00bb.vc_custom_1603268289997{margin-bottom: 0px !important;}\u00bb link=\u00bb\/es\/servicios-sociales\/\u00bb][vc_single_image image=\u00bb4884&#8243; img_size=\u00bb290&#215;83&#8243; alignment=\u00bbcenter\u00bb style=\u00bbvc_box_shadow_3d\u00bb onclick=\u00bbcustom_link\u00bb css=\u00bb.vc_custom_1603268557776{margin-bottom: [&hellip;]<\/p>\n","protected":false},"author":8,"featured_media":0,"parent":0,"menu_order":0,"comment_status":"closed","ping_status":"closed","template":"","meta":{"footnotes":""},"aioseo_notices":[],"_links":{"self":[{"href":"https:\/\/campolameiro.org\/es\/wp-json\/wp\/v2\/pages\/2924"}],"collection":[{"href":"https:\/\/campolameiro.org\/es\/wp-json\/wp\/v2\/pages"}],"about":[{"href":"https:\/\/campolameiro.org\/es\/wp-json\/wp\/v2\/types\/page"}],"author":[{"embeddable":true,"href":"https:\/\/campolameiro.org\/es\/wp-json\/wp\/v2\/users\/8"}],"replies":[{"embeddable":true,"href":"https:\/\/campolameiro.org\/es\/wp-json\/wp\/v2\/comments?post=2924"}],"version-history":[{"count":69,"href":"https:\/\/campolameiro.org\/es\/wp-json\/wp\/v2\/pages\/2924\/revisions"}],"predecessor-version":[{"id":5874,"href":"https:\/\/campolameiro.org\/es\/wp-json\/wp\/v2\/pages\/2924\/revisions\/5874"}],"wp:attachment":[{"href":"https:\/\/campolameiro.org\/es\/wp-json\/wp\/v2\/media?parent=2924"}],"curies":[{"name":"wp","href":"https:\/\/api.w.org\/{rel}","templated":true}]}}