{"id":2390,"date":"2019-09-09T12:56:26","date_gmt":"2019-09-09T10:56:26","guid":{"rendered":"https:\/\/campolameiro.org\/cursos\/"},"modified":"2019-10-22T12:10:15","modified_gmt":"2019-10-22T10:10:15","slug":"emprego-cursos-2","status":"publish","type":"page","link":"https:\/\/campolameiro.org\/es\/emprego-cursos-2\/","title":{"rendered":"CURSOS"},"content":{"rendered":"<blockquote class=\"wp-embedded-content\" data-secret=\"eNwxy8fseJ\"><p><a href=\"https:\/\/campolameiro.org\/es\/curso-elabora-o-teu-curriculo-vitae\/\">CURSO ELABORA O TEU CURR\u00cdCULO VITAE<\/a><\/p><\/blockquote>\n<p><iframe class=\"wp-embedded-content\" sandbox=\"allow-scripts\" security=\"restricted\" style=\"position: absolute; clip: rect(1px, 1px, 1px, 1px);\" title=\"\u00abCURSO ELABORA O TEU CURR\u00cdCULO VITAE\u00bb \u2014 Concello de Campo Lameiro\" src=\"https:\/\/campolameiro.org\/es\/curso-elabora-o-teu-curriculo-vitae\/embed\/#?secret=7HpyX9i3f5#?secret=eNwxy8fseJ\" data-secret=\"eNwxy8fseJ\" width=\"500\" height=\"282\" frameborder=\"0\" marginwidth=\"0\" marginheight=\"0\" scrolling=\"no\"><\/iframe><\/p>\n<blockquote class=\"wp-embedded-content\" data-secret=\"Y0GORHESfF\"><p><a href=\"https:\/\/campolameiro.org\/es\/cursos-do-inem-para-desempregados\/\">CURSOS DO INEM PARA DESEMPREGADOS<\/a><\/p><\/blockquote>\n<p><iframe class=\"wp-embedded-content\" sandbox=\"allow-scripts\" security=\"restricted\" style=\"position: absolute; clip: rect(1px, 1px, 1px, 1px);\" title=\"\u00abCURSOS DO INEM PARA DESEMPREGADOS\u00bb \u2014 Concello de Campo Lameiro\" src=\"https:\/\/campolameiro.org\/es\/cursos-do-inem-para-desempregados\/embed\/#?secret=N3N3Kli4J2#?secret=Y0GORHESfF\" data-secret=\"Y0GORHESfF\" width=\"500\" height=\"282\" frameborder=\"0\" marginwidth=\"0\" marginheight=\"0\" scrolling=\"no\"><\/iframe><\/p>\n<blockquote class=\"wp-embedded-content\" data-secret=\"UXVHfggd2M\"><p><a href=\"https:\/\/campolameiro.org\/es\/obradoiros-fablab-no-coworking-de-barro-de-deseno-3d-domotica-e-robotica\/\">OBRADOIROS FABLAB NO COWORKING DE BARRO DE DESE\u00d1O 3D, DOM\u00d3TICA E ROB\u00d3TICA<\/a><\/p><\/blockquote>\n<p><iframe class=\"wp-embedded-content\" sandbox=\"allow-scripts\" security=\"restricted\" style=\"position: absolute; clip: rect(1px, 1px, 1px, 1px);\" title=\"\u00abOBRADOIROS FABLAB NO COWORKING DE BARRO DE DESE\u00d1O 3D, DOM\u00d3TICA E ROB\u00d3TICA\u00bb \u2014 Concello de Campo Lameiro\" src=\"https:\/\/campolameiro.org\/es\/obradoiros-fablab-no-coworking-de-barro-de-deseno-3d-domotica-e-robotica\/embed\/#?secret=tgLmt7g6lZ#?secret=UXVHfggd2M\" data-secret=\"UXVHfggd2M\" width=\"500\" height=\"282\" frameborder=\"0\" marginwidth=\"0\" marginheight=\"0\" scrolling=\"no\"><\/iframe><\/p>\n<blockquote class=\"wp-embedded-content\" data-secret=\"XLbFpqXk0K\"><p><a href=\"https:\/\/campolameiro.org\/es\/xornadas-tecnicas-prevencion-dos-incendios-forestais-nos-nucleos-rurais\/\">XORNADAS T\u00c9CNICAS \u00abPREVENCI\u00d3N DOS INCENDIOS FORESTAIS NOS N\u00daCLEOS RURAIS\u00bb<\/a><\/p><\/blockquote>\n<p><iframe class=\"wp-embedded-content\" sandbox=\"allow-scripts\" security=\"restricted\" style=\"position: absolute; clip: rect(1px, 1px, 1px, 1px);\" title=\"\u00abXORNADAS T\u00c9CNICAS \u00abPREVENCI\u00d3N DOS INCENDIOS FORESTAIS NOS N\u00daCLEOS RURAIS\u00bb\u00bb \u2014 Concello de Campo Lameiro\" src=\"https:\/\/campolameiro.org\/es\/xornadas-tecnicas-prevencion-dos-incendios-forestais-nos-nucleos-rurais\/embed\/#?secret=7xnBNaecN4#?secret=XLbFpqXk0K\" data-secret=\"XLbFpqXk0K\" width=\"500\" height=\"282\" frameborder=\"0\" marginwidth=\"0\" marginheight=\"0\" scrolling=\"no\"><\/iframe><\/p>\n<blockquote class=\"wp-embedded-content\" data-secret=\"u51R0E12zs\"><p><a href=\"https:\/\/campolameiro.org\/es\/programa-labora-2020\/\">PROGRAMA LABORA 2020<\/a><\/p><\/blockquote>\n<p><iframe class=\"wp-embedded-content\" sandbox=\"allow-scripts\" security=\"restricted\" style=\"position: absolute; clip: rect(1px, 1px, 1px, 1px);\" title=\"\u00abPROGRAMA LABORA 2020\u00bb \u2014 Concello de Campo Lameiro\" src=\"https:\/\/campolameiro.org\/es\/programa-labora-2020\/embed\/#?secret=ncBxYhchGq#?secret=u51R0E12zs\" data-secret=\"u51R0E12zs\" width=\"500\" height=\"282\" frameborder=\"0\" marginwidth=\"0\" marginheight=\"0\" scrolling=\"no\"><\/iframe><\/p>\n<blockquote class=\"wp-embedded-content\" data-secret=\"xzkTBujGVv\"><p><a href=\"https:\/\/campolameiro.org\/es\/convocatoria-cursos-celga-2019-2020\/\">CONVOCATORIA CURSOS CELGA 2019-2020<\/a><\/p><\/blockquote>\n<p><iframe class=\"wp-embedded-content\" sandbox=\"allow-scripts\" security=\"restricted\" style=\"position: absolute; clip: rect(1px, 1px, 1px, 1px);\" title=\"\u00abCONVOCATORIA CURSOS CELGA 2019-2020\u00bb \u2014 Concello de Campo Lameiro\" src=\"https:\/\/campolameiro.org\/es\/convocatoria-cursos-celga-2019-2020\/embed\/#?secret=ql0xVGFn6j#?secret=xzkTBujGVv\" data-secret=\"xzkTBujGVv\" width=\"500\" height=\"282\" frameborder=\"0\" marginwidth=\"0\" marginheight=\"0\" scrolling=\"no\"><\/iframe><\/p>\n<blockquote class=\"wp-embedded-content\" data-secret=\"iQn3lLy3DD\"><p><a href=\"https:\/\/campolameiro.org\/es\/?p=2312\">PROXECTO MILLENNIALS<\/a><\/p><\/blockquote>\n<p><iframe class=\"wp-embedded-content\" sandbox=\"allow-scripts\" security=\"restricted\" style=\"position: absolute; clip: rect(1px, 1px, 1px, 1px);\" title=\"\u00abPROXECTO MILLENNIALS\u00bb \u2014 Concello de Campo Lameiro\" src=\"https:\/\/campolameiro.org\/es\/embed\/?p=2312#?secret=td8v2Q9HvY#?secret=iQn3lLy3DD\" data-secret=\"iQn3lLy3DD\" width=\"500\" height=\"282\" frameborder=\"0\" marginwidth=\"0\" marginheight=\"0\" scrolling=\"no\"><\/iframe><\/p>\n","protected":false},"excerpt":{"rendered":"<p>CURSO ELABORA O TEU CURR\u00cdCULO VITAE CURSOS DO INEM PARA DESEMPREGADOS OBRADOIROS FABLAB NO COWORKING DE BARRO DE DESE\u00d1O 3D, DOM\u00d3TICA E ROB\u00d3TICA XORNADAS T\u00c9CNICAS \u00abPREVENCI\u00d3N DOS INCENDIOS FORESTAIS NOS N\u00daCLEOS RURAIS\u00bb PROGRAMA LABORA 2020 CONVOCATORIA CURSOS CELGA 2019-2020 PROXECTO MILLENNIALS<\/p>\n","protected":false},"author":5,"featured_media":0,"parent":0,"menu_order":0,"comment_status":"closed","ping_status":"closed","template":"","meta":{"footnotes":""},"aioseo_notices":[],"_links":{"self":[{"href":"https:\/\/campolameiro.org\/es\/wp-json\/wp\/v2\/pages\/2390"}],"collection":[{"href":"https:\/\/campolameiro.org\/es\/wp-json\/wp\/v2\/pages"}],"about":[{"href":"https:\/\/campolameiro.org\/es\/wp-json\/wp\/v2\/types\/page"}],"author":[{"embeddable":true,"href":"https:\/\/campolameiro.org\/es\/wp-json\/wp\/v2\/users\/5"}],"replies":[{"embeddable":true,"href":"https:\/\/campolameiro.org\/es\/wp-json\/wp\/v2\/comments?post=2390"}],"version-history":[{"count":11,"href":"https:\/\/campolameiro.org\/es\/wp-json\/wp\/v2\/pages\/2390\/revisions"}],"predecessor-version":[{"id":2607,"href":"https:\/\/campolameiro.org\/es\/wp-json\/wp\/v2\/pages\/2390\/revisions\/2607"}],"wp:attachment":[{"href":"https:\/\/campolameiro.org\/es\/wp-json\/wp\/v2\/media?parent=2390"}],"curies":[{"name":"wp","href":"https:\/\/api.w.org\/{rel}","templated":true}]}}