{"id":2364,"date":"2019-09-04T14:54:46","date_gmt":"2019-09-04T12:54:46","guid":{"rendered":"https:\/\/campolameiro.org\/2326-2\/"},"modified":"2019-09-17T12:48:06","modified_gmt":"2019-09-17T10:48:06","slug":"axudas2","status":"publish","type":"page","link":"https:\/\/campolameiro.org\/es\/axudas2\/","title":{"rendered":""},"content":{"rendered":"<h3><span style=\"font-family: 'arial black', sans-serif; color: #0000ff;\"><strong>AXUDAS \u00c1 CREACI\u00d3N DE EMPRESA<\/strong><\/span><\/h3>\n<p><span style=\"font-family: 'arial black', sans-serif;\"><a href=\"https:\/\/campolameiro.org\/wp-content\/uploads\/2019\/05\/AXUDAS-A-PROMOCION-DO-EMPREGO-AUTONOMO.pdf\">AXUDAS A PROMOCION DO EMPREGO AUTONOMO<\/a><\/span><\/p>\n<p><span style=\"font-family: 'arial black', sans-serif;\"><a href=\"https:\/\/campolameiro.org\/wp-content\/uploads\/2019\/05\/SUBVENCI\u00d3NS-PARA-O-FOMENTO-DO-EMPRENDEMENTO-EN-ECONOM\u00cdA-SOCIAL.pdf\">SUBVENCI\u00d3NS PARA O FOMENTO DO EMPRENDEMENTO EN ECONOM\u00cdA SOCIAL<\/a><\/span><\/p>\n<p><span style=\"font-family: 'arial black', sans-serif;\"><a href=\"https:\/\/campolameiro.org\/wp-content\/uploads\/2019\/05\/SUBVENCIONS-DO-PROGRAMA-PARA-AS-PEQUENAS-EMPRESAS-DE-NOVA-CREACION.pdf\">SUBVENCIONS DO PROGRAMA PARA AS PEQUENAS EMPRESAS DE NOVA CREACION<\/a><a href=\"https:\/\/campolameiro.org\/wp-content\/uploads\/2019\/05\/SUBVENCI\u00d3NS-AS-INICIATIVAS-DE-EMPREGO-TECNOL\u00d3XICO-IEBT.pdf\">S<\/a><\/span><\/p>\n<p><span style=\"font-family: 'arial black', sans-serif;\"><a href=\"https:\/\/campolameiro.org\/wp-content\/uploads\/2019\/05\/SUBVENCI\u00d3NS-AS-INICIATIVAS-DE-EMPREGO-TECNOL\u00d3XICO-IEBT.pdf\">SUBVENCI\u00d3NS AS INICIATIVAS DE EMPREGO TECNOL\u00d3XICO-IEBT<\/a><\/span><\/p>\n<p><span style=\"font-family: 'arial black', sans-serif;\"><a href=\"https:\/\/campolameiro.org\/wp-content\/uploads\/2019\/05\/PROGRAMA-EMPREGA-MULLER.pdf\">PROGRAMA EMPREGA MULLER<\/a><\/span><\/p>\n<p><span style=\"font-family: 'arial black', sans-serif;\"><a href=\"https:\/\/campolameiro.org\/wp-content\/uploads\/2019\/05\/CONVOCATORIA-DE-AXUDAS-PARA-NOVOS-EMPRENDEDORES.GALICIA-EMPRENDE.pdf\">CONVOCATORIA DE AXUDAS PARA NOVOS EMPRENDEDORES.GALICIA EMPRENDE<\/a><\/span><\/p>\n<h3><span style=\"font-family: 'arial black', sans-serif; color: #0000ff;\">AXUDAS \u00c1 CONTRATACI\u00d3N<\/span><\/h3>\n<p><span style=\"font-family: 'arial black', sans-serif;\"><a href=\"\/?p=2362\">PROGRAMA DE INCENTIVOS \u00c1 ACTIVIDADE LABORAL VINCULADA \u00c1S ACCI\u00d3NS FORMATIVAS CON COMPROMISO DE CONTRATACI\u00d3N INMEDIATA<\/a><\/span><\/p>\n<p><span style=\"font-family: 'arial black', sans-serif;\"><a href=\"\/?p=2359\">ACCI\u00d3NS FORMATIVAS CON COMPROMISO DE CONTRATACI\u00d3N DIRIXIDAS PRIORITARIAMENTE \u00c1S PERSOAS TRABALLADORAS DESEMPREGADAS<\/a><\/span><\/p>\n<p><span style=\"font-family: 'arial black', sans-serif; background-color: #ffffff;\"><a style=\"background-color: #ffffff;\" href=\"\/?p=2362\">PROGRAMA DE INCENTIVOS \u00c1 ACTIVIDADE LABORAL VINCULADA \u00c1S ACCI\u00d3NS FORMATIVAS CON COMPROMISO DE CONTRATACI\u00d3N INDEFINIDA<\/a><\/span><\/p>\n<p><span style=\"font-family: 'arial black', sans-serif;\"><a href=\"https:\/\/campolameiro.org\/wp-content\/uploads\/2019\/05\/PROGRAMA-EMPREGA-XUVENTUDE-DE-INCENTIVOS-A-CONTRATACION-E-FORMACION-DE-PERSOAS-MOZAS.pdf\">PROGRAMA EMPREGA XUVENTUDE DE INCENTIVOS A CONTRATACION E FORMACION DE PERSOAS MOZAS<\/a><\/span><\/p>\n<p><span style=\"font-family: 'arial black', sans-serif;\"><a href=\"\/?p=2294\" target=\"_blank\" rel=\"noopener\">PROGRAMA EMPREGA, DISCAPACIDADE E EXCLUSI\u00d3N<\/a><\/span><\/p>\n<h3><span style=\"font-family: 'arial black', sans-serif; color: #0000ff;\">AXUDAS A EMPRESARIOS<\/span><\/h3>\n<p><span style=\"font-family: 'arial black', sans-serif;\"><a href=\"https:\/\/campolameiro.org\/?p=2331&amp;preview=true\">AXUDAS DO PROGRAMA SINERXIA DA INTERNACIONALIZACI\u00d3N<\/a><\/span><\/p>\n<p><span style=\"font-family: 'arial black', sans-serif;\"><a href=\"https:\/\/campolameiro.org\/wp-content\/uploads\/2019\/05\/SUBVENCIONS-PARA-A-OBTENCION-OU-MANTEMENTO-DA-MARCA-Q-DE-CALIDADE-TURISTICA.pdf\">S<\/a><a href=\"https:\/\/campolameiro.org\/wp-content\/uploads\/2019\/05\/SUBVENCIONS-PARA-A-OBTENCION-OU-MANTEMENTO-DA-MARCA-Q-DE-CALIDADE-TURISTICA.pdf\">UBVENCIONS PARA A OBTENCION OU MANTEMENTO DA MARCA Q DE CALIDADE TURISTICA<\/a><\/span><\/p>\n<p><span style=\"font-family: 'arial black', sans-serif;\"><a href=\"https:\/\/campolameiro.org\/wp-content\/uploads\/2019\/05\/AXUDAS-PARA-A-CONCILIACION-POR-MATERNIDADE-OU-PATERNIDADE-DA-PERSOA-TRABALLADORA-AUTONOMA.pdf\">AXUDAS PARA A CONCILIACION POR MATERNIDADE OU PATERNIDADE DA PERSOA TRABALLADORA AUTONOMA<\/a><\/span><\/p>\n<h3><strong><span style=\"color: #0000ff;\">AXUDAS DE VIVENDA<\/span><\/strong><\/h3>\n<p><strong><a href=\"\/?p=2426\">AXUDAS AO ALUGAMENTO DE VIVENDAS<\/a><\/strong><\/p>\n<p>&nbsp;<\/p>\n","protected":false},"excerpt":{"rendered":"<p>AXUDAS \u00c1 CREACI\u00d3N DE EMPRESA AXUDAS A PROMOCION DO EMPREGO AUTONOMO SUBVENCI\u00d3NS PARA O FOMENTO DO EMPRENDEMENTO EN ECONOM\u00cdA SOCIAL SUBVENCIONS DO PROGRAMA PARA AS PEQUENAS EMPRESAS DE NOVA CREACIONS SUBVENCI\u00d3NS AS INICIATIVAS DE EMPREGO TECNOL\u00d3XICO-IEBT PROGRAMA EMPREGA MULLER CONVOCATORIA DE AXUDAS PARA NOVOS EMPRENDEDORES.GALICIA EMPRENDE AXUDAS \u00c1 CONTRATACI\u00d3N PROGRAMA DE INCENTIVOS \u00c1 ACTIVIDADE LABORAL [&hellip;]<\/p>\n","protected":false},"author":5,"featured_media":0,"parent":0,"menu_order":0,"comment_status":"closed","ping_status":"closed","template":"","meta":{"footnotes":""},"aioseo_notices":[],"_links":{"self":[{"href":"https:\/\/campolameiro.org\/es\/wp-json\/wp\/v2\/pages\/2364"}],"collection":[{"href":"https:\/\/campolameiro.org\/es\/wp-json\/wp\/v2\/pages"}],"about":[{"href":"https:\/\/campolameiro.org\/es\/wp-json\/wp\/v2\/types\/page"}],"author":[{"embeddable":true,"href":"https:\/\/campolameiro.org\/es\/wp-json\/wp\/v2\/users\/5"}],"replies":[{"embeddable":true,"href":"https:\/\/campolameiro.org\/es\/wp-json\/wp\/v2\/comments?post=2364"}],"version-history":[{"count":6,"href":"https:\/\/campolameiro.org\/es\/wp-json\/wp\/v2\/pages\/2364\/revisions"}],"predecessor-version":[{"id":2430,"href":"https:\/\/campolameiro.org\/es\/wp-json\/wp\/v2\/pages\/2364\/revisions\/2430"}],"wp:attachment":[{"href":"https:\/\/campolameiro.org\/es\/wp-json\/wp\/v2\/media?parent=2364"}],"curies":[{"name":"wp","href":"https:\/\/api.w.org\/{rel}","templated":true}]}}