{"id":197,"date":"2018-06-22T00:33:31","date_gmt":"2018-06-21T22:33:31","guid":{"rendered":"https:\/\/campolameiro.org\/como-llegar\/"},"modified":"2018-12-20T13:01:43","modified_gmt":"2018-12-20T12:01:43","slug":"como-llegar","status":"publish","type":"page","link":"https:\/\/campolameiro.org\/es\/como-llegar\/","title":{"rendered":"C\u00f3mo Llegar"},"content":{"rendered":"<div class=\"wpb-content-wrapper\"><p>[vc_row][vc_column][vc_custom_heading text=\u00bbC\u00f3mo llegar:\u00bb font_container=\u00bbtag:h3|text_align:left\u00bb google_fonts=\u00bbfont_family:Roboto%20Slab%3A100%2C300%2Cregular%2C700|font_style:700%20bold%20regular%3A700%3Anormal\u00bb][\/vc_column][\/vc_row][vc_row][vc_column css_animation=\u00bbfadeIn\u00bb width=\u00bb2\/3&#8243;][vc_single_image image=\u00bb194&#8243; img_size=\u00bbfull\u00bb alignment=\u00bbcenter\u00bb][vc_btn title=\u00bbMapa de carreteras A4&#8243; style=\u00bboutline\u00bb shape=\u00bbsquare\u00bb color=\u00bbsuccess\u00bb size=\u00bblg\u00bb align=\u00bbleft\u00bb link=\u00bburl:%2Fwp-content%2Fuploads%2F2018%2F06%2Fcarretera_a4.pdf|target:%20_blank|\u00bb][\/vc_column][vc_column width=\u00bb1\/3&#8243;][vc_column_text]<strong>Desde Pontevedra salida Santiago:<\/strong><br \/>\nSalimos direcci\u00f3n Santiago (N-550) y cogemos la PO-223,16 Km. despu\u00e9s sin coger ning\u00fan desv\u00edo, llegamos a Campo Lameiro<\/p>\n<p><strong>Desde Pontevedra salida Ourense.:<\/strong><br \/>\nSalimos direcci\u00f3n Ourense (N-541), a 15 Km. Llegamos a San Xurxo de Sacos, y nos desviamos a la Izquierda por la PO-231.<\/p>\n<p><strong>Desde A Coru\u00f1a (113 km) y Santiago (41 km):<\/strong><br \/>\nA-9 o N-550 direcci\u00f3n Pontevedra. En Caldas de Reis, se toma hacia A Estrada en el desv\u00edo que enlaza con la N-640 y, al llegar a Santo Andr\u00e9 de Cesar, se coge rumbo a A Lagoa, capital de Campo Lameiro, por la PO-221.[\/vc_column_text][\/vc_column][\/vc_row][vc_row][vc_column][vc_custom_heading text=\u00bbGoogle Maps\u00bb font_container=\u00bbtag:h3|text_align:left\u00bb google_fonts=\u00bbfont_family:Roboto%20Slab%3A100%2C300%2Cregular%2C700|font_style:700%20bold%20regular%3A700%3Anormal\u00bb][\/vc_column][\/vc_row][vc_row][vc_column][vc_gmaps link=\u00bb#E-8_JTNDaWZyYW1lJTIwc3JjJTNEJTIyaHR0cHMlM0ElMkYlMkZ3d3cuZ29vZ2xlLmNvbSUyRm1hcHMlMkZlbWJlZCUzRnBiJTNEJTIxMW0xOCUyMTFtMTIlMjExbTMlMjExZDQxNTcuMzcxMDkxNzk2MTgxJTIxMmQtOC41NDU4MTM0MzU5ODk0MzklMjEzZDQyLjU0MDMxNDcwMDEwMzQ2JTIxMm0zJTIxMWYwJTIxMmYwJTIxM2YwJTIxM20yJTIxMWkxMDI0JTIxMmk3NjglMjE0ZjEzLjElMjEzbTMlMjExbTIlMjExczB4ZDJmNzRjYzAwMTk2ZGNiJTI1M0EweGJiMTgxYWRiMWRkNjc4YTMlMjEyczM2MTEwJTJCQ2FtcG8lMkJMYW1laXJvJTI1MkMlMkJQb250ZXZlZHJhJTIxNWUwJTIxM20yJTIxMXNlcyUyMTJzZXMlMjE0djE1Mjk2MTk0ODU1NTglMjIlMjB3aWR0aCUzRCUyMjYwMCUyMiUyMGhlaWdodCUzRCUyMjQ1MCUyMiUyMGZyYW1lYm9yZGVyJTNEJTIyMCUyMiUyMHN0eWxlJTNEJTIyYm9yZGVyJTNBMCUyMiUyMGFsbG93ZnVsbHNjcmVlbiUzRSUzQyUyRmlmcmFtZSUzRQ==\u00bb css_animation=\u00bbfadeInLeft\u00bb][\/vc_column][\/vc_row][vc_row][vc_column][vc_column_text]<strong>Distancias por Carretera:<\/strong><br \/>\n-A Coru\u00f1a: 113 km.<br \/>\n-Ferrol: 132 km.<br \/>\n-Lugo: 120 km.<br \/>\n-Ourense: 77 km.<br \/>\n-Pontevedra: 22 km.<br \/>\n-Santiago: 41 km.<br \/>\n-Vigo: 48 km<\/p>\n<p><strong>Aeropuertos m\u00e1s cercanos:<\/strong><br \/>\n-Santiago: 50 km.<br \/>\n-Vigo:50 km.[\/vc_column_text][\/vc_column][\/vc_row][vc_row][vc_column][vc_custom_heading text=\u00bbDatos geogr\u00e1ficos:\u00bb font_container=\u00bbtag:h3|text_align:left\u00bb google_fonts=\u00bbfont_family:Roboto%20Slab%3A100%2C300%2Cregular%2C700|font_style:700%20bold%20regular%3A700%3Anormal\u00bb][vc_column_text]<strong>L\u00edmites: N:<\/strong> Cuntis, S: R\u00edo L\u00e9rez, E: A Estrada e Cerdedo, O: Mora\u00f1a<br \/>\n<strong>Parroquias:<\/strong> San Miguel do Campo, San Cristovo de Couso, Santa Mari\u00f1a das Fragas, Santa Mar\u00eda de Moimenta, San Isidro de Montes e Santiago de Morillas.<br \/>\n<strong>C\u00f3digo Postal:<\/strong> 36110<\/p>\n<p><strong>Su Extensi\u00f3n<\/strong> es de 63,94 km2., con una altitud de 350 m. sobre el nivel del mar.<br \/>\nEl pico m\u00e1s alto es el monte Conla, con una altura de 800 m.<br \/>\nEl r\u00edo m\u00e1s importante es el L\u00e9rez, y como afluentes el Calvos y el Meneses.[\/vc_column_text][\/vc_column][\/vc_row]\n<\/div>","protected":false},"excerpt":{"rendered":"<p>[vc_row][vc_column][vc_custom_heading text=\u00bbC\u00f3mo llegar:\u00bb font_container=\u00bbtag:h3|text_align:left\u00bb google_fonts=\u00bbfont_family:Roboto%20Slab%3A100%2C300%2Cregular%2C700|font_style:700%20bold%20regular%3A700%3Anormal\u00bb][\/vc_column][\/vc_row][vc_row][vc_column css_animation=\u00bbfadeIn\u00bb width=\u00bb2\/3&#8243;][vc_single_image image=\u00bb194&#8243; img_size=\u00bbfull\u00bb alignment=\u00bbcenter\u00bb][vc_btn title=\u00bbMapa de carreteras A4&#8243; style=\u00bboutline\u00bb shape=\u00bbsquare\u00bb color=\u00bbsuccess\u00bb size=\u00bblg\u00bb align=\u00bbleft\u00bb link=\u00bburl:%2Fwp-content%2Fuploads%2F2018%2F06%2Fcarretera_a4.pdf|target:%20_blank|\u00bb][\/vc_column][vc_column width=\u00bb1\/3&#8243;][vc_column_text]Desde Pontevedra salida Santiago: Salimos direcci\u00f3n Santiago (N-550) y cogemos la PO-223,16 Km. despu\u00e9s sin coger ning\u00fan desv\u00edo, llegamos a Campo Lameiro Desde Pontevedra salida Ourense.: Salimos direcci\u00f3n Ourense (N-541), a 15 Km. Llegamos a [&hellip;]<\/p>\n","protected":false},"author":1,"featured_media":0,"parent":0,"menu_order":0,"comment_status":"closed","ping_status":"closed","template":"","meta":{"footnotes":""},"aioseo_notices":[],"_links":{"self":[{"href":"https:\/\/campolameiro.org\/es\/wp-json\/wp\/v2\/pages\/197"}],"collection":[{"href":"https:\/\/campolameiro.org\/es\/wp-json\/wp\/v2\/pages"}],"about":[{"href":"https:\/\/campolameiro.org\/es\/wp-json\/wp\/v2\/types\/page"}],"author":[{"embeddable":true,"href":"https:\/\/campolameiro.org\/es\/wp-json\/wp\/v2\/users\/1"}],"replies":[{"embeddable":true,"href":"https:\/\/campolameiro.org\/es\/wp-json\/wp\/v2\/comments?post=197"}],"version-history":[{"count":11,"href":"https:\/\/campolameiro.org\/es\/wp-json\/wp\/v2\/pages\/197\/revisions"}],"predecessor-version":[{"id":1702,"href":"https:\/\/campolameiro.org\/es\/wp-json\/wp\/v2\/pages\/197\/revisions\/1702"}],"wp:attachment":[{"href":"https:\/\/campolameiro.org\/es\/wp-json\/wp\/v2\/media?parent=197"}],"curies":[{"name":"wp","href":"https:\/\/api.w.org\/{rel}","templated":true}]}}