{"id":1654,"date":"2018-12-19T21:19:17","date_gmt":"2018-12-19T20:19:17","guid":{"rendered":"https:\/\/campolameiro.org\/centro-sociocultural-sobrino-buhigas\/"},"modified":"2018-12-19T21:19:21","modified_gmt":"2018-12-19T20:19:21","slug":"centro-sociocultural-sobrino-buhigas","status":"publish","type":"page","link":"https:\/\/campolameiro.org\/es\/centro-sociocultural-sobrino-buhigas\/","title":{"rendered":"Centro Sociocultural Sobrino Buhigas"},"content":{"rendered":"<div class=\"wpb-content-wrapper\"><p>[vc_row][vc_column][vc_column_text]C\/ Bernardo Sagasta, n\u00ba 37<br \/>\nA Lagoa<br \/>\n36110 &#8211; Campo Lameiro<br \/>\nE-mail: info@campolameiro.com<\/p>\n<p>Un lugar para la celebraci\u00f3n de distintas actividades, culturales, l\u00fadicas, formativas y art\u00edsticas.<\/p>\n<p>El centro dispone de un auditorio completamente equipado con 154 plazas, en un edificio distribuido en tres pisos, que cuenta adem\u00e1s con salas de exposici\u00f3n, aulas para cursos y talleres y varios despachos.<\/p>\n<p><img loading=\"lazy\" decoding=\"async\" class=\"size-full wp-image-1651 alignnone\" src=\"https:\/\/campolameiro.org\/wp-content\/uploads\/2018\/12\/centro-cultural-sobrino-buhigas.jpg\" alt=\"\" width=\"250\" height=\"363\" srcset=\"https:\/\/campolameiro.org\/wp-content\/uploads\/2018\/12\/centro-cultural-sobrino-buhigas.jpg 250w, https:\/\/campolameiro.org\/wp-content\/uploads\/2018\/12\/centro-cultural-sobrino-buhigas-207x300.jpg 207w\" sizes=\"(max-width: 250px) 100vw, 250px\" \/>[\/vc_column_text][\/vc_column][\/vc_row]\n<\/div>","protected":false},"excerpt":{"rendered":"<p>[vc_row][vc_column][vc_column_text]C\/ Bernardo Sagasta, n\u00ba 37 A Lagoa 36110 &#8211; Campo Lameiro E-mail: info@campolameiro.com Un lugar para la celebraci\u00f3n de distintas actividades, culturales, l\u00fadicas, formativas y art\u00edsticas. El centro dispone de un auditorio completamente equipado con 154 plazas, en un edificio distribuido en tres pisos, que cuenta adem\u00e1s con salas de exposici\u00f3n, aulas para cursos y [&hellip;]<\/p>\n","protected":false},"author":8,"featured_media":0,"parent":0,"menu_order":0,"comment_status":"closed","ping_status":"closed","template":"","meta":{"footnotes":""},"aioseo_notices":[],"_links":{"self":[{"href":"https:\/\/campolameiro.org\/es\/wp-json\/wp\/v2\/pages\/1654"}],"collection":[{"href":"https:\/\/campolameiro.org\/es\/wp-json\/wp\/v2\/pages"}],"about":[{"href":"https:\/\/campolameiro.org\/es\/wp-json\/wp\/v2\/types\/page"}],"author":[{"embeddable":true,"href":"https:\/\/campolameiro.org\/es\/wp-json\/wp\/v2\/users\/8"}],"replies":[{"embeddable":true,"href":"https:\/\/campolameiro.org\/es\/wp-json\/wp\/v2\/comments?post=1654"}],"version-history":[{"count":1,"href":"https:\/\/campolameiro.org\/es\/wp-json\/wp\/v2\/pages\/1654\/revisions"}],"predecessor-version":[{"id":1655,"href":"https:\/\/campolameiro.org\/es\/wp-json\/wp\/v2\/pages\/1654\/revisions\/1655"}],"wp:attachment":[{"href":"https:\/\/campolameiro.org\/es\/wp-json\/wp\/v2\/media?parent=1654"}],"curies":[{"name":"wp","href":"https:\/\/api.w.org\/{rel}","templated":true}]}}