{"id":128,"date":"2018-06-07T23:21:47","date_gmt":"2018-06-07T21:21:47","guid":{"rendered":"https:\/\/campolameiro.org\/?page_id=128"},"modified":"2018-12-21T01:27:56","modified_gmt":"2018-12-21T00:27:56","slug":"historia","status":"publish","type":"page","link":"https:\/\/campolameiro.org\/es\/historia\/","title":{"rendered":"Historia"},"content":{"rendered":"<div class=\"wpb-content-wrapper\"><p>[vc_row][vc_column][vc_column_text]<strong>Campo Lameiro<\/strong>\u00a0tiene una parte importante de su historia grabada en piedra, en forma de petroglifos.<\/p>\n<p>Sus importantes restos arqueol\u00f3xicos hablan de la antigua ocupaci\u00f3n del municipio, datada en torno el a\u00f1o\u00a0<strong>3200 antes de Cristo<\/strong>.\u00a0 La gran cantidad de piedras grabadas y la riqueza de los motivos, hacen de este ayuntamiento la<strong>\u00a0Capital del Arte Rupestre.<\/strong><\/p>\n<p>Campo Lameiro conserva un valioso patrimonio arqueol\u00f3gico, pero tambi\u00e9n muestras significativas del arte posterior, concretamente del\u00a0<strong>rom\u00e1nico\u00a0<\/strong>y del\u00a0<strong>barroco<\/strong>, en iglesias como la de Santa Mar\u00eda de Los Bosques, Santo Miguel del Campo y Santa Mar\u00eda de Moimenta.[\/vc_column_text][vc_row_inner][vc_column_inner width=\u00bb1\/3&#8243;][vc_single_image image=\u00bb939&#8243; img_size=\u00bbfull\u00bb add_caption=\u00bbyes\u00bb alignment=\u00bbcenter\u00bb css=\u00bb.vc_custom_1545239911572{margin-bottom: 5px !important;}\u00bb][\/vc_column_inner][vc_column_inner width=\u00bb1\/3&#8243;][vc_single_image image=\u00bb385&#8243; img_size=\u00bbfull\u00bb add_caption=\u00bbyes\u00bb alignment=\u00bbcenter\u00bb css=\u00bb.vc_custom_1545242139865{margin-bottom: 5px !important;}\u00bb][\/vc_column_inner][vc_column_inner width=\u00bb1\/3&#8243;][vc_single_image image=\u00bb290&#8243; img_size=\u00bbfull\u00bb add_caption=\u00bbyes\u00bb alignment=\u00bbcenter\u00bb css=\u00bb.vc_custom_1545242176277{margin-bottom: 5px !important;}\u00bb][\/vc_column_inner][\/vc_row_inner][vc_empty_space height=\u00bb20px\u00bb][\/vc_column][\/vc_row][vc_row][vc_column][vc_column_text]En la historia de esta villa existieron figuras que merecen ser mencionados por lo que significaron para este pueblo.[\/vc_column_text][\/vc_column][\/vc_row][vc_row][vc_column width=\u00bb1\/4&#8243;][vc_single_image image=\u00bb143&#8243; img_size=\u00bbfull\u00bb alignment=\u00bbcenter\u00bb][\/vc_column][vc_column width=\u00bb3\/4&#8243;][vc_column_text]<strong>Pedro Antonio Cervi\u00f1o N\u00fa\u00f1ez<\/strong>,<\/p>\n<p>Naci\u00f3 el 6 de septiembre de 1757 en Santa Mar\u00eda de Moimenta, jurisdicci\u00f3n de Ba\u00f1os, Ayuntamiento de Campo Lameiro. Emigr\u00f3 a Buenos Aires, donde en 1806 ante el posible ataque ingl\u00e9s se crean las Milicias Urbanas, Antonio Cervi\u00f1o funda el \u00abTercio de Voluntarios de Galicia\u00bb, compuesto por cerca de 600 hombres, que defendieron la ciudad que los hab\u00eda acogido.[\/vc_column_text][\/vc_column][vc_column][vc_column_text]Irm\u00e1ns\u00a0<strong>Alberto e Melchor Ricoi<\/strong>:<\/p>\n<p>Nacieron en San Miguel del Campo en el siglo XVIII.<br \/>\nDestacan por contribuir a la historia de la arquitectura gallega con obras como la del Pazo de Rajoi en Santiago de Compostela (1766-1772), las torres del coronamiento Templo Parroquial &#8211; La Iglesia de Santiago de Pontedueme (1763), la direcci\u00f3n de la Iglesia de Muimenta de Pontedueme (1763), la Direcci\u00f3n del Convento de Sobrado en Lugo, &#8230;<\/p>\n<p>En Campo Lameiro construyeron su casa familiar que representar\u00eda sus hechos y su poder,\u00a0<strong>A Casa da Betarra<\/strong>, construida entre 1750-1780, cuenta con m\u00e1s de 20 habitaciones.<\/p>\n<p>Por esta misma actividad destaca\u00a0<strong>Frai Benito Puente<\/strong>,\u00a0vecino de Moimenta. Fue consultado por Casas y Novoa sobre las obras de reconstrucci\u00f3n del Convento de Lourenz\u00e1.[\/vc_column_text][\/vc_column][\/vc_row][vc_row disable_element=\u00bbyes\u00bb][vc_column width=\u00bb1\/3&#8243;][vc_single_image image=\u00bb137&#8243; img_size=\u00bbfull\u00bb alignment=\u00bbcenter\u00bb css=\u00bb.vc_custom_1528407367805{margin-bottom: 5px !important;}\u00bb][vc_column_text]\n<p style=\"text-align: center;\">Sta. Mar\u00eda de As Fragas<\/p>\n<p>[\/vc_column_text][\/vc_column][vc_column width=\u00bb1\/3&#8243;][vc_single_image image=\u00bb138&#8243; img_size=\u00bbfull\u00bb alignment=\u00bbcenter\u00bb css=\u00bb.vc_custom_1528407363222{margin-bottom: 5px !important;}\u00bb][vc_column_text]\n<p style=\"text-align: center;\">San Miguel de O Campo<\/p>\n<p>[\/vc_column_text][\/vc_column][vc_column width=\u00bb1\/3&#8243;][vc_single_image image=\u00bb139&#8243; img_size=\u00bbfull\u00bb alignment=\u00bbcenter\u00bb css=\u00bb.vc_custom_1528407359322{margin-bottom: 5px !important;}\u00bb][vc_column_text]\n<p style=\"text-align: center;\">Sta. Mar\u00eda de Moiment<\/p>\n<p>[\/vc_column_text][\/vc_column][vc_column][vc_column_text]Los progresos en su accesibilidad convirtieron Campo Lameiro en un espacio m\u00e1s del \u00e1rea pontevedresa, que comienza a recuperar poblaci\u00f3n y la revalorizarse como lugar laboral y residencial.<\/p>\n<p>La gran cantidad de piedras grabadas y la riqueza de los motivos, hacen de este ayuntamiento la <strong>Capital del Arte Rupestre.<\/strong>[\/vc_column_text][\/vc_column][vc_column][vc_empty_space height=\u00bb20px\u00bb][vc_custom_heading text=\u00bbPersoeiros\u00bb font_container=\u00bbtag:h3|text_align:left\u00bb google_fonts=\u00bbfont_family:Roboto%20Slab%3A100%2C300%2Cregular%2C700|font_style:700%20bold%20regular%3A700%3Anormal\u00bb][\/vc_column][\/vc_row][vc_row disable_element=\u00bbyes\u00bb][vc_column width=\u00bb1\/4&#8243;][vc_single_image image=\u00bb144&#8243; img_size=\u00bbfull\u00bb alignment=\u00bbcenter\u00bb][\/vc_column][vc_column width=\u00bb3\/4&#8243;][vc_column_text]Los hirm\u00e1ns <strong>Alberto y Melchor Ricoi<\/strong>, nacieron en San Miguel del Campo en el siglo XVIII.<\/p>\n<p>Destacan por contribuir a la historia de la arquitectura gallega con obras como la del Pazo de Rajoi en Santiago de Compostela (1766-1772), las torres del coronamiento Templo Parroquial &#8211; La Iglesia de Santiago de Pontedueme (1763), la direcci\u00f3n de la Iglesia de Muimenta de Pontedueme (1763), la Direcci\u00f3n del Convento de Sobrado en Lugo,&#8230;[\/vc_column_text][\/vc_column][vc_column][vc_column_text]En Campo Lameiro construyeron su casa familiar que representar\u00eda sus hechos y su poder,\u00a0<strong>A Casa da Betarra<\/strong>, construida entre 1750-1780, cuenta con m\u00e1s de 20 habitaciones.<\/p>\n<p>Por esta misma actividad destaca\u00a0<strong>Frai Benito Puente<\/strong>,\u00a0vecino de Moimenta. Fue consultado por Casas y Novoa sobre las obras de reconstrucci\u00f3n del Convento de Lourenz\u00e1.[\/vc_column_text][\/vc_column][\/vc_row]\n<\/div>","protected":false},"excerpt":{"rendered":"<p>[vc_row][vc_column][vc_column_text]Campo Lameiro\u00a0tiene una parte importante de su historia grabada en piedra, en forma de petroglifos. Sus importantes restos arqueol\u00f3xicos hablan de la antigua ocupaci\u00f3n del municipio, datada en torno el a\u00f1o\u00a03200 antes de Cristo.\u00a0 La gran cantidad de piedras grabadas y la riqueza de los motivos, hacen de este ayuntamiento la\u00a0Capital del Arte Rupestre. Campo [&hellip;]<\/p>\n","protected":false},"author":1,"featured_media":0,"parent":0,"menu_order":0,"comment_status":"closed","ping_status":"closed","template":"","meta":{"footnotes":""},"aioseo_notices":[],"_links":{"self":[{"href":"https:\/\/campolameiro.org\/es\/wp-json\/wp\/v2\/pages\/128"}],"collection":[{"href":"https:\/\/campolameiro.org\/es\/wp-json\/wp\/v2\/pages"}],"about":[{"href":"https:\/\/campolameiro.org\/es\/wp-json\/wp\/v2\/types\/page"}],"author":[{"embeddable":true,"href":"https:\/\/campolameiro.org\/es\/wp-json\/wp\/v2\/users\/1"}],"replies":[{"embeddable":true,"href":"https:\/\/campolameiro.org\/es\/wp-json\/wp\/v2\/comments?post=128"}],"version-history":[{"count":16,"href":"https:\/\/campolameiro.org\/es\/wp-json\/wp\/v2\/pages\/128\/revisions"}],"predecessor-version":[{"id":1746,"href":"https:\/\/campolameiro.org\/es\/wp-json\/wp\/v2\/pages\/128\/revisions\/1746"}],"wp:attachment":[{"href":"https:\/\/campolameiro.org\/es\/wp-json\/wp\/v2\/media?parent=128"}],"curies":[{"name":"wp","href":"https:\/\/api.w.org\/{rel}","templated":true}]}}