{"id":1213,"date":"2018-07-24T12:45:41","date_gmt":"2018-07-24T10:45:41","guid":{"rendered":"https:\/\/campolameiro.org\/contratos-menores\/"},"modified":"2022-10-07T13:56:56","modified_gmt":"2022-10-07T11:56:56","slug":"contratos-menores","status":"publish","type":"page","link":"https:\/\/campolameiro.org\/es\/contratos-menores\/","title":{"rendered":"Contratos menores"},"content":{"rendered":"<div class=\"wpb-content-wrapper\"><p>[vc_row][vc_column][vc_column_text]<strong>CONTRATOS MENORES DE OBRAS 2022<br \/>\n<\/strong><\/p>\n<p>Descargar: <a href=\"https:\/\/campolameiro.org\/wp-content\/uploads\/2022\/10\/20221007102647.pdf\">20221007102647.PDF<\/a>[\/vc_column_text][vc_separator][\/vc_column][\/vc_row][vc_row][vc_column][vc_column_text]<strong>RESUMEN DOS \u00daLTIMOS CONTRATOS ADXUDICADOS POLO CONCELLO DE CAMPO LAMEIRO<\/strong><\/p>\n<p>Descargar: <a href=\"https:\/\/campolameiro.org\/wp-content\/uploads\/2021\/03\/resumen_contratos_campo_lameiro.pdf\">resumen_contratos_campo_lameiro.pdf<\/a>[\/vc_column_text][vc_separator][\/vc_column][\/vc_row][vc_row][vc_column][vc_column_text]<strong>OBRAS EXECUTADAS NESTE ANO 2020<\/strong><\/p>\n<p>Descargar: <a href=\"https:\/\/campolameiro.org\/wp-content\/uploads\/2020\/11\/20201117124133.pdf\">obras.pdf<\/a>[\/vc_column_text][vc_separator][\/vc_column][\/vc_row][vc_row][vc_column][vc_column_text]ADXUDICACI\u00d3N DA OBRA \u00abADECENTAMENTO DO ENTORNO DO CONXUNTO DE H\u00d3RREOS E HUMANIZACI\u00d3N DO ACCESO \u00d3 N\u00daCLEO DE PARADA\u00bb<\/p>\n<p>Data da publicaci\u00f3n na web: 07\/11\/2019<\/p>\n<p><a href=\"https:\/\/campolameiro.org\/wp-content\/uploads\/2019\/11\/ACORDO-ADJUDICACI\u00d3N-OBRA-ADECENTAMENTO-DO-ENTORNO-DO-CONXUNTO-DE-H\u00d3RREOS-E-HUMANIZACI\u00d3N-DO-ACCESO-\u00d3-N\u00daCLEO-DE-PARADA.pdf\">ACORDO ADJUDICACI\u00d3N OBRA ADECENTAMENTO DO ENTORNO DO CONXUNTO DE H\u00d3RREOS E HUMANIZACI\u00d3N DO ACCESO \u00d3 N\u00daCLEO DE PARADA<\/a>[\/vc_column_text][\/vc_column][vc_column][vc_column_text]Adxudicaci\u00f3n obra:\u00a0 REFORZO DE PAVIMENTO EN SUBIDA DO DEP\u00d3SITO DE AUGA A CARRETERA SAN ANTONI\u00d1O EN CAMPO LAMEIRO<\/p>\n<p>Data da publicaci\u00f3n na web: 12\/08\/2019<\/p>\n<p><a href=\"https:\/\/campolameiro.org\/wp-content\/uploads\/2019\/08\/ACORDO-ADXUDICACI\u00d3N-DA-OBRA-DE-REFORZO-DE-PAVIMENTO-EN-SUBIDA-DEP\u00d3SITO-DE-AUGA-A-CARRETERA-SAN-ANTONI\u00d1O.pdf\">ACORDO ADXUDICACI\u00d3N DA OBRA DE REFORZO DE PAVIMENTO EN SUBIDA DEP\u00d3SITO DE AUGA A CARRETERA SAN ANTONI\u00d1O<\/a> (publicaci\u00f3n web 12\/08\/19)[\/vc_column_text][\/vc_column][vc_column][vc_column_text]Adxudicaci\u00f3n obra : REFORZO PAVIMENTO CAMI\u00d1OS REBOREDO, REDONDE E PRADERREY<\/p>\n<p>Data da publicaci\u00f3n na web: 31\/07\/2019<\/p>\n<p><a href=\"https:\/\/campolameiro.org\/wp-content\/uploads\/2019\/07\/Acordo-adxudicaci\u00f3n-obra-Reforzo-pavimento-cami\u00f1os-Reboredo-Redonde-e-Praderrey.pdf\">Acordo adxudicaci\u00f3n obra Reforzo pavimento cami\u00f1os Reboredo, Redonde e Praderrey<\/a> (publicaci\u00f3n web 31\/07\/19)[\/vc_column_text][vc_column_text]Adxudicaci\u00f3n obra: <strong>MELLORA DE SISTEMA DE DEPURACI\u00d3N EN LAXE II<\/strong><\/p>\n<p>Data da publicaci\u00f3n na web: 14\/08\/2018<\/p>\n<p><a href=\"https:\/\/campolameiro.org\/wp-content\/uploads\/2018\/08\/20180806_acordo-adxudicaci\u00f3n-da-obra-LAXE-II-4.pdf\">Acordo adxudicaci\u00f3n da obra LAXE II<\/a>\u00a0<strong>(publicaci\u00f3n web 14\/08\/18)<\/strong>[\/vc_column_text][vc_separator][vc_column_text]Adxudicaci\u00f3n obra <strong>REFORZO CAPA RODADURA DO FIRME DOS CAMI\u00d1OS DE COUSO, ARMONDA 1-2, PAINCEIROS E LI\u00d1ARES<\/strong><\/p>\n<p>Data de publicaci\u00f3n web: 24\/07\/18<\/p>\n<p><strong>&gt;&gt; <a href=\"https:\/\/campolameiro.org\/wp-content\/uploads\/2018\/07\/20180723190609.pdf\" target=\"_blank\" rel=\"noopener\">Anuncio adxudicaci\u00f3n<\/a> (publicaci\u00f3n web: 24\/07\/18)<\/strong>[\/vc_column_text][vc_column_text]Adxudicaci\u00f3n obra:\u00a0 REFORZO DO PAVIMENTO CAMI\u00d1O DE CONLA<\/p>\n<p>Data de publicaci\u00f3n na Web: 30\/04\/19<\/p>\n<p><a href=\"https:\/\/campolameiro.org\/wp-content\/uploads\/2019\/04\/ADXUDICACI\u00d3N-DA-OBRA-DE-REFORZO-DO-PAVIMENTO-CAMI\u00d1O-DE-CONLA.pdf\">ADXUDICACI\u00d3N DA OBRA DE REFORZO DO PAVIMENTO CAMI\u00d1O DE CONLA<\/a>[\/vc_column_text][vc_column_text]Adxudicaci\u00f3n obra:\u00a0OBRA DE MUROS DE PARADA<\/p>\n<p>Data de publicaci\u00f3n na web: 30\/04\/2019<\/p>\n<p><a href=\"https:\/\/campolameiro.org\/wp-content\/uploads\/2019\/04\/ADXUDICACI\u00d3N-DA-OBRA-DE-MUROS-DE-PARADA.pdf\">ADXUDICACI\u00d3N DA OBRA DE MUROS DE PARADA<\/a>[\/vc_column_text][\/vc_column][\/vc_row]\n<\/div>","protected":false},"excerpt":{"rendered":"<p>[vc_row][vc_column][vc_column_text]CONTRATOS MENORES DE OBRAS 2022 Descargar: 20221007102647.PDF[\/vc_column_text][vc_separator][\/vc_column][\/vc_row][vc_row][vc_column][vc_column_text]RESUMEN DOS \u00daLTIMOS CONTRATOS ADXUDICADOS POLO CONCELLO DE CAMPO LAMEIRO Descargar: resumen_contratos_campo_lameiro.pdf[\/vc_column_text][vc_separator][\/vc_column][\/vc_row][vc_row][vc_column][vc_column_text]OBRAS EXECUTADAS NESTE ANO 2020 Descargar: obras.pdf[\/vc_column_text][vc_separator][\/vc_column][\/vc_row][vc_row][vc_column][vc_column_text]ADXUDICACI\u00d3N DA OBRA \u00abADECENTAMENTO DO ENTORNO DO CONXUNTO DE H\u00d3RREOS E HUMANIZACI\u00d3N DO ACCESO \u00d3 N\u00daCLEO DE PARADA\u00bb Data da publicaci\u00f3n na web: 07\/11\/2019 ACORDO ADJUDICACI\u00d3N OBRA ADECENTAMENTO DO ENTORNO DO CONXUNTO [&hellip;]<\/p>\n","protected":false},"author":8,"featured_media":0,"parent":0,"menu_order":0,"comment_status":"closed","ping_status":"closed","template":"","meta":{"footnotes":""},"aioseo_notices":[],"_links":{"self":[{"href":"https:\/\/campolameiro.org\/es\/wp-json\/wp\/v2\/pages\/1213"}],"collection":[{"href":"https:\/\/campolameiro.org\/es\/wp-json\/wp\/v2\/pages"}],"about":[{"href":"https:\/\/campolameiro.org\/es\/wp-json\/wp\/v2\/types\/page"}],"author":[{"embeddable":true,"href":"https:\/\/campolameiro.org\/es\/wp-json\/wp\/v2\/users\/8"}],"replies":[{"embeddable":true,"href":"https:\/\/campolameiro.org\/es\/wp-json\/wp\/v2\/comments?post=1213"}],"version-history":[{"count":9,"href":"https:\/\/campolameiro.org\/es\/wp-json\/wp\/v2\/pages\/1213\/revisions"}],"predecessor-version":[{"id":6168,"href":"https:\/\/campolameiro.org\/es\/wp-json\/wp\/v2\/pages\/1213\/revisions\/6168"}],"wp:attachment":[{"href":"https:\/\/campolameiro.org\/es\/wp-json\/wp\/v2\/media?parent=1213"}],"curies":[{"name":"wp","href":"https:\/\/api.w.org\/{rel}","templated":true}]}}