{"id":113,"date":"2018-06-07T22:16:19","date_gmt":"2018-06-07T20:16:19","guid":{"rendered":"https:\/\/campolameiro.org\/?page_id=113"},"modified":"2020-08-18T16:58:24","modified_gmt":"2020-08-18T14:58:24","slug":"cookies","status":"publish","type":"page","link":"https:\/\/campolameiro.org\/es\/cookies\/","title":{"rendered":"Cookies"},"content":{"rendered":"<h4><strong>a) Utilizaci\u00f3n de Cookies:<\/strong><\/h4>\n<p>Este sitio Web utiliza \u00a8Cookies\u00a8 propias, de terceros y otros mecanismos similares (en adelante, Cookies). Las Cookies son ficheros enviados a un navegador por medio de un servidor Web para registrar las actividades del Usuario en una Web determinada (en adelante, los Servicios). La primera finalidad de las Cookies es la de facilitar al Usuario un acceso m\u00e1s r\u00e1pido a los Servicios seleccionados. Adem\u00e1s, las Cookies personalizan los Servicios, facilitando y ofreciendo a cada Usuario informaci\u00f3n que es de su inter\u00e9s o que puede ser de su inter\u00e9s, en atenci\u00f3n al uso que realiza de los Servicios.<\/p>\n<p>Se utilizan Cookies para personalizar y facilitar al m\u00e1ximo la navegaci\u00f3n del Usuario. Las Cookies se asocian \u00fanicamente a un Usuario an\u00f3nimo y su ordenador y no proporcionan referencias que permitan deducir datos personales del Usuario. El Usuario podr\u00e1 configurar su navegador para que notifique y rechace la instalaci\u00f3n de las Cookies enviadas, sin que ello perjudique la posibilidad del Usuario de acceder a los Contenidos. Sin embargo, le hacemos notar que, en todo caso, la calidad de funcionamiento de la p\u00e1gina Web puede disminuir.<\/p>\n<h4><strong>b) Tipolog\u00eda, finalidad y funcionamiento de las Cookies:<\/strong><\/h4>\n<p>Las Cookies, en funci\u00f3n de su permanencia, pueden dividirse en Cookies de sesi\u00f3n o permanentes. Las primeras expiran cuando el Usuario cierra el navegador. Las segundas expiran en funci\u00f3n cuando se cumpla el objetivo para el que sirven o bien cuando se borran manualmente.<\/p>\n<p>Tambi\u00e9n se pueden clasificar como Cookies propias o de terceros. Son propias cuando las Cookies se gestionan desde el terminal o dominio de un mismo editor. De terceros, cuando no las env\u00eda el propio editor, sino por otra entidad.<\/p>\n<p>Adicionalmente, en funci\u00f3n de su objetivo, las Cookies puedes clasificarse de la siguiente forma:<\/p>\n<ul>\n<li><strong>Cookies anal\u00edticas.-<\/strong> Recogen informaci\u00f3n para evaluar el uso que usted hace de la Web y la actividad general de la misma. La anal\u00edtica de la Web es la medida, recolecci\u00f3n, an\u00e1lisis y creaci\u00f3n de informes de los datos de Internet con el prop\u00f3sito de entender y optimizar el uso de sitio Web.<\/li>\n<li><strong>Cookies sociales.-<\/strong> Las Cookies sociales son necesarias para las redes sociales externas (Facebook, Google, Twitter, Pinterest, Discus, etc\u2026). Su funci\u00f3n es controlar la interacci\u00f3n con los widgets sociales dentro de la p\u00e1gina.<\/li>\n<li><strong>Cookies t\u00e9cnicas.-<\/strong> Estrictamente necesarias para el uso de este sitio Web, permiten al usuario la navegaci\u00f3n a trav\u00e9s de la p\u00e1gina Web o aplicaci\u00f3n y la utilizaci\u00f3n de las diferentes opciones o servicios que en ella existen.<\/li>\n<li><strong>Cookies de personalizaci\u00f3n.-<\/strong> Son aqu\u00e9llas que permiten al usuario acceder al servicio con algunas caracter\u00edsticas de car\u00e1cter general predefinidas en su terminal o que el propio usuario defina. Por ejemplo, el idioma, el tipo de navegador a trav\u00e9s del cual accede al servicio, el dise\u00f1o de contenidos seleccionado, geolocalizaci\u00f3n del terminal y la configuraci\u00f3n regional desde donde se accede al servicio.<\/li>\n<li><strong>Cookies de terceros.<\/strong>&#8211; En algunas p\u00e1ginas Web se pueden instalar Cookies de terceros que permiten gestionar y mejorar los servicios ofrecidos.<\/li>\n<\/ul>\n<p>Importante: Salvo que el Usuario decida registrarse en un Servicio, la \u201cCookie\u201d nunca ir\u00e1 asociada a ning\u00fan dato de car\u00e1cter personal que pueda identificarle. Dichas Cookies s\u00f3lo ser\u00e1n utilizadas con prop\u00f3sitos estad\u00edsticos que ayuden a la optimizaci\u00f3n de la experiencia de los Usuarios en el sitio.<\/p>\n<h4><strong>c) Cookies utilizadas en este sitio Web<\/strong><\/h4>\n<table style=\"border-collapse: collapse; width: 100%; height: 96px;\" border=\"1\">\n<tbody>\n<tr style=\"height: 24px;\">\n<td style=\"width: 25%; height: 24px; text-align: center;\"><strong>Nombre<\/strong><\/td>\n<td style=\"width: 25%; height: 24px; text-align: center;\"><strong>Tipo \/ De quien<\/strong><\/td>\n<td style=\"width: 25%; height: 24px; text-align: center;\"><strong>Temporalidad<\/strong><\/td>\n<td style=\"width: 25%; height: 24px; text-align: center;\"><strong>Finalidad<\/strong><\/td>\n<\/tr>\n<tr style=\"height: 24px;\">\n<td style=\"width: 25%; height: 24px; text-align: center;\">1P_JAR<\/td>\n<td style=\"width: 25%; height: 24px; text-align: center;\">Anal\u00edtica\/ Google.com<\/td>\n<td style=\"width: 25%; height: 24px; text-align: center;\">1 mes<\/td>\n<td style=\"width: 25%; height: 24px; text-align: center;\">Transferir datos a Google. Estas Cookies se usan para recopilar estad\u00edsticas del sitio Web y rastrear las tasas de conversi\u00f3n.<\/td>\n<\/tr>\n<tr style=\"height: 24px;\">\n<td style=\"width: 25%; height: 24px; text-align: center;\">CONSENT<\/td>\n<td style=\"width: 25%; height: 24px; text-align: center;\">Anal\u00edtica\/ Google.com<\/td>\n<td style=\"width: 25%; height: 24px; text-align: center;\">20 a\u00f1os<\/td>\n<td style=\"width: 25%; height: 24px; text-align: center;\">Transferir datos a Google. Estas Cookies se usan para recopilar estad\u00edsticas del sitio Web y rastrear las tasas de conversi\u00f3n.<\/td>\n<\/tr>\n<tr style=\"height: 24px;\">\n<td style=\"width: 25%; height: 24px; text-align: center;\">euCookie<\/td>\n<td style=\"width: 25%; height: 24px; text-align: center;\">Propia<\/td>\n<td style=\"width: 25%; height: 24px; text-align: center;\">2 meses<\/td>\n<td style=\"width: 25%; height: 24px; text-align: center;\">No definida<\/td>\n<\/tr>\n<\/tbody>\n<\/table>\n<p>La informaci\u00f3n obtenida a trav\u00e9s de estas Cookies, referida al equipo del usuario, podr\u00e1 ser combinada con sus datos personales s\u00f3lo si Ud. est\u00e1 registrado en este sitio Web.<\/p>\n<h4><strong>d) C\u00f3mo deshabilitar las Cookies en los principales navegadores<\/strong><\/h4>\n<p>Normalmente es posible dejar de aceptar las Cookies del navegador, o dejar de aceptar las Cookies de un Servicio en particular.<\/p>\n<p>Todos los navegadores modernos permiten cambiar la configuraci\u00f3n de Cookies. Estos ajustes normalmente se encuentran en las \u2018opciones\u2019 o \u2018preferencias\u2019 del men\u00fa de su navegador. Asimismo, puede configurar su navegador o su gestor de correo electr\u00f3nico, as\u00ed como instalar complementos gratuitos para evitar que se descarguen los Web Bugs al abrir un email.<\/p>\n<p>Configuraci\u00f3n de las Cookies y, en su caso, de la navegaci\u00f3n privada en cada uno de los navegadores principales:<\/p>\n<ul>\n<li><strong>Internet Explorer:<\/strong> Herramientas -&gt; Opciones de Internet -&gt; Privacidad -&gt; Configuraci\u00f3n.<br \/>\nPara m\u00e1s informaci\u00f3n, puede consultar el soporte de Microsoft o la Ayuda del navegador.<\/li>\n<li><strong>Firefox:<\/strong> Herramientas -&gt; Opciones -&gt; Privacidad -&gt; Historial -&gt; Configuraci\u00f3n Personalizada.<br \/>\nPara m\u00e1s informaci\u00f3n, puede consultar el soporte de Mozilla o la Ayuda del navegador.<\/li>\n<li><strong>Chrome:<\/strong> Configuraci\u00f3n -&gt; Mostrar opciones avanzadas -&gt; Privacidad -&gt; Configuraci\u00f3n de contenido.<br \/>\nPara m\u00e1s informaci\u00f3n, puede consultar el soporte de Google o la Ayuda del navegador.<\/li>\n<li><strong>Safari:<\/strong> Preferencias -&gt; Seguridad.<br \/>\nPara m\u00e1s informaci\u00f3n, puede consultar el soporte de Apple o la Ayuda del navegador.<\/li>\n<\/ul>\n<p>Adem\u00e1s, tambi\u00e9n puede gestionar el almac\u00e9n de Cookies en su navegador a trav\u00e9s de herramientas como las siguientes:<\/p>\n<ul>\n<li>Ghostery: www.ghostery.com\/<\/li>\n<li>Your online choices: www.youronlinechoices.com\/es\/<\/li>\n<\/ul>\n<h4><strong>e) Qu\u00e9 ocurre si se deshabilitan las Cookies:<\/strong><\/h4>\n<p>Algunas funcionalidades de los servicios quedar\u00e1n deshabilitados como, por ejemplo, permanecer identificado, mantener las compras en el \u201ccarrito de la compra\u201d en un servicio de e-commerce, recibir informaci\u00f3n dirigida a su localizaci\u00f3n o la visualizaci\u00f3n de algunos v\u00eddeos.<\/p>\n<h4><strong>f) Actualizaciones y cambios en la Pol\u00edtica de Cookies:<\/strong><\/h4>\n<p>La entidad puede modificar esta Pol\u00edtica de Cookies en funci\u00f3n de exigencias legislativas, reglamentarias, o con la finalidad de adaptar dicha pol\u00edtica a las instrucciones dictadas por la Agencia Espa\u00f1ola de Protecci\u00f3n de Datos, por ello se aconseja a los Usuarios que la visiten peri\u00f3dicamente.<\/p>\n","protected":false},"excerpt":{"rendered":"<p>a) Utilizaci\u00f3n de Cookies: Este sitio Web utiliza \u00a8Cookies\u00a8 propias, de terceros y otros mecanismos similares (en adelante, Cookies). Las Cookies son ficheros enviados a un navegador por medio de un servidor Web para registrar las actividades del Usuario en una Web determinada (en adelante, los Servicios). La primera finalidad de las Cookies es la [&hellip;]<\/p>\n","protected":false},"author":1,"featured_media":0,"parent":0,"menu_order":0,"comment_status":"closed","ping_status":"closed","template":"","meta":{"footnotes":""},"aioseo_notices":[],"_links":{"self":[{"href":"https:\/\/campolameiro.org\/es\/wp-json\/wp\/v2\/pages\/113"}],"collection":[{"href":"https:\/\/campolameiro.org\/es\/wp-json\/wp\/v2\/pages"}],"about":[{"href":"https:\/\/campolameiro.org\/es\/wp-json\/wp\/v2\/types\/page"}],"author":[{"embeddable":true,"href":"https:\/\/campolameiro.org\/es\/wp-json\/wp\/v2\/users\/1"}],"replies":[{"embeddable":true,"href":"https:\/\/campolameiro.org\/es\/wp-json\/wp\/v2\/comments?post=113"}],"version-history":[{"count":7,"href":"https:\/\/campolameiro.org\/es\/wp-json\/wp\/v2\/pages\/113\/revisions"}],"predecessor-version":[{"id":4357,"href":"https:\/\/campolameiro.org\/es\/wp-json\/wp\/v2\/pages\/113\/revisions\/4357"}],"wp:attachment":[{"href":"https:\/\/campolameiro.org\/es\/wp-json\/wp\/v2\/media?parent=113"}],"curies":[{"name":"wp","href":"https:\/\/api.w.org\/{rel}","templated":true}]}}